{"id":68887,"date":"2026-01-25T18:49:28","date_gmt":"2026-01-25T17:49:28","guid":{"rendered":"https:\/\/mainded.com\/p\/jogok-100-000-digitlis-termkhez-tmutat\/"},"modified":"2026-01-28T19:03:54","modified_gmt":"2026-01-28T18:03:54","slug":"jogok-100-000-digitlis-termkhez-tmutat","status":"publish","type":"product","link":"https:\/\/mainded.com\/ro\/p\/jogok-100-000-digitlis-termkhez-tmutat\/","title":{"rendered":"Jogok 100 000 digit\u00e1lis term\u00e9khez + \u00datmutat\u00f3"},"content":{"rendered":"","protected":false},"excerpt":{"rendered":"","protected":false},"featured_media":68899,"comment_status":"open","ping_status":"closed","template":"","meta":[],"product_brand":[],"product_cat":[105],"product_tag":[],"class_list":{"0":"post-68887","1":"product","2":"type-product","3":"status-publish","4":"has-post-thumbnail","6":"product_cat-nezarazene","8":"first","9":"instock","10":"sale","11":"downloadable","12":"virtual","13":"sold-individually","14":"purchasable","15":"product-type-simple"},"_links":{"self":[{"href":"https:\/\/mainded.com\/ro\/wp-json\/wp\/v2\/product\/68887","targetHints":{"allow":["GET"]}}],"collection":[{"href":"https:\/\/mainded.com\/ro\/wp-json\/wp\/v2\/product"}],"about":[{"href":"https:\/\/mainded.com\/ro\/wp-json\/wp\/v2\/types\/product"}],"replies":[{"embeddable":true,"href":"https:\/\/mainded.com\/ro\/wp-json\/wp\/v2\/comments?post=68887"}],"wp:featuredmedia":[{"embeddable":true,"href":"https:\/\/mainded.com\/ro\/wp-json\/wp\/v2\/media\/68899"}],"wp:attachment":[{"href":"https:\/\/mainded.com\/ro\/wp-json\/wp\/v2\/media?parent=68887"}],"wp:term":[{"taxonomy":"product_brand","embeddable":true,"href":"https:\/\/mainded.com\/ro\/wp-json\/wp\/v2\/product_brand?post=68887"},{"taxonomy":"product_cat","embeddable":true,"href":"https:\/\/mainded.com\/ro\/wp-json\/wp\/v2\/product_cat?post=68887"},{"taxonomy":"product_tag","embeddable":true,"href":"https:\/\/mainded.com\/ro\/wp-json\/wp\/v2\/product_tag?post=68887"}],"curies":[{"name":"wp","href":"https:\/\/api.w.org\/{rel}","templated":true}]}}