{"id":35014,"date":"2024-12-28T16:44:44","date_gmt":"2024-12-28T15:44:44","guid":{"rendered":"https:\/\/mainded.com\/?post_type=product&#038;p=35014"},"modified":"2025-08-12T12:00:37","modified_gmt":"2025-08-12T11:00:37","slug":"femme-fatale","status":"publish","type":"product","link":"https:\/\/mainded.com\/ro\/p\/femme-fatale\/","title":{"rendered":"Femeie fatal\u0103"},"content":{"rendered":"","protected":false},"excerpt":{"rendered":"<p>Acest lucru te va ajuta s\u0103 atragi orice b\u0103rbat \u0219i s\u0103 construie\u0219ti rela\u021bia visurilor tale!<br \/>\nOb\u021bine\u021bi un avantaj neloial care v\u0103 va face mai bun cu b\u0103rba\u021bii dec\u00e2t 99% cu femeile.<\/p>\n<p>E\u0219ti la doar un pas distan\u021b\u0103 de o transformare complet\u0103 a vie\u021bii tale. Zilele tale vor fi pline de iubire \u0219i fericire. Acest ghid \u00ee\u021bi va debloca alura interioar\u0103, pe care o posed\u0103 fiecare femeie, \u0219i \u00ee\u021bi va spori semnificativ \u00eencrederea \u00een tine!<\/p>\n<p>Dac\u0103 nu ac\u021bionezi acum, via\u021ba \u00ee\u021bi va sc\u0103pa printre degete \u00eenainte s\u0103-\u021bi dai seama. Vei risca s\u0103 ajungi cu partenerul nepotrivit - sau singur - \u0219i s-ar putea s\u0103 fie prea t\u00e2rziu s\u0103 te mai schimbi. Chiar vrei s\u0103-\u021bi irose\u0219ti via\u021ba?<\/p>\n<p>Este nevoie doar de c\u00e2teva schimb\u0103ri \u0219i po\u021bi avea o via\u021b\u0103 amoroas\u0103 mai bun\u0103 dec\u00e2t 99% de femei. Spune adio singur\u0103t\u0103\u021bii, infidelit\u0103\u021bii, stimei de sine sc\u0103zute \u0219i inimii fr\u00e2nte. E\u0219ti gata s\u0103 faci primul pas?<\/p>","protected":false},"featured_media":35015,"comment_status":"open","ping_status":"closed","template":"","meta":[],"product_brand":[],"product_cat":[105,211],"product_tag":[],"class_list":{"0":"post-35014","1":"product","2":"type-product","3":"status-publish","4":"has-post-thumbnail","6":"product_cat-nezarazene","7":"product_cat-na-miru","9":"first","10":"instock","11":"sale","12":"downloadable","13":"virtual","14":"purchasable","15":"product-type-simple"},"_links":{"self":[{"href":"https:\/\/mainded.com\/ro\/wp-json\/wp\/v2\/product\/35014","targetHints":{"allow":["GET"]}}],"collection":[{"href":"https:\/\/mainded.com\/ro\/wp-json\/wp\/v2\/product"}],"about":[{"href":"https:\/\/mainded.com\/ro\/wp-json\/wp\/v2\/types\/product"}],"replies":[{"embeddable":true,"href":"https:\/\/mainded.com\/ro\/wp-json\/wp\/v2\/comments?post=35014"}],"wp:featuredmedia":[{"embeddable":true,"href":"https:\/\/mainded.com\/ro\/wp-json\/wp\/v2\/media\/35015"}],"wp:attachment":[{"href":"https:\/\/mainded.com\/ro\/wp-json\/wp\/v2\/media?parent=35014"}],"wp:term":[{"taxonomy":"product_brand","embeddable":true,"href":"https:\/\/mainded.com\/ro\/wp-json\/wp\/v2\/product_brand?post=35014"},{"taxonomy":"product_cat","embeddable":true,"href":"https:\/\/mainded.com\/ro\/wp-json\/wp\/v2\/product_cat?post=35014"},{"taxonomy":"product_tag","embeddable":true,"href":"https:\/\/mainded.com\/ro\/wp-json\/wp\/v2\/product_tag?post=35014"}],"curies":[{"name":"wp","href":"https:\/\/api.w.org\/{rel}","templated":true}]}}