{"id":35012,"date":"2024-12-28T16:43:18","date_gmt":"2024-12-28T15:43:18","guid":{"rendered":"https:\/\/mainded.com\/?post_type=product&#038;p=35012"},"modified":"2025-02-07T13:38:21","modified_gmt":"2025-02-07T12:38:21","slug":"internet-21","status":"publish","type":"product","link":"https:\/\/mainded.com\/ro\/p\/internet-21\/","title":{"rendered":"Internet 21"},"content":{"rendered":"","protected":false},"excerpt":{"rendered":"<p>\u0218tiai c\u0103 exist\u0103 modalit\u0103\u021bi simple de a face bani online? Noi am g\u0103sit 21 doar pentru tine...<\/p>\n<p>Te-ai s\u0103turat s\u0103 munce\u0219ti din greu \u0219i s\u0103 nu fii recompensat corect? Cu aceast\u0103 carte electronic\u0103, ve\u021bi descoperi secretele care v\u0103 permit s\u0103 v\u0103 transforma\u021bi timpul petrecut online \u00een bani reali! Nu a\u0219tepta\u021bi un miracol - aceste metode dovedite func\u021bioneaz\u0103 \u0219i sunt preg\u0103tite pentru cei hot\u0103r\u00e2\u021bi s\u0103 reu\u0219easc\u0103. Fiecare zi \u00een care nu folosi\u021bi informa\u021biile din aceast\u0103 carte electronic\u0103 este o alt\u0103 zi \u00een care libertatea financiar\u0103 v\u0103 scap\u0103 printre degete.<\/p>\n<p>V\u0103 vom dezv\u0103lui 21 de modalit\u0103\u021bi de a v\u0103 cre\u0219te cu u\u0219urin\u021b\u0103 veniturile online. Cea mai bun\u0103 parte? Nu ave\u021bi nevoie de experien\u021b\u0103 anterioar\u0103 sau de o investi\u021bie mare - majoritatea metodelor pot fi \u00eencercate cu costuri mici sau chiar deloc.<\/p>\n<p>Afla\u021bi cum s\u0103 valorifica\u021bi inteligen\u021ba artificial\u0103, arbitrajul \u0219i diverse site-uri \u0219i aplica\u021bii \u00een avantajul dumneavoastr\u0103!<\/p>\n<p>\u2705 Ob\u021bine\u021bi mai mult\u0103 libertate<br \/>\n\u2705 \u00cencepe\u021bi ast\u0103zi<br \/>\n\u2705 Pute\u021bi \u00eencepe gratuit<\/p>","protected":false},"featured_media":35013,"comment_status":"open","ping_status":"closed","template":"","meta":[],"product_brand":[],"product_cat":[105,211],"product_tag":[],"class_list":{"0":"post-35012","1":"product","2":"type-product","3":"status-publish","4":"has-post-thumbnail","6":"product_cat-nezarazene","7":"product_cat-na-miru","9":"first","10":"instock","11":"sale","12":"downloadable","13":"virtual","14":"purchasable","15":"product-type-simple"},"_links":{"self":[{"href":"https:\/\/mainded.com\/ro\/wp-json\/wp\/v2\/product\/35012","targetHints":{"allow":["GET"]}}],"collection":[{"href":"https:\/\/mainded.com\/ro\/wp-json\/wp\/v2\/product"}],"about":[{"href":"https:\/\/mainded.com\/ro\/wp-json\/wp\/v2\/types\/product"}],"replies":[{"embeddable":true,"href":"https:\/\/mainded.com\/ro\/wp-json\/wp\/v2\/comments?post=35012"}],"wp:featuredmedia":[{"embeddable":true,"href":"https:\/\/mainded.com\/ro\/wp-json\/wp\/v2\/media\/35013"}],"wp:attachment":[{"href":"https:\/\/mainded.com\/ro\/wp-json\/wp\/v2\/media?parent=35012"}],"wp:term":[{"taxonomy":"product_brand","embeddable":true,"href":"https:\/\/mainded.com\/ro\/wp-json\/wp\/v2\/product_brand?post=35012"},{"taxonomy":"product_cat","embeddable":true,"href":"https:\/\/mainded.com\/ro\/wp-json\/wp\/v2\/product_cat?post=35012"},{"taxonomy":"product_tag","embeddable":true,"href":"https:\/\/mainded.com\/ro\/wp-json\/wp\/v2\/product_tag?post=35012"}],"curies":[{"name":"wp","href":"https:\/\/api.w.org\/{rel}","templated":true}]}}