{"id":35010,"date":"2024-12-28T16:37:43","date_gmt":"2024-12-28T15:37:43","guid":{"rendered":"https:\/\/mainded.com\/?post_type=product&#038;p=35010"},"modified":"2025-02-06T15:58:46","modified_gmt":"2025-02-06T14:58:46","slug":"womanizer","status":"publish","type":"product","link":"https:\/\/mainded.com\/ro\/p\/womanizer\/","title":{"rendered":"Womanizer"},"content":{"rendered":"","protected":false},"excerpt":{"rendered":"<p>\u0218tia\u021bi c\u0103, cu aceste metode, ve\u021bi avea mai mult succes la femei dec\u00e2t 99% dintre b\u0103rba\u021bi?<br \/>\nFii b\u0103rbatul la care femeile nu se pot opri s\u0103 se g\u00e2ndeasc\u0103.<\/p>\n<p>Deveni\u021bi un magnet pentru femei folosind tehnicile dezv\u0103luite \u00een aceast\u0103 carte electronic\u0103. Gata cu refuzurile, gata cu situa\u021biile st\u00e2njenitoare! \u00cenv\u0103\u021ba\u021bi cum s\u0103 \u00eei st\u00e2rni\u021bi \u00een mod natural interesul \u0219i s\u0103 \u00eel men\u021bine\u021bi viu. Descoperi\u021bi trucuri secrete care le vor face pe femei s\u0103 nu v\u0103 poat\u0103 scoate din minte. Majoritatea b\u0103rba\u021bilor se lupt\u0103, dar tu vei \u0219ti exact ce s\u0103 faci.<\/p>\n<p>Vrei s\u0103 fii b\u0103rbatul care nu r\u0103m\u00e2ne niciodat\u0103 f\u0103r\u0103 admiratori \u0219i ai c\u0103rui prieteni \u00eel invidiaz\u0103 \u00een secret? Nu a\u0219tepta! Fiecare zi pe care o am\u00e2ni este o alt\u0103 oportunitate irosit\u0103. Preia ast\u0103zi controlul asupra vie\u021bii tale amoroase!<\/p>\n<p>\u2705 Afla\u021bi cum s\u0103 aborda\u021bi femeile \u00een mod corect<br \/>\n\u2705 Spune\u021bi adio respingerii<br \/>\n\u2705 Transform\u0103-\u021bi via\u021ba amoroas\u0103<\/p>","protected":false},"featured_media":35011,"comment_status":"open","ping_status":"closed","template":"","meta":[],"product_brand":[],"product_cat":[105,211],"product_tag":[],"class_list":{"0":"post-35010","1":"product","2":"type-product","3":"status-publish","4":"has-post-thumbnail","6":"product_cat-nezarazene","7":"product_cat-na-miru","9":"first","10":"instock","11":"sale","12":"virtual","13":"purchasable","14":"product-type-simple"},"_links":{"self":[{"href":"https:\/\/mainded.com\/ro\/wp-json\/wp\/v2\/product\/35010","targetHints":{"allow":["GET"]}}],"collection":[{"href":"https:\/\/mainded.com\/ro\/wp-json\/wp\/v2\/product"}],"about":[{"href":"https:\/\/mainded.com\/ro\/wp-json\/wp\/v2\/types\/product"}],"replies":[{"embeddable":true,"href":"https:\/\/mainded.com\/ro\/wp-json\/wp\/v2\/comments?post=35010"}],"wp:featuredmedia":[{"embeddable":true,"href":"https:\/\/mainded.com\/ro\/wp-json\/wp\/v2\/media\/35011"}],"wp:attachment":[{"href":"https:\/\/mainded.com\/ro\/wp-json\/wp\/v2\/media?parent=35010"}],"wp:term":[{"taxonomy":"product_brand","embeddable":true,"href":"https:\/\/mainded.com\/ro\/wp-json\/wp\/v2\/product_brand?post=35010"},{"taxonomy":"product_cat","embeddable":true,"href":"https:\/\/mainded.com\/ro\/wp-json\/wp\/v2\/product_cat?post=35010"},{"taxonomy":"product_tag","embeddable":true,"href":"https:\/\/mainded.com\/ro\/wp-json\/wp\/v2\/product_tag?post=35010"}],"curies":[{"name":"wp","href":"https:\/\/api.w.org\/{rel}","templated":true}]}}