{"id":35008,"date":"2024-12-28T16:32:55","date_gmt":"2024-12-28T15:32:55","guid":{"rendered":"https:\/\/mainded.com\/?post_type=product&#038;p=35008"},"modified":"2025-02-06T15:58:52","modified_gmt":"2025-02-06T14:58:52","slug":"ms-powerpoint","status":"publish","type":"product","link":"https:\/\/mainded.com\/ro\/p\/ms-powerpoint\/","title":{"rendered":"MS PowerPoint"},"content":{"rendered":"","protected":false},"excerpt":{"rendered":"<p>Microsoft PowerPoint este un instrument esen\u021bial pentru oricine a avut vreodat\u0103 nevoie s\u0103 prezinte sau s\u0103 explice ceva unui grup de oameni. A st\u0103p\u00e2ni elementele de baz\u0103 ale PowerPoint este o necesitate, motiv pentru care am creat un curs video concis pentru a v\u0103 \u00eenv\u0103\u021ba tot ce trebuie s\u0103 \u0219ti\u021bi.<\/p>\n<p>Dob\u00e2ndi\u021bi abilit\u0103\u021bi fundamentale pentru a lucra eficient cu PowerPoint - f\u0103r\u0103 a petrece zile \u00eentregi \u00eenv\u0103\u021b\u00e2nd sau pl\u0103tind mii de dolari! Deci, sunte\u021bi gata s\u0103 \u00eencepe\u021bi?<\/p>\n<p>\u2705 Aceste competen\u021be sunt valoroase \u00een multe industrii<br \/>\n\u2705 CV-ul dumneavoastr\u0103 va ie\u0219i \u00een eviden\u021b\u0103<br \/>\n\u2705 Aplica\u021bi-v\u0103 cuno\u0219tin\u021bele at\u00e2t \u00een via\u021ba profesional\u0103, c\u00e2t \u0219i \u00een cea personal\u0103<\/p>","protected":false},"featured_media":35009,"comment_status":"open","ping_status":"closed","template":"","meta":[],"product_brand":[],"product_cat":[105,211],"product_tag":[],"class_list":{"0":"post-35008","1":"product","2":"type-product","3":"status-publish","4":"has-post-thumbnail","6":"product_cat-nezarazene","7":"product_cat-na-miru","9":"first","10":"instock","11":"sale","12":"virtual","13":"purchasable","14":"product-type-simple"},"_links":{"self":[{"href":"https:\/\/mainded.com\/ro\/wp-json\/wp\/v2\/product\/35008","targetHints":{"allow":["GET"]}}],"collection":[{"href":"https:\/\/mainded.com\/ro\/wp-json\/wp\/v2\/product"}],"about":[{"href":"https:\/\/mainded.com\/ro\/wp-json\/wp\/v2\/types\/product"}],"replies":[{"embeddable":true,"href":"https:\/\/mainded.com\/ro\/wp-json\/wp\/v2\/comments?post=35008"}],"wp:featuredmedia":[{"embeddable":true,"href":"https:\/\/mainded.com\/ro\/wp-json\/wp\/v2\/media\/35009"}],"wp:attachment":[{"href":"https:\/\/mainded.com\/ro\/wp-json\/wp\/v2\/media?parent=35008"}],"wp:term":[{"taxonomy":"product_brand","embeddable":true,"href":"https:\/\/mainded.com\/ro\/wp-json\/wp\/v2\/product_brand?post=35008"},{"taxonomy":"product_cat","embeddable":true,"href":"https:\/\/mainded.com\/ro\/wp-json\/wp\/v2\/product_cat?post=35008"},{"taxonomy":"product_tag","embeddable":true,"href":"https:\/\/mainded.com\/ro\/wp-json\/wp\/v2\/product_tag?post=35008"}],"curies":[{"name":"wp","href":"https:\/\/api.w.org\/{rel}","templated":true}]}}