{"id":35004,"date":"2024-12-28T16:28:12","date_gmt":"2024-12-28T15:28:12","guid":{"rendered":"https:\/\/mainded.com\/?post_type=product&#038;p=35004"},"modified":"2025-02-06T15:58:24","modified_gmt":"2025-02-06T14:58:24","slug":"ms-excel","status":"publish","type":"product","link":"https:\/\/mainded.com\/ro\/p\/ms-excel\/","title":{"rendered":"MS Excel"},"content":{"rendered":"","protected":false},"excerpt":{"rendered":"<p>Nu r\u0103m\u00e2ne \u00een urm\u0103 - spore\u0219te-\u021bi \u0219ansele de succes prin st\u0103p\u00e2nirea no\u021biunilor de baz\u0103 din Excel \u00een doar c\u00e2teva ore!<br \/>\nPreia controlul asupra datelor tale \u0219i asupra carierei tale.<\/p>\n<p>Pierde\u021bi timp cu Excel? Nu v\u0103 mai chinui\u021bi! Cu acest curs video, ve\u021bi st\u0103p\u00e2ni elementele de baz\u0103 \u00een doar c\u00e2teva ore \u0219i ve\u021bi dob\u00e2ndi abilit\u0103\u021bi care v\u0103 pot deschide noi oportunit\u0103\u021bi de carier\u0103. Rapid, eficient \u0219i simplu - exact a\u0219a cum ar trebui s\u0103 fie. Las\u0103-i pe al\u021bii s\u0103 se lupte cu foile de calcul \u00een timp ce tu excelezi. \u00cenv\u0103\u021ba\u021bi Excel rapid \u0219i eficient \u0219i ob\u021bine\u021bi avantajul pe care al\u021bii \u00eel vor invidia. Timpul \u00eenseamn\u0103 bani - \u00eencepe\u021bi acum!<\/p>\n<p>\u2705 Aceste competen\u021be sunt utile \u00een multe sectoare de activitate<br \/>\n\u2705 CV-ul dumneavoastr\u0103 va ie\u0219i \u00een eviden\u021b\u0103<br \/>\n\u2705 Aplica\u021bi-v\u0103 cuno\u0219tin\u021bele at\u00e2t \u00een via\u021ba profesional\u0103, c\u00e2t \u0219i \u00een cea personal\u0103<\/p>","protected":false},"featured_media":35005,"comment_status":"open","ping_status":"closed","template":"","meta":[],"product_brand":[],"product_cat":[105,211],"product_tag":[],"class_list":{"0":"post-35004","1":"product","2":"type-product","3":"status-publish","4":"has-post-thumbnail","6":"product_cat-nezarazene","7":"product_cat-na-miru","9":"first","10":"instock","11":"sale","12":"virtual","13":"purchasable","14":"product-type-simple"},"_links":{"self":[{"href":"https:\/\/mainded.com\/ro\/wp-json\/wp\/v2\/product\/35004","targetHints":{"allow":["GET"]}}],"collection":[{"href":"https:\/\/mainded.com\/ro\/wp-json\/wp\/v2\/product"}],"about":[{"href":"https:\/\/mainded.com\/ro\/wp-json\/wp\/v2\/types\/product"}],"replies":[{"embeddable":true,"href":"https:\/\/mainded.com\/ro\/wp-json\/wp\/v2\/comments?post=35004"}],"wp:featuredmedia":[{"embeddable":true,"href":"https:\/\/mainded.com\/ro\/wp-json\/wp\/v2\/media\/35005"}],"wp:attachment":[{"href":"https:\/\/mainded.com\/ro\/wp-json\/wp\/v2\/media?parent=35004"}],"wp:term":[{"taxonomy":"product_brand","embeddable":true,"href":"https:\/\/mainded.com\/ro\/wp-json\/wp\/v2\/product_brand?post=35004"},{"taxonomy":"product_cat","embeddable":true,"href":"https:\/\/mainded.com\/ro\/wp-json\/wp\/v2\/product_cat?post=35004"},{"taxonomy":"product_tag","embeddable":true,"href":"https:\/\/mainded.com\/ro\/wp-json\/wp\/v2\/product_tag?post=35004"}],"curies":[{"name":"wp","href":"https:\/\/api.w.org\/{rel}","templated":true}]}}