{"id":35002,"date":"2024-12-28T16:26:44","date_gmt":"2024-12-28T15:26:44","guid":{"rendered":"https:\/\/mainded.com\/?post_type=product&#038;p=35002"},"modified":"2025-04-27T17:44:50","modified_gmt":"2025-04-27T16:44:50","slug":"english-basics","status":"publish","type":"product","link":"https:\/\/mainded.com\/ro\/p\/english-basics\/","title":{"rendered":"7 zile englez\u0103"},"content":{"rendered":"","protected":false},"excerpt":{"rendered":"<p>V\u0103 str\u0103dui\u021bi s\u0103 g\u0103si\u021bi timp pentru a \u00eenv\u0103\u021ba limba englez\u0103? \u00cen aceast\u0103 carte electronic\u0103, am \u00eempachetat toate elementele de baz\u0103 esen\u021biale ale limbii engleze pe care le pute\u021bi st\u0103p\u00e2ni cu u\u0219urin\u021b\u0103 datorit\u0103 anima\u021biilor captivante. Cartea electronic\u0103 este conceput\u0103 pentru a v\u0103 ajuta s\u0103 \u00eenv\u0103\u021ba\u021bi c\u00e2t mai mult posibil \u00eentr-un timp scurt. Este perfect\u0103 at\u00e2t pentru \u00eencep\u0103torii absolu\u021bi, c\u00e2t \u0219i pentru cursan\u021bii mai avansa\u021bi. Investi\u021bi \u00een cuno\u0219tin\u021bele dvs. \u0219i acestea vor da roade de multe ori. Engleza este o abilitate pe care o pute\u021bi folosi \u00een via\u021ba de zi cu zi \u0219i la locul de munc\u0103.<\/p>\n<p>\u2705 \u00cenv\u0103\u021ba\u021bi elementele de baz\u0103 ale limbii engleze<br \/>\n\u2705 Dob\u00e2ndi\u021bi \u00eencredere \u00een vorbirea limbii engleze<br \/>\n\u2705 \u00cembun\u0103t\u0103\u021bi\u021bi-v\u0103 CV-ul<\/p>","protected":false},"featured_media":35253,"comment_status":"open","ping_status":"closed","template":"","meta":[],"product_brand":[],"product_cat":[211,105],"product_tag":[],"class_list":{"0":"post-35002","1":"product","2":"type-product","3":"status-publish","4":"has-post-thumbnail","6":"product_cat-na-miru","7":"product_cat-nezarazene","9":"first","10":"instock","11":"sale","12":"downloadable","13":"virtual","14":"purchasable","15":"product-type-simple"},"_links":{"self":[{"href":"https:\/\/mainded.com\/ro\/wp-json\/wp\/v2\/product\/35002","targetHints":{"allow":["GET"]}}],"collection":[{"href":"https:\/\/mainded.com\/ro\/wp-json\/wp\/v2\/product"}],"about":[{"href":"https:\/\/mainded.com\/ro\/wp-json\/wp\/v2\/types\/product"}],"replies":[{"embeddable":true,"href":"https:\/\/mainded.com\/ro\/wp-json\/wp\/v2\/comments?post=35002"}],"wp:featuredmedia":[{"embeddable":true,"href":"https:\/\/mainded.com\/ro\/wp-json\/wp\/v2\/media\/35253"}],"wp:attachment":[{"href":"https:\/\/mainded.com\/ro\/wp-json\/wp\/v2\/media?parent=35002"}],"wp:term":[{"taxonomy":"product_brand","embeddable":true,"href":"https:\/\/mainded.com\/ro\/wp-json\/wp\/v2\/product_brand?post=35002"},{"taxonomy":"product_cat","embeddable":true,"href":"https:\/\/mainded.com\/ro\/wp-json\/wp\/v2\/product_cat?post=35002"},{"taxonomy":"product_tag","embeddable":true,"href":"https:\/\/mainded.com\/ro\/wp-json\/wp\/v2\/product_tag?post=35002"}],"curies":[{"name":"wp","href":"https:\/\/api.w.org\/{rel}","templated":true}]}}