{"id":61,"date":"2014-04-15T11:08:20","date_gmt":"2014-04-15T11:08:20","guid":{"rendered":"http:\/\/demo.pukkathemes.com\/ubershop\/?page_id=61"},"modified":"2025-02-03T19:28:00","modified_gmt":"2025-02-03T18:28:00","slug":"cart","status":"publish","type":"page","link":"https:\/\/mainded.com\/ro\/cart\/","title":{"rendered":"Cart"},"content":{"rendered":"<h1><\/h1>\n<h1 style=\"text-align: center;\"><strong>Cart<\/strong><\/h1>\n<div class=\"container section-title-container\" ><h3 class=\"section-title section-title-normal\"><b aria-hidden=\"true\"><\/b><span class=\"section-title-main\" >Cart<\/span><b aria-hidden=\"true\"><\/b><\/h3><\/div>\n\n<div class=\"container section-title-container\" ><h3 class=\"section-title section-title-bold\"><b aria-hidden=\"true\"><\/b><span class=\"section-title-main\" style=\"font-size:91%;\">Co \u0159\u00edk\u00e1te na tyto produkty:<\/span><b aria-hidden=\"true\"><\/b><\/h3><\/div>\n<div class=\"woocommerce columns-8\"><div class=\"products row row-small large-columns-8 medium-columns-3 small-columns-2\">\n<div class=\"product-small col has-hover product type-product post-35016 status-publish first instock product_cat-nezarazene has-post-thumbnail sale downloadable virtual sold-individually purchasable product-type-simple\">\n\t<div class=\"col-inner\">\n\t\n<div class=\"badge-container absolute left top z-1\">\n<div class=\"callout badge badge-circle\"><div class=\"badge-inner secondary on-sale\"><span class=\"onsale\" data-no-translation=\"\" data-trp-gettext=\"\">Reducere!<\/span><\/div><\/div>\n<\/div>\n\t<div class=\"product-small box\">\n\t\t<div class=\"box-image\">\n\t\t\t<div class=\"image-zoom\">\n\t\t\t\t<a href=\"https:\/\/mainded.com\/ro\/p\/ai-advisor\/\">\n\t\t\t\t\t<img fetchpriority=\"high\" decoding=\"async\" width=\"247\" height=\"247\" src=\"https:\/\/mainded.com\/wp-content\/uploads\/2025\/04\/379536-PBRXWA-251.jpg\" class=\"attachment-woocommerce_thumbnail size-woocommerce_thumbnail\" alt=\"Package: Making Money with Artificial Intelligence Course + AI Advisor\" \/>\t\t\t\t<\/a>\n\t\t\t<\/div>\n\t\t\t<div class=\"image-tools is-small top right show-on-hover\">\n\t\t\t\t\t\t\t<\/div>\n\t\t\t<div class=\"image-tools is-small hide-for-small bottom left show-on-hover\">\n\t\t\t\t\t\t\t<\/div>\n\t\t\t<div class=\"image-tools grid-tools text-center hide-for-small bottom hover-slide-in show-on-hover\">\n\t\t\t\t\t\t\t<\/div>\n\t\t\t\t\t<\/div>\n\n\t\t<div class=\"box-text box-text-products text-center grid-style-2\">\n\t\t\t<div class=\"title-wrapper\"><p class=\"name product-title woocommerce-loop-product__title\"><a href=\"https:\/\/mainded.com\/ro\/p\/ai-advisor\/\" class=\"woocommerce-LoopProduct-link woocommerce-loop-product__link\">Pachet: Curs \u201eCum s\u0103 c\u00e2\u0219tigi bani cu ajutorul inteligen\u021bei artificiale\u201d + Consilier AI<\/a><\/p><\/div><div class=\"price-wrapper\">\n\t<span class=\"price\"><del aria-hidden=\"true\"><span class=\"woocommerce-Price-amount amount\"><bdi>99.99&nbsp;<span class=\"woocommerce-Price-currencySymbol\">$<\/span><\/bdi><\/span><\/del> <span class=\"screen-reader-text\" data-no-translation=\"\" data-trp-gettext=\"\">Pre\u021bul ini\u021bial a fost: 99.99&nbsp;$.<\/span><ins aria-hidden=\"true\"><span class=\"woocommerce-Price-amount amount\"><bdi>14.99&nbsp;<span class=\"woocommerce-Price-currencySymbol\">$<\/span><\/bdi><\/span><\/ins><span class=\"screen-reader-text\" data-no-translation=\"\" data-trp-gettext=\"\">Pre\u021bul curent este: 14.99&nbsp;$.<\/span><\/span>\n<\/div>\t\t<\/div>\n\t<\/div>\n\t\t<\/div>\n<\/div><div class=\"product-small col has-hover product type-product post-68785 status-publish instock product_cat-nezarazene has-post-thumbnail sale downloadable virtual sold-individually purchasable product-type-simple\">\n\t<div class=\"col-inner\">\n\t\n<div class=\"badge-container absolute left top z-1\">\n<div class=\"callout badge badge-circle\"><div class=\"badge-inner secondary on-sale\"><span class=\"onsale\" data-no-translation=\"\" data-trp-gettext=\"\">Reducere!<\/span><\/div><\/div>\n<\/div>\n\t<div class=\"product-small box\">\n\t\t<div class=\"box-image\">\n\t\t\t<div class=\"image-zoom\">\n\t\t\t\t<a href=\"https:\/\/mainded.com\/ro\/p\/ai-advisor-ro\/\">\n\t\t\t\t\t<img decoding=\"async\" width=\"247\" height=\"247\" data-src=\"https:\/\/mainded.com\/wp-content\/uploads\/2025\/04\/379536-PBRXWA-251.jpg\" class=\"attachment-woocommerce_thumbnail size-woocommerce_thumbnail lazyload\" alt=\"Pachet: Curs \u201eCum s\u0103 c\u00e2\u0219tigi bani cu ajutorul inteligen\u021bei artificiale\u201d + Consilier AI\" src=\"data:image\/svg+xml;base64,PHN2ZyB3aWR0aD0iMSIgaGVpZ2h0PSIxIiB4bWxucz0iaHR0cDovL3d3dy53My5vcmcvMjAwMC9zdmciPjwvc3ZnPg==\" style=\"--smush-placeholder-width: 247px; --smush-placeholder-aspect-ratio: 247\/247;\" \/>\t\t\t\t<\/a>\n\t\t\t<\/div>\n\t\t\t<div class=\"image-tools is-small top right show-on-hover\">\n\t\t\t\t\t\t\t<\/div>\n\t\t\t<div class=\"image-tools is-small hide-for-small bottom left show-on-hover\">\n\t\t\t\t\t\t\t<\/div>\n\t\t\t<div class=\"image-tools grid-tools text-center hide-for-small bottom hover-slide-in show-on-hover\">\n\t\t\t\t\t\t\t<\/div>\n\t\t\t\t\t<\/div>\n\n\t\t<div class=\"box-text box-text-products text-center grid-style-2\">\n\t\t\t<div class=\"title-wrapper\"><p class=\"name product-title woocommerce-loop-product__title\"><a href=\"https:\/\/mainded.com\/ro\/p\/ai-advisor-ro\/\" class=\"woocommerce-LoopProduct-link woocommerce-loop-product__link\">Pachet: Curs \u201eCum s\u0103 c\u00e2\u0219tigi bani cu ajutorul inteligen\u021bei artificiale\u201d + Consilier AI<\/a><\/p><\/div><div class=\"price-wrapper\">\n\t<span class=\"price\"><del aria-hidden=\"true\"><span class=\"woocommerce-Price-amount amount\"><bdi>99.99&nbsp;<span class=\"woocommerce-Price-currencySymbol\">$<\/span><\/bdi><\/span><\/del> <span class=\"screen-reader-text\" data-no-translation=\"\" data-trp-gettext=\"\">Pre\u021bul ini\u021bial a fost: 99.99&nbsp;$.<\/span><ins aria-hidden=\"true\"><span class=\"woocommerce-Price-amount amount\"><bdi>14.99&nbsp;<span class=\"woocommerce-Price-currencySymbol\">$<\/span><\/bdi><\/span><\/ins><span class=\"screen-reader-text\" data-no-translation=\"\" data-trp-gettext=\"\">Pre\u021bul curent este: 14.99&nbsp;$.<\/span><\/span>\n<\/div>\t\t<\/div>\n\t<\/div>\n\t\t<\/div>\n<\/div><div class=\"product-small col has-hover product type-product post-69839 status-publish instock product_cat-nezarazene has-post-thumbnail sale downloadable virtual sold-individually purchasable product-type-simple\">\n\t<div class=\"col-inner\">\n\t\n<div class=\"badge-container absolute left top z-1\">\n<div class=\"callout badge badge-circle\"><div class=\"badge-inner secondary on-sale\"><span class=\"onsale\" data-no-translation=\"\" data-trp-gettext=\"\">Reducere!<\/span><\/div><\/div>\n<\/div>\n\t<div class=\"product-small box\">\n\t\t<div class=\"box-image\">\n\t\t\t<div class=\"image-zoom\">\n\t\t\t\t<a href=\"https:\/\/mainded.com\/ro\/p\/it-pacchetto-corso-guadagnare-con-lintelligenza-artificiale-consulente-ia\/\">\n\t\t\t\t\t<img decoding=\"async\" width=\"247\" height=\"247\" data-src=\"https:\/\/mainded.com\/wp-content\/uploads\/2025\/04\/379536-PBRXWA-251.jpg\" class=\"attachment-woocommerce_thumbnail size-woocommerce_thumbnail lazyload\" alt=\"Pacchetto: Corso \u201cGuadagnare con l\u2019Intelligenza Artificiale\u201d + Consulente IA\" src=\"data:image\/svg+xml;base64,PHN2ZyB3aWR0aD0iMSIgaGVpZ2h0PSIxIiB4bWxucz0iaHR0cDovL3d3dy53My5vcmcvMjAwMC9zdmciPjwvc3ZnPg==\" style=\"--smush-placeholder-width: 247px; --smush-placeholder-aspect-ratio: 247\/247;\" \/>\t\t\t\t<\/a>\n\t\t\t<\/div>\n\t\t\t<div class=\"image-tools is-small top right show-on-hover\">\n\t\t\t\t\t\t\t<\/div>\n\t\t\t<div class=\"image-tools is-small hide-for-small bottom left show-on-hover\">\n\t\t\t\t\t\t\t<\/div>\n\t\t\t<div class=\"image-tools grid-tools text-center hide-for-small bottom hover-slide-in show-on-hover\">\n\t\t\t\t\t\t\t<\/div>\n\t\t\t\t\t<\/div>\n\n\t\t<div class=\"box-text box-text-products text-center grid-style-2\">\n\t\t\t<div class=\"title-wrapper\"><p class=\"name product-title woocommerce-loop-product__title\"><a href=\"https:\/\/mainded.com\/ro\/p\/it-pacchetto-corso-guadagnare-con-lintelligenza-artificiale-consulente-ia\/\" class=\"woocommerce-LoopProduct-link woocommerce-loop-product__link\">Pacchetto: Corso \u201cGuadagnare con l'Intelligenza Artificiale\u201d + Consulente IA<\/a><\/p><\/div><div class=\"price-wrapper\">\n\t<span class=\"price\"><del aria-hidden=\"true\"><span class=\"woocommerce-Price-amount amount\"><bdi>99.99&nbsp;<span class=\"woocommerce-Price-currencySymbol\">$<\/span><\/bdi><\/span><\/del> <span class=\"screen-reader-text\" data-no-translation=\"\" data-trp-gettext=\"\">Pre\u021bul ini\u021bial a fost: 99.99&nbsp;$.<\/span><ins aria-hidden=\"true\"><span class=\"woocommerce-Price-amount amount\"><bdi>29.99&nbsp;<span class=\"woocommerce-Price-currencySymbol\">$<\/span><\/bdi><\/span><\/ins><span class=\"screen-reader-text\" data-no-translation=\"\" data-trp-gettext=\"\">Pre\u021bul curent este: 29.99&nbsp;$.<\/span><\/span>\n<\/div>\t\t<\/div>\n\t<\/div>\n\t\t<\/div>\n<\/div><div class=\"product-small col has-hover product type-product post-69569 status-publish instock product_cat-nezarazene has-post-thumbnail sale downloadable virtual sold-individually purchasable product-type-simple\">\n\t<div class=\"col-inner\">\n\t\n<div class=\"badge-container absolute left top z-1\">\n<div class=\"callout badge badge-circle\"><div class=\"badge-inner secondary on-sale\"><span class=\"onsale\" data-no-translation=\"\" data-trp-gettext=\"\">Reducere!<\/span><\/div><\/div>\n<\/div>\n\t<div class=\"product-small box\">\n\t\t<div class=\"box-image\">\n\t\t\t<div class=\"image-zoom\">\n\t\t\t\t<a href=\"https:\/\/mainded.com\/ro\/p\/package-making-money-with-artificial-intelligence-course-ai-advisor-eng\/\">\n\t\t\t\t\t<img decoding=\"async\" width=\"247\" height=\"247\" data-src=\"https:\/\/mainded.com\/wp-content\/uploads\/2025\/04\/379536-PBRXWA-251.jpg\" class=\"attachment-woocommerce_thumbnail size-woocommerce_thumbnail lazyload\" alt=\"Package: Making Money with Artificial Intelligence Course + AI Advisor ENG\" src=\"data:image\/svg+xml;base64,PHN2ZyB3aWR0aD0iMSIgaGVpZ2h0PSIxIiB4bWxucz0iaHR0cDovL3d3dy53My5vcmcvMjAwMC9zdmciPjwvc3ZnPg==\" style=\"--smush-placeholder-width: 247px; --smush-placeholder-aspect-ratio: 247\/247;\" \/>\t\t\t\t<\/a>\n\t\t\t<\/div>\n\t\t\t<div class=\"image-tools is-small top right show-on-hover\">\n\t\t\t\t\t\t\t<\/div>\n\t\t\t<div class=\"image-tools is-small hide-for-small bottom left show-on-hover\">\n\t\t\t\t\t\t\t<\/div>\n\t\t\t<div class=\"image-tools grid-tools text-center hide-for-small bottom hover-slide-in show-on-hover\">\n\t\t\t\t\t\t\t<\/div>\n\t\t\t\t\t<\/div>\n\n\t\t<div class=\"box-text box-text-products text-center grid-style-2\">\n\t\t\t<div class=\"title-wrapper\"><p class=\"name product-title woocommerce-loop-product__title\"><a href=\"https:\/\/mainded.com\/ro\/p\/package-making-money-with-artificial-intelligence-course-ai-advisor-eng\/\" class=\"woocommerce-LoopProduct-link woocommerce-loop-product__link\">Pachet: A face bani cu Inteligen\u021ba Artificial\u0103 Curs + AI Advisor ENG<\/a><\/p><\/div><div class=\"price-wrapper\">\n\t<span class=\"price\"><del aria-hidden=\"true\"><span class=\"woocommerce-Price-amount amount\"><bdi>99.99&nbsp;<span class=\"woocommerce-Price-currencySymbol\">$<\/span><\/bdi><\/span><\/del> <span class=\"screen-reader-text\" data-no-translation=\"\" data-trp-gettext=\"\">Pre\u021bul ini\u021bial a fost: 99.99&nbsp;$.<\/span><ins aria-hidden=\"true\"><span class=\"woocommerce-Price-amount amount\"><bdi>29.99&nbsp;<span class=\"woocommerce-Price-currencySymbol\">$<\/span><\/bdi><\/span><\/ins><span class=\"screen-reader-text\" data-no-translation=\"\" data-trp-gettext=\"\">Pre\u021bul curent este: 29.99&nbsp;$.<\/span><\/span>\n<\/div>\t\t<\/div>\n\t<\/div>\n\t\t<\/div>\n<\/div><div class=\"product-small col has-hover product type-product post-36529 status-publish instock product_cat-nezarazene has-post-thumbnail sale virtual sold-individually purchasable product-type-simple\">\n\t<div class=\"col-inner\">\n\t\n<div class=\"badge-container absolute left top z-1\">\n<div class=\"callout badge badge-circle\"><div class=\"badge-inner secondary on-sale\"><span class=\"onsale\" data-no-translation=\"\" data-trp-gettext=\"\">Reducere!<\/span><\/div><\/div>\n<\/div>\n\t<div class=\"product-small box\">\n\t\t<div class=\"box-image\">\n\t\t\t<div class=\"image-zoom\">\n\t\t\t\t<a href=\"https:\/\/mainded.com\/ro\/p\/bet\/\">\n\t\t\t\t\t<img decoding=\"async\" width=\"247\" height=\"247\" data-src=\"https:\/\/mainded.com\/wp-content\/uploads\/2025\/04\/379536-PBRXWA-251.jpg\" class=\"attachment-woocommerce_thumbnail size-woocommerce_thumbnail lazyload\" alt=\"Betting Advisor - 30-Day Membership\" src=\"data:image\/svg+xml;base64,PHN2ZyB3aWR0aD0iMSIgaGVpZ2h0PSIxIiB4bWxucz0iaHR0cDovL3d3dy53My5vcmcvMjAwMC9zdmciPjwvc3ZnPg==\" style=\"--smush-placeholder-width: 247px; --smush-placeholder-aspect-ratio: 247\/247;\" \/>\t\t\t\t<\/a>\n\t\t\t<\/div>\n\t\t\t<div class=\"image-tools is-small top right show-on-hover\">\n\t\t\t\t\t\t\t<\/div>\n\t\t\t<div class=\"image-tools is-small hide-for-small bottom left show-on-hover\">\n\t\t\t\t\t\t\t<\/div>\n\t\t\t<div class=\"image-tools grid-tools text-center hide-for-small bottom hover-slide-in show-on-hover\">\n\t\t\t\t\t\t\t<\/div>\n\t\t\t\t\t<\/div>\n\n\t\t<div class=\"box-text box-text-products text-center grid-style-2\">\n\t\t\t<div class=\"title-wrapper\"><p class=\"name product-title woocommerce-loop-product__title\"><a href=\"https:\/\/mainded.com\/ro\/p\/bet\/\" class=\"woocommerce-LoopProduct-link woocommerce-loop-product__link\">Betting Advisor - Abonament de 30 de zile<\/a><\/p><\/div><div class=\"price-wrapper\">\n\t<span class=\"price\"><del aria-hidden=\"true\"><span class=\"woocommerce-Price-amount amount\"><bdi>99.99&nbsp;<span class=\"woocommerce-Price-currencySymbol\">$<\/span><\/bdi><\/span><\/del> <span class=\"screen-reader-text\" data-no-translation=\"\" data-trp-gettext=\"\">Pre\u021bul ini\u021bial a fost: 99.99&nbsp;$.<\/span><ins aria-hidden=\"true\"><span class=\"woocommerce-Price-amount amount\"><bdi>19.99&nbsp;<span class=\"woocommerce-Price-currencySymbol\">$<\/span><\/bdi><\/span><\/ins><span class=\"screen-reader-text\" data-no-translation=\"\" data-trp-gettext=\"\">Pre\u021bul curent este: 19.99&nbsp;$.<\/span><\/span>\n<\/div>\t\t<\/div>\n\t<\/div>\n\t\t<\/div>\n<\/div><div class=\"product-small col has-hover product type-product post-68775 status-publish instock product_cat-nezarazene has-post-thumbnail sale downloadable virtual sold-individually purchasable product-type-simple\">\n\t<div class=\"col-inner\">\n\t\n<div class=\"badge-container absolute left top z-1\">\n<div class=\"callout badge badge-circle\"><div class=\"badge-inner secondary on-sale\"><span class=\"onsale\" data-no-translation=\"\" data-trp-gettext=\"\">Reducere!<\/span><\/div><\/div>\n<\/div>\n\t<div class=\"product-small box\">\n\t\t<div class=\"box-image\">\n\t\t\t<div class=\"image-zoom\">\n\t\t\t\t<a href=\"https:\/\/mainded.com\/ro\/p\/huu\/\">\n\t\t\t\t\t<img decoding=\"async\" width=\"247\" height=\"247\" data-src=\"https:\/\/mainded.com\/wp-content\/uploads\/2026\/01\/hu-prompty-247x247.png\" class=\"attachment-woocommerce_thumbnail size-woocommerce_thumbnail lazyload\" alt=\"620 prompt AI\u2011val t\u00f6rt\u00e9n\u0151 p\u00e9nzkeres\u00e9shez\" data-srcset=\"https:\/\/mainded.com\/wp-content\/uploads\/2026\/01\/hu-prompty-247x247.png 247w, https:\/\/mainded.com\/wp-content\/uploads\/2026\/01\/hu-prompty-500x500.png 500w, https:\/\/mainded.com\/wp-content\/uploads\/2026\/01\/hu-prompty-768x768.png 768w, https:\/\/mainded.com\/wp-content\/uploads\/2026\/01\/hu-prompty-12x12.png 12w, https:\/\/mainded.com\/wp-content\/uploads\/2026\/01\/hu-prompty-510x510.png 510w, https:\/\/mainded.com\/wp-content\/uploads\/2026\/01\/hu-prompty-100x100.png 100w, https:\/\/mainded.com\/wp-content\/uploads\/2026\/01\/hu-prompty.png 1024w\" data-sizes=\"(max-width: 247px) 100vw, 247px\" src=\"data:image\/svg+xml;base64,PHN2ZyB3aWR0aD0iMSIgaGVpZ2h0PSIxIiB4bWxucz0iaHR0cDovL3d3dy53My5vcmcvMjAwMC9zdmciPjwvc3ZnPg==\" style=\"--smush-placeholder-width: 247px; --smush-placeholder-aspect-ratio: 247\/247;\" \/>\t\t\t\t<\/a>\n\t\t\t<\/div>\n\t\t\t<div class=\"image-tools is-small top right show-on-hover\">\n\t\t\t\t\t\t\t<\/div>\n\t\t\t<div class=\"image-tools is-small hide-for-small bottom left show-on-hover\">\n\t\t\t\t\t\t\t<\/div>\n\t\t\t<div class=\"image-tools grid-tools text-center hide-for-small bottom hover-slide-in show-on-hover\">\n\t\t\t\t\t\t\t<\/div>\n\t\t\t\t\t<\/div>\n\n\t\t<div class=\"box-text box-text-products text-center grid-style-2\">\n\t\t\t<div class=\"title-wrapper\"><p class=\"name product-title woocommerce-loop-product__title\"><a href=\"https:\/\/mainded.com\/ro\/p\/huu\/\" class=\"woocommerce-LoopProduct-link woocommerce-loop-product__link\">620 prompt AI-val t\u00f6rt\u00e9n\u0151 p\u00e9nzkeres\u00e9shez<\/a><\/p><\/div><div class=\"price-wrapper\">\n\t<span class=\"price\"><del aria-hidden=\"true\"><span class=\"woocommerce-Price-amount amount\"><bdi>99.99&nbsp;<span class=\"woocommerce-Price-currencySymbol\">$<\/span><\/bdi><\/span><\/del> <span class=\"screen-reader-text\" data-no-translation=\"\" data-trp-gettext=\"\">Pre\u021bul ini\u021bial a fost: 99.99&nbsp;$.<\/span><ins aria-hidden=\"true\"><span class=\"woocommerce-Price-amount amount\"><bdi>14.99&nbsp;<span class=\"woocommerce-Price-currencySymbol\">$<\/span><\/bdi><\/span><\/ins><span class=\"screen-reader-text\" data-no-translation=\"\" data-trp-gettext=\"\">Pre\u021bul curent este: 14.99&nbsp;$.<\/span><\/span>\n<\/div>\t\t<\/div>\n\t<\/div>\n\t\t<\/div>\n<\/div><div class=\"product-small col has-hover product type-product post-68778 status-publish instock product_cat-nezarazene has-post-thumbnail sale downloadable virtual sold-individually purchasable product-type-simple\">\n\t<div class=\"col-inner\">\n\t\n<div class=\"badge-container absolute left top z-1\">\n<div class=\"callout badge badge-circle\"><div class=\"badge-inner secondary on-sale\"><span class=\"onsale\" data-no-translation=\"\" data-trp-gettext=\"\">Reducere!<\/span><\/div><\/div>\n<\/div>\n\t<div class=\"product-small box\">\n\t\t<div class=\"box-image\">\n\t\t\t<div class=\"image-zoom\">\n\t\t\t\t<a href=\"https:\/\/mainded.com\/ro\/p\/620ro\/\">\n\t\t\t\t\t<img decoding=\"async\" width=\"247\" height=\"247\" data-src=\"https:\/\/mainded.com\/wp-content\/uploads\/2026\/01\/ro-prompty-247x247.png\" class=\"attachment-woocommerce_thumbnail size-woocommerce_thumbnail lazyload\" alt=\"620 de prompturi pentru monetizarea AI\" data-srcset=\"https:\/\/mainded.com\/wp-content\/uploads\/2026\/01\/ro-prompty-247x247.png 247w, https:\/\/mainded.com\/wp-content\/uploads\/2026\/01\/ro-prompty-500x500.png 500w, https:\/\/mainded.com\/wp-content\/uploads\/2026\/01\/ro-prompty-768x768.png 768w, https:\/\/mainded.com\/wp-content\/uploads\/2026\/01\/ro-prompty-12x12.png 12w, https:\/\/mainded.com\/wp-content\/uploads\/2026\/01\/ro-prompty-510x510.png 510w, https:\/\/mainded.com\/wp-content\/uploads\/2026\/01\/ro-prompty-100x100.png 100w, https:\/\/mainded.com\/wp-content\/uploads\/2026\/01\/ro-prompty.png 1024w\" data-sizes=\"(max-width: 247px) 100vw, 247px\" src=\"data:image\/svg+xml;base64,PHN2ZyB3aWR0aD0iMSIgaGVpZ2h0PSIxIiB4bWxucz0iaHR0cDovL3d3dy53My5vcmcvMjAwMC9zdmciPjwvc3ZnPg==\" style=\"--smush-placeholder-width: 247px; --smush-placeholder-aspect-ratio: 247\/247;\" \/>\t\t\t\t<\/a>\n\t\t\t<\/div>\n\t\t\t<div class=\"image-tools is-small top right show-on-hover\">\n\t\t\t\t\t\t\t<\/div>\n\t\t\t<div class=\"image-tools is-small hide-for-small bottom left show-on-hover\">\n\t\t\t\t\t\t\t<\/div>\n\t\t\t<div class=\"image-tools grid-tools text-center hide-for-small bottom hover-slide-in show-on-hover\">\n\t\t\t\t\t\t\t<\/div>\n\t\t\t\t\t<\/div>\n\n\t\t<div class=\"box-text box-text-products text-center grid-style-2\">\n\t\t\t<div class=\"title-wrapper\"><p class=\"name product-title woocommerce-loop-product__title\"><a href=\"https:\/\/mainded.com\/ro\/p\/620ro\/\" class=\"woocommerce-LoopProduct-link woocommerce-loop-product__link\">620 de prompturi pentru monetizarea AI<\/a><\/p><\/div><div class=\"price-wrapper\">\n\t<span class=\"price\"><del aria-hidden=\"true\"><span class=\"woocommerce-Price-amount amount\"><bdi>99.99&nbsp;<span class=\"woocommerce-Price-currencySymbol\">$<\/span><\/bdi><\/span><\/del> <span class=\"screen-reader-text\" data-no-translation=\"\" data-trp-gettext=\"\">Pre\u021bul ini\u021bial a fost: 99.99&nbsp;$.<\/span><ins aria-hidden=\"true\"><span class=\"woocommerce-Price-amount amount\"><bdi>14.99&nbsp;<span class=\"woocommerce-Price-currencySymbol\">$<\/span><\/bdi><\/span><\/ins><span class=\"screen-reader-text\" data-no-translation=\"\" data-trp-gettext=\"\">Pre\u021bul curent este: 14.99&nbsp;$.<\/span><\/span>\n<\/div>\t\t<\/div>\n\t<\/div>\n\t\t<\/div>\n<\/div><div class=\"product-small col has-hover product type-product post-68887 status-publish last instock product_cat-nezarazene has-post-thumbnail sale downloadable virtual sold-individually purchasable product-type-simple\">\n\t<div class=\"col-inner\">\n\t\n<div class=\"badge-container absolute left top z-1\">\n<div class=\"callout badge badge-circle\"><div class=\"badge-inner secondary on-sale\"><span class=\"onsale\" data-no-translation=\"\" data-trp-gettext=\"\">Reducere!<\/span><\/div><\/div>\n<\/div>\n\t<div class=\"product-small box\">\n\t\t<div class=\"box-image\">\n\t\t\t<div class=\"image-zoom\">\n\t\t\t\t<a href=\"https:\/\/mainded.com\/ro\/p\/jogok-100-000-digitlis-termkhez-tmutat\/\">\n\t\t\t\t\t<img decoding=\"async\" width=\"247\" height=\"247\" data-src=\"https:\/\/mainded.com\/wp-content\/uploads\/2026\/01\/100-hu-247x247.jpg\" class=\"attachment-woocommerce_thumbnail size-woocommerce_thumbnail lazyload\" alt=\"Jogok 100 000 digit\u00e1lis term\u00e9khez + \u00datmutat\u00f3\" data-srcset=\"https:\/\/mainded.com\/wp-content\/uploads\/2026\/01\/100-hu-247x247.jpg 247w, https:\/\/mainded.com\/wp-content\/uploads\/2026\/01\/100-hu-500x500.jpg 500w, https:\/\/mainded.com\/wp-content\/uploads\/2026\/01\/100-hu-768x768.jpg 768w, https:\/\/mainded.com\/wp-content\/uploads\/2026\/01\/100-hu-12x12.jpg 12w, https:\/\/mainded.com\/wp-content\/uploads\/2026\/01\/100-hu-510x510.jpg 510w, https:\/\/mainded.com\/wp-content\/uploads\/2026\/01\/100-hu-100x100.jpg 100w, https:\/\/mainded.com\/wp-content\/uploads\/2026\/01\/100-hu.jpg 1024w\" data-sizes=\"(max-width: 247px) 100vw, 247px\" src=\"data:image\/svg+xml;base64,PHN2ZyB3aWR0aD0iMSIgaGVpZ2h0PSIxIiB4bWxucz0iaHR0cDovL3d3dy53My5vcmcvMjAwMC9zdmciPjwvc3ZnPg==\" style=\"--smush-placeholder-width: 247px; --smush-placeholder-aspect-ratio: 247\/247;\" \/>\t\t\t\t<\/a>\n\t\t\t<\/div>\n\t\t\t<div class=\"image-tools is-small top right show-on-hover\">\n\t\t\t\t\t\t\t<\/div>\n\t\t\t<div class=\"image-tools is-small hide-for-small bottom left show-on-hover\">\n\t\t\t\t\t\t\t<\/div>\n\t\t\t<div class=\"image-tools grid-tools text-center hide-for-small bottom hover-slide-in show-on-hover\">\n\t\t\t\t\t\t\t<\/div>\n\t\t\t\t\t<\/div>\n\n\t\t<div class=\"box-text box-text-products text-center grid-style-2\">\n\t\t\t<div class=\"title-wrapper\"><p class=\"name product-title woocommerce-loop-product__title\"><a href=\"https:\/\/mainded.com\/ro\/p\/jogok-100-000-digitlis-termkhez-tmutat\/\" class=\"woocommerce-LoopProduct-link woocommerce-loop-product__link\">Jogok 100 000 digit\u00e1lis term\u00e9khez + \u00datmutat\u00f3<\/a><\/p><\/div><div class=\"price-wrapper\">\n\t<span class=\"price\"><del aria-hidden=\"true\"><span class=\"woocommerce-Price-amount amount\"><bdi>99.99&nbsp;<span class=\"woocommerce-Price-currencySymbol\">$<\/span><\/bdi><\/span><\/del> <span class=\"screen-reader-text\" data-no-translation=\"\" data-trp-gettext=\"\">Pre\u021bul ini\u021bial a fost: 99.99&nbsp;$.<\/span><ins aria-hidden=\"true\"><span class=\"woocommerce-Price-amount amount\"><bdi>14.99&nbsp;<span class=\"woocommerce-Price-currencySymbol\">$<\/span><\/bdi><\/span><\/ins><span class=\"screen-reader-text\" data-no-translation=\"\" data-trp-gettext=\"\">Pre\u021bul curent este: 14.99&nbsp;$.<\/span><\/span>\n<\/div>\t\t<\/div>\n\t<\/div>\n\t\t<\/div>\n<\/div><\/div><!-- row -->\n<\/div>","protected":false},"excerpt":{"rendered":"<p>Cart<\/p>","protected":false},"author":1,"featured_media":0,"parent":0,"menu_order":0,"comment_status":"closed","ping_status":"closed","template":"page-cart.php","meta":{"footnotes":""},"class_list":["post-61","page","type-page","status-publish","hentry"],"_links":{"self":[{"href":"https:\/\/mainded.com\/ro\/wp-json\/wp\/v2\/pages\/61","targetHints":{"allow":["GET"]}}],"collection":[{"href":"https:\/\/mainded.com\/ro\/wp-json\/wp\/v2\/pages"}],"about":[{"href":"https:\/\/mainded.com\/ro\/wp-json\/wp\/v2\/types\/page"}],"author":[{"embeddable":true,"href":"https:\/\/mainded.com\/ro\/wp-json\/wp\/v2\/users\/1"}],"replies":[{"embeddable":true,"href":"https:\/\/mainded.com\/ro\/wp-json\/wp\/v2\/comments?post=61"}],"version-history":[{"count":0,"href":"https:\/\/mainded.com\/ro\/wp-json\/wp\/v2\/pages\/61\/revisions"}],"wp:attachment":[{"href":"https:\/\/mainded.com\/ro\/wp-json\/wp\/v2\/media?parent=61"}],"curies":[{"name":"wp","href":"https:\/\/api.w.org\/{rel}","templated":true}]}}