{"id":5510,"date":"2018-07-05T11:05:30","date_gmt":"2018-07-05T11:05:30","guid":{"rendered":"https:\/\/mainded.com\/?page_id=5510"},"modified":"2025-08-23T11:22:09","modified_gmt":"2025-08-23T10:22:09","slug":"cookie","status":"publish","type":"page","link":"https:\/\/mainded.com\/ro\/cookie\/","title":{"rendered":"Politica privind cookie-urile"},"content":{"rendered":"<header>\n<h1>Politica de confiden\u021bialitate a Ecommerce Professionals Group LLC.<\/h1>\n<p>Prezenta Politic\u0103 de confiden\u021bialitate descrie modul \u00een care Ecommerce Professionals Group LLC (denumit \u00een continuare \"site-ul\", \"noi\", \"ne\" sau \"al nostru\") colecteaz\u0103, utilizeaz\u0103 \u0219i divulg\u0103 informa\u021biile dvs. personale<br \/>\ninforma\u021bii atunci c\u00e2nd vizita\u021bi, utiliza\u021bi serviciile noastre sau efectua\u021bi o achizi\u021bie de pe mainded.com (denumit \u00een continuare \u201cSite\u201d) sau comunica\u021bi \u00een alt mod cu noi (denumite \u00een mod colectiv<br \/>\n\"Servicii\"). \u00cen sensul prezentei Politici de confiden\u021bialitate, \"dvs.\" \u0219i \"dvs.\" \u00eenseamn\u0103 dvs. \u00een calitate de utilizator al Serviciilor, fie c\u0103 sunte\u021bi client, vizitator al site-ului web sau<br \/>\no alt\u0103 persoan\u0103 ale c\u0103rei informa\u021bii le-am colectat \u00een conformitate cu prezenta Politic\u0103 de confiden\u021bialitate.<br \/>\nV\u0103 rug\u0103m s\u0103 citi\u021bi cu aten\u021bie aceast\u0103 politic\u0103 de confiden\u021bialitate. Prin utilizarea \u0219i accesarea oric\u0103ruia dintre Servicii, sunte\u021bi de acord cu colectarea, utilizarea \u0219i divulgarea informa\u021biilor dvs.<br \/>\na\u0219a cum este descris \u00een prezenta Politic\u0103 de confiden\u021bialitate. Dac\u0103 nu sunte\u021bi de acord cu prezenta Politic\u0103 de confiden\u021bialitate, v\u0103 rug\u0103m s\u0103 nu utiliza\u021bi sau s\u0103 nu accesa\u021bi niciunul dintre Servicii.<br \/>\nModific\u0103ri ale prezentei politici de confiden\u021bialitate<br \/>\nPutem actualiza periodic prezenta Politic\u0103 de confiden\u021bialitate, inclusiv pentru a reflecta modific\u0103rile aduse practicilor noastre sau din alte motive opera\u021bionale, juridice sau de reglementare.<br \/>\nVom afi\u0219a Politica de confiden\u021bialitate revizuit\u0103 pe site, vom actualiza data \"Ultima actualizare\" \u0219i vom lua orice alte m\u0103suri cerute de legisla\u021bia aplicabil\u0103.<br \/>\nCum colect\u0103m \u0219i utiliz\u0103m informa\u021biile dvs. personale<br \/>\nPentru a furniza serviciile, colect\u0103m \u0219i am colectat \u00een ultimele 12 luni informa\u021bii personale despre dumneavoastr\u0103 dintr-o varietate de surse, dup\u0103 cum urmeaz\u0103<br \/>\nmai jos. Informa\u021biile pe care le colect\u0103m \u0219i le utiliz\u0103m variaz\u0103 \u00een func\u021bie de modul \u00een care interac\u021biona\u021bi cu noi.<br \/>\n\u00cen plus fa\u021b\u0103 de utiliz\u0103rile specifice prezentate mai jos, putem utiliza informa\u021biile pe care le colect\u0103m despre dumneavoastr\u0103 pentru a comunica cu dumneavoastr\u0103, pentru a furniza Serviciile, pentru a respecta<br \/>\norice obliga\u021bii legale aplicabile, pentru a pune \u00een aplicare orice condi\u021bii de serviciu aplicabile \u0219i pentru a proteja sau ap\u0103ra Serviciile, drepturile noastre \u0219i drepturile utilizatorilor no\u0219tri sau<br \/>\nal\u021bii.<br \/>\nCe informa\u021bii personale colect\u0103m<br \/>\nTipurile de informa\u021bii personale pe care le ob\u021binem despre dvs. depind de modul \u00een care interac\u021biona\u021bi cu site-ul nostru \u0219i utiliza\u021bi serviciile noastre. Atunci c\u00e2nd folosim termenul<br \/>\n\"informa\u021bii cu caracter personal\", ne referim la informa\u021bii care v\u0103 identific\u0103, se refer\u0103 la dumneavoastr\u0103, v\u0103 descriu sau pot fi asociate cu dumneavoastr\u0103. Urm\u0103toarele sec\u021biuni<br \/>\ndescrie categoriile \u0219i tipurile specifice de informa\u021bii cu caracter personal pe care le colect\u0103m.<br \/>\nInforma\u021bii pe care le colect\u0103m direct de la dumneavoastr\u0103<br \/>\nInforma\u021biile pe care ni le trimite\u021bi direct prin intermediul Serviciilor noastre pot include:<br \/>\n- Detalii de contact de baz\u0103, inclusiv numele, adresa, num\u0103rul de telefon, adresa de e-mail.<br \/>\n- Informa\u021bii despre comand\u0103, inclusiv numele dvs., adresa de facturare, adresa de expediere, confirmarea pl\u0103\u021bii, adresa de e-mail, num\u0103rul de telefon.<br \/>\n- Informa\u021bii despre cont, inclusiv numele dvs. de utilizator, parola, \u00eentreb\u0103rile de securitate.<br \/>\n- Informa\u021bii despre cump\u0103r\u0103turi, inclusiv articolele pe care le-a\u021bi vizualizat, le-a\u021bi pus \u00een co\u0219 sau le-a\u021bi ad\u0103ugat la lista de dorin\u021be.<br \/>\n- Informa\u021bii privind asisten\u021ba pentru clien\u021bi, inclusiv informa\u021biile pe care alege\u021bi s\u0103 le include\u021bi \u00een comunic\u0103rile cu noi, de exemplu, atunci c\u00e2nd trimite\u021bi un mesaj<br \/>\nprin intermediul Serviciilor.<br \/>\nprin intermediul Serviciilor.<br \/>\nUnele caracteristici ale serviciilor v\u0103 pot solicita s\u0103 ne furniza\u021bi direct anumite informa\u021bii despre dumneavoastr\u0103. Pute\u021bi alege s\u0103 nu furniza\u021bi aceste<br \/>\ninforma\u021bii, dar acest lucru v\u0103 poate \u00eempiedica s\u0103 utiliza\u021bi sau s\u0103 accesa\u021bi aceste func\u021bii.<br \/>\nInforma\u021bii pe care le colect\u0103m prin intermediul modulelor cookie<br \/>\nDe asemenea, colect\u0103m automat anumite informa\u021bii despre interac\u021biunea dvs. cu Serviciile (\"Date de utilizare\"). Pentru a face acest lucru, putem utiliza module cookie, pixeli \u0219i<br \/>\ntehnologii similare (\"Cookie-uri\"). Datele de utilizare pot include informa\u021bii despre modul \u00een care accesa\u021bi \u0219i utiliza\u021bi site-ul nostru \u0219i contul dvs., inclusiv dispozitivul<br \/>\ninforma\u021bii despre browser, informa\u021bii despre conexiunea dumneavoastr\u0103 la re\u021bea, adresa dumneavoastr\u0103 IP \u0219i alte informa\u021bii privind interac\u021biunea dumneavoastr\u0103 cu<br \/>\nServiciile.<br \/>\nInforma\u021bii pe care le ob\u021binem de la ter\u021be p\u0103r\u021bi<br \/>\n\u00cen cele din urm\u0103, putem ob\u021bine informa\u021bii despre dvs. de la ter\u021bi, inclusiv de la v\u00e2nz\u0103tori \u0219i furnizori de servicii care pot colecta informa\u021bii pe site-ul nostru<br \/>\ncum ar fi:<br \/>\n- Companii care sprijin\u0103 Site-ul \u0219i Serviciile noastre, cum ar fi Shopify.<br \/>\n- Procesatorii no\u0219tri de pl\u0103\u021bi, care colecteaz\u0103 informa\u021bii de plat\u0103 (de exemplu, contul bancar, informa\u021bii despre cardul de credit sau de debit, adresa de facturare) pentru a procesa<br \/>\nplata pentru a v\u0103 \u00eendeplini comenzile \u0219i pentru a v\u0103 furniza produsele sau serviciile pe care le-a\u021bi solicitat, \u00een vederea execut\u0103rii contractului nostru cu dumneavoastr\u0103.<br \/>\n- Atunci c\u00e2nd vizita\u021bi site-ul nostru, deschide\u021bi sau face\u021bi clic pe e-mailurile pe care vi le trimitem sau interac\u021biona\u021bi cu serviciile sau reclamele noastre, noi, sau ter\u021bii cu care lucr\u0103m, putem<br \/>\ncolect\u0103m automat anumite informa\u021bii utiliz\u00e2nd tehnologii de urm\u0103rire online, cum ar fi pixeli, balize web, kituri pentru dezvoltatori de software, biblioteci ter\u021be,<br \/>\n\u0219i pr\u0103jituri.<br \/>\nOrice informa\u021bii pe care le ob\u021binem de la ter\u021be p\u0103r\u021bi vor fi tratate \u00een conformitate cu prezenta Politic\u0103 de confiden\u021bialitate. Nu suntem responsabili sau r\u0103spunz\u0103tori pentru acurate\u021bea<br \/>\ninforma\u021biile care ne sunt furnizate de ter\u021bi \u0219i nu suntem responsabili pentru politicile sau practicile niciunui ter\u021b. Pentru mai multe informa\u021bii, consulta\u021bi sec\u021biunea<br \/>\nde mai jos, site-uri web ale ter\u021bilor \u0219i linkuri.<br \/>\nCum folosim informa\u021biile dvs. personale<br \/>\n- Furnizarea de produse \u0219i servicii. Utiliz\u0103m informa\u021biile dvs. cu caracter personal pentru a v\u0103 furniza Serviciile \u00een vederea execut\u0103rii contractului nostru cu dvs,<br \/>\ninclusiv pentru a v\u0103 procesa pl\u0103\u021bile, pentru a v\u0103 \u00eendeplini comenzile, pentru a v\u0103 trimite notific\u0103ri legate de contul dvs., achizi\u021bii, retururi, schimburi sau alte<br \/>\ntranzac\u021bii, pentru a crea, men\u021bine \u0219i gestiona \u00een alt mod contul dvs., pentru a aranja expedierea, pentru a facilita orice return\u0103ri \u0219i schimburi \u0219i pentru a v\u0103 permite s\u0103<br \/>\nrecenzii post.<br \/>\n- Marketing \u0219i publicitate. Utiliz\u0103m informa\u021biile dvs. personale \u00een scopuri de marketing \u0219i promovare, cum ar fi trimiterea de materiale de marketing, publicitate \u0219i<br \/>\ncomunic\u0103ri promo\u021bionale prin e-mail, mesaje text sau po\u0219t\u0103 \u0219i pentru a v\u0103 afi\u0219a reclame pentru produse sau servicii. Aceasta poate include utilizarea<br \/>\ninforma\u021biile dvs. personale pentru a adapta mai bine serviciile \u0219i publicitatea de pe site-ul nostru \u0219i de pe alte site-uri web.<br \/>\n- Securitate \u0219i prevenirea fraudelor. Utiliz\u0103m informa\u021biile dvs. cu caracter personal pentru a detecta, investiga sau lua m\u0103suri cu privire la posibile ac\u021biuni frauduloase, ilegale sau<br \/>\nactivit\u0103\u021bi r\u0103u inten\u021bionate. Dac\u0103 alege\u021bi s\u0103 utiliza\u021bi Serviciile \u0219i s\u0103 \u00eenregistra\u021bi un cont, sunte\u021bi responsabil pentru p\u0103strarea \u00een siguran\u021b\u0103 a acredit\u0103rilor contului dumneavoastr\u0103. V\u0103 recomand\u0103m<br \/>\nv\u0103 recomand\u0103m s\u0103 nu partaja\u021bi numele de utilizator, parola sau alte detalii de acces cu nimeni altcineva. Dac\u0103 crede\u021bi c\u0103 contul dvs. a fost<br \/>\ncompromis\u0103, v\u0103 rug\u0103m s\u0103 ne contacta\u021bi imediat.<br \/>\n- Comunicarea cu dumneavoastr\u0103. Utiliz\u0103m informa\u021biile dvs. personale pentru a v\u0103 oferi asisten\u021b\u0103 pentru clien\u021bi \u0219i pentru a ne \u00eembun\u0103t\u0103\u021bi Serviciile. Acest lucru este \u00een conformitate cu dreptul nostru legitim<br \/>\npentru a v\u0103 r\u0103spunde, pentru a v\u0103 oferi servicii eficiente \u0219i pentru a men\u021bine rela\u021bia noastr\u0103 de afaceri cu dumneavoastr\u0103.<br \/>\nCookie-uri<br \/>\nLa fel ca multe alte site-uri web, utiliz\u0103m module cookie pe site-ul nostru. Pentru informa\u021bii specifice despre modulele cookie pe care le folosim \u00een leg\u0103tur\u0103 cu alimentarea magazinului nostru cu Shopify, consulta\u021bi<br \/>\nhttps:\/\/www.shopify.com\/legal\/cookies. Utiliz\u0103m module cookie pentru a alimenta \u0219i \u00eembun\u0103t\u0103\u021bi site-ul \u0219i serviciile noastre (inclusiv pentru a re\u021bine ac\u021biunile \u0219i<br \/>\npreferin\u021be), pentru a efectua analize \u0219i a \u00een\u021belege mai bine interac\u021biunea utilizatorilor cu Serviciile (\u00een interesul nostru legitim de a administra, \u00eembun\u0103t\u0103\u021bi \u0219i optimiza<br \/>\nServiciile). De asemenea, putem permite ter\u021bilor \u0219i furnizorilor de servicii s\u0103 utilizeze module cookie pe site-ul nostru pentru a adapta mai bine serviciile, produsele \u0219i publicitatea<br \/>\npe site-ul nostru \u0219i pe alte site-uri web.<br \/>\nMajoritatea browserelor accept\u0103 automat Cookie-urile \u00een mod implicit, dar pute\u021bi alege s\u0103 v\u0103 seta\u021bi browserul pentru a elimina sau respinge Cookie-urile prin intermediul browserului dvs.<br \/>\ncontroale. V\u0103 rug\u0103m s\u0103 re\u021bine\u021bi c\u0103 eliminarea sau blocarea modulelor cookie poate avea un impact negativ asupra experien\u021bei dvs. de utilizare \u0219i poate cauza disfunc\u021bionalitatea anumitor servicii,<br \/>\ninclusiv anumite caracteristici \u0219i func\u021bionalit\u0103\u021bi generale, s\u0103 func\u021bioneze incorect sau s\u0103 nu mai fie disponibile. \u00cen plus, blocarea Cookie-urilor poate s\u0103 nu<br \/>\ns\u0103 preveni\u021bi modul \u00een care partaj\u0103m informa\u021bii cu ter\u021be p\u0103r\u021bi, cum ar fi partenerii no\u0219tri de publicitate.<br \/>\nCum divulg\u0103m informa\u021biile personale<br \/>\n\u00cen anumite circumstan\u021be, putem dezv\u0103lui informa\u021biile dvs. personale unor ter\u021be p\u0103r\u021bi \u00een scopuri legitime, sub rezerva prezentei politici de confiden\u021bialitate. Astfel de<br \/>\ncircumstan\u021bele pot include:<br \/>\ncircumstan\u021bele pot include:<br \/>\n- Cu furnizori sau alte p\u0103r\u021bi ter\u021be care presteaz\u0103 servicii \u00een numele nostru (de exemplu, gestionarea IT, prelucrarea pl\u0103\u021bilor, analiza datelor, asisten\u021ba pentru clien\u021bi,<br \/>\nstocare \u00een cloud, \u00eendeplinire \u0219i expediere).<br \/>\n- Cu parteneri de afaceri \u0219i de marketing, inclusiv Shopify, pentru a v\u0103 furniza servicii \u0219i a v\u0103 face publicitate. [[NOT\u0102 PENTRU COMERCIANT: INTRODUCE\u021aI URM\u0102TOARELE<br \/>\nPROPOZI\u021aIE DAC\u0102 UTILIZA\u021aI SERVICIILE DE PUBLICITATE ALE SHOPIFY, CUM AR FI SHOPIFY AUDIENCES]] [De exemplu, utiliz\u0103m Shopify pentru a sprijini publicitatea personalizat\u0103 cu<br \/>\nservicii ter\u021be]. Partenerii no\u0219tri de afaceri \u0219i de marketing vor utiliza informa\u021biile dvs. \u00een conformitate cu propriile lor notific\u0103ri privind confiden\u021bialitatea.<br \/>\n- Atunci c\u00e2nd ne solicita\u021bi, ne solicita\u021bi sau consim\u021bi\u021bi \u00een alt mod la divulgarea anumitor informa\u021bii c\u0103tre ter\u021be p\u0103r\u021bi, cum ar fi pentru a v\u0103 expedia produse sau prin intermediul dvs.<br \/>\nutilizarea de widget-uri de social media sau integr\u0103ri de conectare, cu consim\u021b\u0103m\u00e2ntul dumneavoastr\u0103.<br \/>\n- Cu afilia\u021bii no\u0219tri sau \u00een cadrul grupului nostru corporativ, \u00een interesul nostru legitim de a conduce o afacere de succes.<br \/>\n- \u00cen leg\u0103tur\u0103 cu o tranzac\u021bie comercial\u0103, cum ar fi o fuziune sau un faliment, pentru a respecta orice obliga\u021bii legale aplicabile (inclusiv pentru a r\u0103spunde la<br \/>\ncita\u021bii, mandate de perchezi\u021bie \u0219i solicit\u0103ri similare), pentru a pune \u00een aplicare orice termeni de serviciu aplicabile \u0219i pentru a proteja sau ap\u0103ra Serviciile, drepturile noastre \u0219i<br \/>\ndrepturile utilizatorilor no\u0219tri sau ale altora.<br \/>\n\u00cen ultimele 12 luni, am divulgat urm\u0103toarele categorii de informa\u021bii cu caracter personal \u0219i informa\u021bii cu caracter personal sensibile (indicate prin *) despre<br \/>\nutilizatorilor \u00een scopurile stabilite mai sus \u00een \"Cum colect\u0103m \u0219i utiliz\u0103m informa\u021biile dvs. personale\" \u0219i \"Cum divulg\u0103m informa\u021biile personale\":<br \/>\nCategorie:<br \/>\n- Datele de identificare, cum ar fi datele de contact de baz\u0103 \u0219i anumite informa\u021bii privind comenzile \u0219i conturile<br \/>\n- Informa\u021bii comerciale, cum ar fi informa\u021bii privind comenzile, informa\u021biile privind cump\u0103r\u0103turile \u0219i informa\u021biile privind asisten\u021ba pentru clien\u021bi<br \/>\n- Internet sau alte activit\u0103\u021bi de re\u021bea similare, cum ar fi datele de utilizare<br \/>\nCategorii de beneficiari:<br \/>\n- Furnizorii \u0219i p\u0103r\u021bile ter\u021be care presteaz\u0103 servicii \u00een numele nostru (cum ar fi furnizorii de servicii de internet, procesatorii de pl\u0103\u021bi, partenerii de execu\u021bie, clien\u021bii<br \/>\nparteneri de asisten\u021b\u0103 \u0219i furnizori de servicii de analiz\u0103 a datelor)<br \/>\n- Parteneri de afaceri \u0219i de marketing<br \/>\n- Afilia\u021bi<br \/>\nNu folosim sau divulg\u0103m informa\u021bii personale sensibile \u00een scopul de a deduce caracteristici despre dumneavoastr\u0103.<br \/>\n[[NOT\u0102 PENTRU COMERCIANT- INTRODUCE\u021aI URM\u0102TORUL PARAGRAF \u0218I LISTELE DAC\u0102 UTILIZA\u021aI SERVICIILE DE ANUN\u021aURI ALE SHOPIFY, CUM AR FI SHOPIFY AUDIENCES SAU ENGAGING<br \/>\n\u00ceN ORICE ALT\u0102 ACTIVITATE CARE POATE FI CONSIDERAT\u0102 \"V\u00c2NZARE\" SAU \"PARTAJARE\" DE INFORMA\u021aII CU CARACTER PERSONAL SAU PRELUCRARE DE INFORMA\u021aII CU CARACTER PERSONAL<br \/>\nPENTRU \"PUBLICITATE DIREC\u021aIONAT\u0102\"]]\nAm \"v\u00e2ndut\" \u0219i \"partajat\" (astfel cum sunt defini\u021bi ace\u0219ti termeni \u00een legisla\u021bia aplicabil\u0103) informa\u021bii personale \u00een ultimele 12 luni \u00een scopul<br \/>\nangajarea \u00een activit\u0103\u021bi de publicitate \u0219i marketing, dup\u0103 cum urmeaz\u0103.<br \/>\nCategoria de informa\u021bii cu caracter personal<br \/>\n- Datele de identificare, cum ar fi datele de contact de baz\u0103 \u0219i anumite informa\u021bii privind comenzile \u0219i conturile<br \/>\n- Informa\u021bii comerciale, cum ar fi \u00eenregistr\u0103ri ale produselor sau serviciilor achizi\u021bionate \u0219i informa\u021bii privind cump\u0103r\u0103turile<br \/>\n- Internet sau alte activit\u0103\u021bi de re\u021bea similare, cum ar fi datele de utilizare<br \/>\nCategorii de beneficiari<br \/>\n- Parteneri de afaceri \u0219i de marketing<br \/>\nCon\u021binut generat de utilizator<br \/>\nServiciile v\u0103 pot permite s\u0103 posta\u021bi comentarii despre produse \u0219i alt con\u021binut generat de utilizatori. Dac\u0103 alege\u021bi s\u0103 trimite\u021bi con\u021binut generat de utilizator c\u0103tre orice site public<br \/>\na Serviciilor, acest con\u021binut va fi public \u0219i accesibil oricui.<br \/>\nNu control\u0103m cine va avea acces la informa\u021biile pe care alege\u021bi s\u0103 le pune\u021bi la dispozi\u021bia altor persoane \u0219i nu ne putem asigura c\u0103 p\u0103r\u021bile care au acces<br \/>\nla astfel de informa\u021bii v\u0103 va respecta confiden\u021bialitatea sau le va p\u0103stra \u00een siguran\u021b\u0103. Nu suntem responsabili pentru confiden\u021bialitatea sau securitatea informa\u021biilor pe care le furniza\u021bi<br \/>\ndisponibile publicului sau pentru acurate\u021bea, utilizarea sau utilizarea necorespunz\u0103toare a oric\u0103ror informa\u021bii pe care le divulga\u021bi sau le primi\u021bi de la ter\u021bi.<br \/>\nSite-uri web \u0219i linkuri ale ter\u021bilor<br \/>\nSite-ul nostru poate furniza linkuri c\u0103tre site-uri web sau alte platforme online operate de ter\u021bi. Dac\u0103 urma\u021bi linkuri c\u0103tre site-uri care nu sunt afiliate sau controlate de noi,<br \/>\nPowered by Shopify<br \/>\nwww.shopify.com<br \/>\nSite-ul nostru poate furniza linkuri c\u0103tre site-uri web sau alte platforme online operate de ter\u021bi. Dac\u0103 urma\u021bi linkuri c\u0103tre site-uri care nu sunt afiliate sau controlate de noi,<br \/>\ntrebuie s\u0103 consulta\u021bi politicile de confiden\u021bialitate \u0219i securitate ale acestora \u0219i al\u021bi termeni \u0219i condi\u021bii. Nu garant\u0103m \u0219i nu suntem responsabili pentru confiden\u021bialitatea sau<br \/>\nsecuritatea acestor site-uri, inclusiv acurate\u021bea, exhaustivitatea sau fiabilitatea informa\u021biilor g\u0103site pe aceste site-uri. Informa\u021biile pe care le furniza\u021bi pe site-uri publice sau semipublice<br \/>\ninclusiv informa\u021biile pe care le partaja\u021bi pe platforme de re\u021bele sociale ter\u021be pot fi vizualizate \u0219i de al\u021bi utilizatori ai serviciilor \u0219i\/sau<br \/>\nutilizatorii acestor platforme ter\u021be, f\u0103r\u0103 a se limita la utilizarea acestora de c\u0103tre noi sau de c\u0103tre o ter\u021b\u0103 parte. Includerea de c\u0103tre noi a unor astfel de link-uri nu implic\u0103, prin ea \u00eens\u0103\u0219i, nicio<br \/>\naprobarea con\u021binutului de pe astfel de platforme sau a proprietarilor sau operatorilor acestora, cu excep\u021bia celor dezv\u0103luite pe Servicii.<br \/>\nDate privind copiii<br \/>\nServiciile nu sunt destinate utiliz\u0103rii de c\u0103tre copii, iar noi nu colect\u0103m \u00een mod con\u0219tient informa\u021bii personale despre copii. Dac\u0103 sunte\u021bi p\u0103rintele sau<br \/>\ntutorele unui copil care ne-a furnizat informa\u021biile sale cu caracter personal, ne pute\u021bi contacta folosind datele de contact de mai jos pentru a solicita ca acestea s\u0103 fie<br \/>\n\u0219ters.<br \/>\nLa data intr\u0103rii \u00een vigoare a prezentei Politici de confiden\u021bialitate, nu avem cuno\u0219tin\u021b\u0103 c\u0103 \"partaj\u0103m\" sau \"vindem\" (astfel cum sunt defini\u021bi ace\u0219ti termeni \u00een legisla\u021bia aplicabil\u0103)<br \/>\ninforma\u021biile personale ale persoanelor cu v\u00e2rsta sub 16 ani.<br \/>\n[[NOT\u0102 PENTRU COMERCIANT: V\u0102 RUG\u0102M S\u0102 CONSULTA\u021aI UN CONSILIER JURIDIC \u00ceN CAZUL \u00ceN CARE SITE-UL DVS. ESTE AXAT SAU DIREC\u021aIONAT PE COPII, DEOARECE DEZV\u0102LUIRILE MAI SPECIFICE POT<br \/>\nESTE OBLIGATORIU]].\nSecuritatea \u0219i p\u0103strarea informa\u021biilor dvs.<br \/>\nV\u0103 rug\u0103m s\u0103 fi\u021bi con\u0219tien\u021bi de faptul c\u0103 nicio m\u0103sur\u0103 de securitate nu este perfect\u0103 sau impenetrabil\u0103 \u0219i nu putem garanta o \"securitate perfect\u0103\". \u00cen plus, orice informa\u021bii pe care le<br \/>\npe care ni le trimite\u021bi este posibil s\u0103 nu fie securizate \u00een timpul tranzitului. V\u0103 recomand\u0103m s\u0103 nu utiliza\u021bi canale nesigure pentru a comunica informa\u021bii sensibile sau confiden\u021biale<br \/>\ninforma\u021bii c\u0103tre noi.<\/p>\n<\/header>","protected":false},"excerpt":{"rendered":"<p>Ecommerce Professionals Group LLC Privacy Policy. This Privacy Policy describes how Ecommerce Professionals Group LLC (the &#8220;Site&#8221;, &#8220;we&#8221;, &#8220;us&#8221;, or &#8220;our&#8221;) collects, uses, and discloses your personal information when you visit, use our services, or make a purchase from mainded.com (the &#8220;Site&#8221;) or otherwise communicate with us (collectively, the &#8220;Services&#8221;). For purposes of this Privacy [&#8230;]","protected":false},"author":1,"featured_media":0,"parent":0,"menu_order":0,"comment_status":"closed","ping_status":"closed","template":"","meta":{"footnotes":""},"class_list":["post-5510","page","type-page","status-publish","hentry"],"_links":{"self":[{"href":"https:\/\/mainded.com\/ro\/wp-json\/wp\/v2\/pages\/5510","targetHints":{"allow":["GET"]}}],"collection":[{"href":"https:\/\/mainded.com\/ro\/wp-json\/wp\/v2\/pages"}],"about":[{"href":"https:\/\/mainded.com\/ro\/wp-json\/wp\/v2\/types\/page"}],"author":[{"embeddable":true,"href":"https:\/\/mainded.com\/ro\/wp-json\/wp\/v2\/users\/1"}],"replies":[{"embeddable":true,"href":"https:\/\/mainded.com\/ro\/wp-json\/wp\/v2\/comments?post=5510"}],"version-history":[{"count":0,"href":"https:\/\/mainded.com\/ro\/wp-json\/wp\/v2\/pages\/5510\/revisions"}],"wp:attachment":[{"href":"https:\/\/mainded.com\/ro\/wp-json\/wp\/v2\/media?parent=5510"}],"curies":[{"name":"wp","href":"https:\/\/api.w.org\/{rel}","templated":true}]}}