{"id":5506,"date":"2018-07-05T11:04:30","date_gmt":"2018-07-05T11:04:30","guid":{"rendered":"https:\/\/mainded.com\/?page_id=5506"},"modified":"2025-08-23T11:19:51","modified_gmt":"2025-08-23T10:19:51","slug":"privacy","status":"publish","type":"page","link":"https:\/\/mainded.com\/ro\/privacy\/","title":{"rendered":"Politica de confiden\u021bialitate"},"content":{"rendered":"<header>Oper\u0103m un magazin electronic pe site-ul mainded.comPentru furnizarea serviciilor noastre, v\u00e2nzarea de bunuri \u0219i operarea site-ului nostru, prelucr\u0103m anumite date cu caracter personal.<\/p>\n<p>&nbsp;<\/p>\n<p>Prelucrarea datelor cu caracter personal este reglementat\u0103 \u00een special de Regulamentul (UE) 2016\/679 al Parlamentului European \u0219i al Consiliului din 27 aprilie 2016 privind protec\u021bia persoanelor fizice \u00een leg\u0103tur\u0103 cu prelucrarea datelor cu caracter personal \u0219i privind libera circula\u021bie a acestor date \u0219i privind abrogarea Directivei 95\/46\/CE (Regulamentul general privind protec\u021bia datelor cu caracter personal) (\"GDPR\")<\/p>\n<p>I. Prelucrarea datelor cu caracter personal<br \/>\nA. Prelucrarea datelor cu caracter personal atunci c\u00e2nd se utilizeaz\u0103 formularul de contact<\/p>\n<p>&nbsp;<\/p>\n<p>Dac\u0103 solicita\u021bi informa\u021bii despre produsele \u0219i serviciile noastre, vom lucra cu informa\u021biile de contact pe care ni le furniza\u021bi, \u00een principal prin intermediul formularului de solicitare. Acestea sunt: ............................<\/p>\n<p>&nbsp;<\/p>\n<p>Pentru ce motiv?<\/p>\n<p>V\u0103 vom contacta prin intermediul acestora pentru alte aranjamente privind bunurile \u0219i serviciile.<\/p>\n<p>&nbsp;<\/p>\n<p>Pe ce temei juridic?<\/p>\n<p>Aceasta este prelucrarea \u00een temeiul articolului 6 alineatul (1) litera b) din RGPD - negocierea unui contract sau punerea \u00een aplicare a m\u0103surilor precontractuale la cererea dumneavoastr\u0103.<\/p>\n<p>&nbsp;<\/p>\n<p>C\u00e2t timp vom prelucra datele cu caracter personal?<\/p>\n<p>\u00cen cazul \u00een care nu stabilim o cooperare ulterioar\u0103, vom prelucra datele dumneavoastr\u0103 pentru o perioad\u0103 de maximum 90 de zile de la ultima noastr\u0103 comunicare.<\/p>\n<p>&nbsp;<\/p>\n<p>B. Prelucrarea datelor cu caracter personal \u00een cazul achizi\u021biei<\/p>\n<p>&nbsp;<\/p>\n<p>Dac\u0103 face\u021bi o achizi\u021bie de la noi, vom lucra cu datele pe care ni le furniza\u021bi. Acestea sunt \u00een principal date de facturare: nume, prenume, adres\u0103.<\/p>\n<p>&nbsp;<\/p>\n<p>Pentru ce motiv?<\/p>\n<p>Trebuie s\u0103 prelucr\u0103m datele cu caracter personal pentru a ne \u00eendeplini contractul - pentru a v\u0103 livra bunurile sau serviciile noastre. De asemenea, vom comunica cu dvs. prin intermediul datelor de contact cu privire la stadiul comenzii dvs., eventual cu privire la reclama\u021bii sau \u00eentreb\u0103ri.<\/p>\n<p>Vom continua s\u0103 prelucr\u0103m datele cu caracter personal pentru a ne \u00eendeplini obliga\u021biile care decurg din lege (\u00een principal \u00een scopuri contabile \u0219i fiscale, eventual pentru prelucrarea pl\u00e2ngerilor \u0219i altele).<\/p>\n<p>&nbsp;<\/p>\n<p>Pe ce temei juridic prelucr\u0103m datele cu caracter personal?<\/p>\n<p>Aceasta este prelucrarea \u00een temeiul articolului 6 alineatul 1 litera b) din GDPR - executarea contractului \u0219i al articolului 6 alineatul 1 litera c) din GDPR - \u00eendeplinirea obliga\u021biei noastre legale.<\/p>\n<p>&nbsp;<\/p>\n<p>C\u00e2t timp vom prelucra datele cu caracter personal?<\/p>\n<p>Pe durata execut\u0103rii serviciului nostru \u0219i apoi ......... de la ultima furnizare a unui astfel de serviciu sau livrare de bunuri.<\/p>\n<p>&nbsp;<\/p>\n<p>C. Buletine informative<\/p>\n<p>Dac\u0103 sunte\u021bi un client care face cump\u0103r\u0103turi \u0219i nu ne-a\u021bi exclus la momentul achizi\u021biei, vom utiliza adresa dvs. de e-mail pentru a v\u0103 trimite buletinele noastre informative.<\/p>\n<p>&nbsp;<\/p>\n<p>Pe ce temei juridic?<\/p>\n<p>Suntem autoriza\u021bi s\u0103 facem acest lucru \u00een conformitate cu sec\u021biunea 7, alineatul 3 din Legea nr. 480\/2004 privind anumite servicii ale societ\u0103\u021bii informa\u021bionale, dac\u0103 nu ne-a\u021bi interzis acest lucru \u00een timpul achizi\u021biei.<\/p>\n<p>&nbsp;<\/p>\n<p>C\u00e2t timp vom prelucra datele cu caracter personal?<\/p>\n<p>2 ani\/an de la ultima dvs. achizi\u021bie. V\u0103 pute\u021bi dezabona oric\u00e2nd de la newsletter prin e-mail sau ne pute\u021bi contacta la adresa de e-mail: info@mainded.com<\/p>\n<p>&nbsp;<\/p>\n<p>&nbsp;<\/p>\n<p>II. Cine are acces la date?<br \/>\nDatele dumneavoastr\u0103 vor r\u0103m\u00e2ne la noi. Cu toate acestea, unele companii sau alte persoane lucreaz\u0103 pentru noi \u0219i au acces la date deoarece ne ajut\u0103 s\u0103 ne gestion\u0103m magazinul electronic. Acestea sunt:<\/p>\n<p>societ\u0103\u021bi care particip\u0103 la expedierea de m\u0103rfuri (Packeta)<br \/>\nsociet\u0103\u021bi participante la expedierea pl\u0103\u021bilor (FIO BANKA)<br \/>\nfurnizor de servicii de e-mailing (Ionos)<\/p>\n<p>&nbsp;<\/p>\n<p>&nbsp;<\/p>\n<p>&nbsp;<\/p>\n<p>Prelucr\u0103m datele cu caracter personal numai pe teritoriul Uniunii Europene.<\/p>\n<p>&nbsp;<\/p>\n<p>III. Ce altceva ar trebui s\u0103 \u0219ti\u021bi?<br \/>\nNu avem\/nu avem un responsabil desemnat cu protec\u021bia datelor \u00een cadrul societ\u0103\u021bii noastre.<\/p>\n<p>&nbsp;<\/p>\n<p>Compania noastr\u0103 nu ia\/nu ia decizii bazate pe prelucrarea automat\u0103 sau crearea de profiluri.<\/p>\n<p>&nbsp;<\/p>\n<p>Dac\u0103 ave\u021bi \u00eentreb\u0103ri cu privire la datele cu caracter personal, v\u0103 rug\u0103m s\u0103 ne contacta\u021bi la adresa de e-mail<strong> info@mainded.com<\/strong><\/p>\n<p>&nbsp;<\/p>\n<p>IV. Utilizarea modulelor cookie<br \/>\nModulele cookie sunt fi\u0219iere text care con\u021bin o cantitate mic\u0103 de informa\u021bii care sunt desc\u0103rcate pe dispozitivul dvs. atunci c\u00e2nd vizita\u021bi site-ul nostru web. Cookie-urile sunt apoi trimise \u00eenapoi c\u0103tre site-ul web sau c\u0103tre un alt site web care le recunoa\u0219te la fiecare vizit\u0103 ulterioar\u0103.<\/p>\n<p>&nbsp;<\/p>\n<p>Modulele cookie \u00eendeplinesc diverse sarcini, de exemplu permit navigarea eficient\u0103 \u00eentre paginile web, amintesc preferin\u021bele dvs. \u0219i \u00eembun\u0103t\u0103\u021besc experien\u021ba general\u0103 a utilizatorului. De asemenea, acestea pot asigura c\u0103 reclamele afi\u0219ate online sunt mai bine adaptate la dumneavoastr\u0103 \u0219i la interesele dumneavoastr\u0103.<\/p>\n<p>&nbsp;<\/p>\n<p>Utiliz\u0103m urm\u0103toarele module cookie pe site:<\/p>\n<p>Cookie-uri necesare: acestea sunt necesare pentru func\u021bionarea site-ului, de exemplu, v\u0103 permit s\u0103 v\u0103 conecta\u021bi la p\u0103r\u021bile securizate ale site-ului \u0219i la alte func\u021bionalit\u0103\u021bi de baz\u0103 ale site-ului.<\/p>\n<\/header>","protected":false},"excerpt":{"rendered":"<p>We operate an e-shop on the website mainded.comFor the provision of our services, the sale of goods and the operation of our website, we process some personal data. &nbsp; The processing of personal data is regulated in particular by Regulation (EU) 2016\/679 of the European Parliament and of the Council of 27 April 2016 on [&#8230;]","protected":false},"author":1,"featured_media":0,"parent":0,"menu_order":0,"comment_status":"closed","ping_status":"closed","template":"","meta":{"footnotes":""},"class_list":["post-5506","page","type-page","status-publish","hentry"],"_links":{"self":[{"href":"https:\/\/mainded.com\/ro\/wp-json\/wp\/v2\/pages\/5506","targetHints":{"allow":["GET"]}}],"collection":[{"href":"https:\/\/mainded.com\/ro\/wp-json\/wp\/v2\/pages"}],"about":[{"href":"https:\/\/mainded.com\/ro\/wp-json\/wp\/v2\/types\/page"}],"author":[{"embeddable":true,"href":"https:\/\/mainded.com\/ro\/wp-json\/wp\/v2\/users\/1"}],"replies":[{"embeddable":true,"href":"https:\/\/mainded.com\/ro\/wp-json\/wp\/v2\/comments?post=5506"}],"version-history":[{"count":0,"href":"https:\/\/mainded.com\/ro\/wp-json\/wp\/v2\/pages\/5506\/revisions"}],"wp:attachment":[{"href":"https:\/\/mainded.com\/ro\/wp-json\/wp\/v2\/media?parent=5506"}],"curies":[{"name":"wp","href":"https:\/\/api.w.org\/{rel}","templated":true}]}}