{"id":35012,"date":"2024-12-28T16:43:18","date_gmt":"2024-12-28T15:43:18","guid":{"rendered":"https:\/\/mainded.com\/?post_type=product&#038;p=35012"},"modified":"2025-02-07T13:38:21","modified_gmt":"2025-02-07T12:38:21","slug":"internet-21","status":"publish","type":"product","link":"https:\/\/mainded.com\/it\/p\/internet-21\/","title":{"rendered":"Internet 21"},"content":{"rendered":"","protected":false},"excerpt":{"rendered":"<p>Sapevate che esistono modi semplici per fare soldi online? Ne abbiamo trovati 21 solo per voi...<\/p>\n<p>Siete stanchi di lavorare sodo e di non essere ricompensati in modo equo? Con questo eBook scoprirete i segreti che vi permetteranno di trasformare il vostro tempo online in denaro reale! Non aspettate un miracolo: questi metodi comprovati funzionano e sono pronti per chi \u00e8 determinato ad avere successo. Ogni giorno in cui non utilizzate le informazioni contenute in questo eBook \u00e8 un altro giorno in cui la libert\u00e0 finanziaria vi sfugge dalle mani.<\/p>\n<p>Vi sveleremo 21 modi per incrementare facilmente le vostre entrate online. La parte migliore? Non \u00e8 necessaria alcuna esperienza precedente o un grande investimento: la maggior parte dei metodi pu\u00f2 essere provata a costo zero.<\/p>\n<p>Imparate a sfruttare l'intelligenza artificiale, l'arbitraggio e vari siti web e app a vostro vantaggio!<\/p>\n<p>\u2705 Guadagnare pi\u00f9 libert\u00e0<br \/>\n\u2705 Iniziate oggi stesso<br \/>\n\u2705 Si pu\u00f2 iniziare gratuitamente<\/p>","protected":false},"featured_media":35013,"comment_status":"open","ping_status":"closed","template":"","meta":[],"product_brand":[],"product_cat":[105,211],"product_tag":[],"class_list":{"0":"post-35012","1":"product","2":"type-product","3":"status-publish","4":"has-post-thumbnail","6":"product_cat-nezarazene","7":"product_cat-na-miru","9":"first","10":"instock","11":"sale","12":"downloadable","13":"virtual","14":"purchasable","15":"product-type-simple"},"_links":{"self":[{"href":"https:\/\/mainded.com\/it\/wp-json\/wp\/v2\/product\/35012","targetHints":{"allow":["GET"]}}],"collection":[{"href":"https:\/\/mainded.com\/it\/wp-json\/wp\/v2\/product"}],"about":[{"href":"https:\/\/mainded.com\/it\/wp-json\/wp\/v2\/types\/product"}],"replies":[{"embeddable":true,"href":"https:\/\/mainded.com\/it\/wp-json\/wp\/v2\/comments?post=35012"}],"wp:featuredmedia":[{"embeddable":true,"href":"https:\/\/mainded.com\/it\/wp-json\/wp\/v2\/media\/35013"}],"wp:attachment":[{"href":"https:\/\/mainded.com\/it\/wp-json\/wp\/v2\/media?parent=35012"}],"wp:term":[{"taxonomy":"product_brand","embeddable":true,"href":"https:\/\/mainded.com\/it\/wp-json\/wp\/v2\/product_brand?post=35012"},{"taxonomy":"product_cat","embeddable":true,"href":"https:\/\/mainded.com\/it\/wp-json\/wp\/v2\/product_cat?post=35012"},{"taxonomy":"product_tag","embeddable":true,"href":"https:\/\/mainded.com\/it\/wp-json\/wp\/v2\/product_tag?post=35012"}],"curies":[{"name":"wp","href":"https:\/\/api.w.org\/{rel}","templated":true}]}}