{"id":35010,"date":"2024-12-28T16:37:43","date_gmt":"2024-12-28T15:37:43","guid":{"rendered":"https:\/\/mainded.com\/?post_type=product&#038;p=35010"},"modified":"2025-02-06T15:58:46","modified_gmt":"2025-02-06T14:58:46","slug":"womanizer","status":"publish","type":"product","link":"https:\/\/mainded.com\/it\/p\/womanizer\/","title":{"rendered":"Donnaiolo"},"content":{"rendered":"","protected":false},"excerpt":{"rendered":"<p>Sapevate che con questi metodi avrete pi\u00f9 successo con le donne che con il 99% degli uomini?<br \/>\nSiate l'uomo a cui le donne non riescono a smettere di pensare.<\/p>\n<p>Diventate una calamita per le donne utilizzando le tecniche rivelate in questo eBook. Niente pi\u00f9 rifiuti, niente pi\u00f9 situazioni imbarazzanti! Imparate a suscitare naturalmente il suo interesse e a mantenerlo vivo. Scoprite i trucchi segreti che renderanno le donne incapaci di togliervi dalla testa. La maggior parte degli uomini ha difficolt\u00e0, ma voi saprete esattamente cosa fare.<\/p>\n<p>Volete essere l'uomo che non \u00e8 mai a corto di ammiratrici e i cui amici lo invidiano segretamente? Non aspettate! Ogni giorno di ritardo \u00e8 un'altra opportunit\u00e0 sprecata. Prendete il controllo della vostra vita sentimentale oggi stesso!<\/p>\n<p>Imparare ad approcciare le donne nel modo giusto<br \/>\nDite addio al rifiuto<br \/>\nTrasformate la vostra vita sentimentale<\/p>","protected":false},"featured_media":35011,"comment_status":"open","ping_status":"closed","template":"","meta":[],"product_brand":[],"product_cat":[105,211],"product_tag":[],"class_list":{"0":"post-35010","1":"product","2":"type-product","3":"status-publish","4":"has-post-thumbnail","6":"product_cat-nezarazene","7":"product_cat-na-miru","9":"first","10":"instock","11":"sale","12":"virtual","13":"purchasable","14":"product-type-simple"},"_links":{"self":[{"href":"https:\/\/mainded.com\/it\/wp-json\/wp\/v2\/product\/35010","targetHints":{"allow":["GET"]}}],"collection":[{"href":"https:\/\/mainded.com\/it\/wp-json\/wp\/v2\/product"}],"about":[{"href":"https:\/\/mainded.com\/it\/wp-json\/wp\/v2\/types\/product"}],"replies":[{"embeddable":true,"href":"https:\/\/mainded.com\/it\/wp-json\/wp\/v2\/comments?post=35010"}],"wp:featuredmedia":[{"embeddable":true,"href":"https:\/\/mainded.com\/it\/wp-json\/wp\/v2\/media\/35011"}],"wp:attachment":[{"href":"https:\/\/mainded.com\/it\/wp-json\/wp\/v2\/media?parent=35010"}],"wp:term":[{"taxonomy":"product_brand","embeddable":true,"href":"https:\/\/mainded.com\/it\/wp-json\/wp\/v2\/product_brand?post=35010"},{"taxonomy":"product_cat","embeddable":true,"href":"https:\/\/mainded.com\/it\/wp-json\/wp\/v2\/product_cat?post=35010"},{"taxonomy":"product_tag","embeddable":true,"href":"https:\/\/mainded.com\/it\/wp-json\/wp\/v2\/product_tag?post=35010"}],"curies":[{"name":"wp","href":"https:\/\/api.w.org\/{rel}","templated":true}]}}