{"id":35002,"date":"2024-12-28T16:26:44","date_gmt":"2024-12-28T15:26:44","guid":{"rendered":"https:\/\/mainded.com\/?post_type=product&#038;p=35002"},"modified":"2025-04-27T17:44:50","modified_gmt":"2025-04-27T16:44:50","slug":"english-basics","status":"publish","type":"product","link":"https:\/\/mainded.com\/it\/p\/english-basics\/","title":{"rendered":"7 giorni di inglese"},"content":{"rendered":"","protected":false},"excerpt":{"rendered":"<p>Avete difficolt\u00e0 a trovare il tempo per imparare l'inglese? In questo eBook abbiamo raccolto tutte le nozioni di base dell'inglese, che potrete imparare facilmente grazie a coinvolgenti animazioni. L'eBook \u00e8 stato progettato per aiutarvi a imparare il pi\u00f9 possibile in poco tempo. \u00c8 perfetto sia per i principianti assoluti che per gli studenti pi\u00f9 avanzati. Investite nella vostra conoscenza, che vi ripagher\u00e0 molte volte. L'inglese \u00e8 un'abilit\u00e0 che potrete utilizzare nella vita quotidiana e nel lavoro.<\/p>\n<p>\u2705 Imparare le basi dell'inglese<br \/>\n\u2705 Acquisire sicurezza nel parlare inglese<br \/>\n\u2705 Migliorare il vostro CV<\/p>","protected":false},"featured_media":35253,"comment_status":"open","ping_status":"closed","template":"","meta":[],"product_brand":[],"product_cat":[105,211],"product_tag":[],"class_list":{"0":"post-35002","1":"product","2":"type-product","3":"status-publish","4":"has-post-thumbnail","6":"product_cat-nezarazene","7":"product_cat-na-miru","9":"first","10":"instock","11":"sale","12":"downloadable","13":"virtual","14":"purchasable","15":"product-type-simple"},"_links":{"self":[{"href":"https:\/\/mainded.com\/it\/wp-json\/wp\/v2\/product\/35002","targetHints":{"allow":["GET"]}}],"collection":[{"href":"https:\/\/mainded.com\/it\/wp-json\/wp\/v2\/product"}],"about":[{"href":"https:\/\/mainded.com\/it\/wp-json\/wp\/v2\/types\/product"}],"replies":[{"embeddable":true,"href":"https:\/\/mainded.com\/it\/wp-json\/wp\/v2\/comments?post=35002"}],"wp:featuredmedia":[{"embeddable":true,"href":"https:\/\/mainded.com\/it\/wp-json\/wp\/v2\/media\/35253"}],"wp:attachment":[{"href":"https:\/\/mainded.com\/it\/wp-json\/wp\/v2\/media?parent=35002"}],"wp:term":[{"taxonomy":"product_brand","embeddable":true,"href":"https:\/\/mainded.com\/it\/wp-json\/wp\/v2\/product_brand?post=35002"},{"taxonomy":"product_cat","embeddable":true,"href":"https:\/\/mainded.com\/it\/wp-json\/wp\/v2\/product_cat?post=35002"},{"taxonomy":"product_tag","embeddable":true,"href":"https:\/\/mainded.com\/it\/wp-json\/wp\/v2\/product_tag?post=35002"}],"curies":[{"name":"wp","href":"https:\/\/api.w.org\/{rel}","templated":true}]}}