{"id":35014,"date":"2024-12-28T16:44:44","date_gmt":"2024-12-28T15:44:44","guid":{"rendered":"https:\/\/mainded.com\/?post_type=product&#038;p=35014"},"modified":"2025-08-12T12:00:37","modified_gmt":"2025-08-12T11:00:37","slug":"femme-fatale","status":"publish","type":"product","link":"https:\/\/mainded.com\/hu\/p\/femme-fatale\/","title":{"rendered":"Femme Fatale"},"content":{"rendered":"","protected":false},"excerpt":{"rendered":"<p>Ez seg\u00edteni fog abban, hogy b\u00e1rmelyik f\u00e9rfit magadhoz vonzd, \u00e9s fel\u00e9p\u00edtsd \u00e1lmaid kapcsolat\u00e1t!<br \/>\nSzerezzen egy tisztess\u00e9gtelen el\u0151nyt, amely jobb\u00e1 teszi a f\u00e9rfiakn\u00e1l, mint 99% a n\u0151kn\u00e9l.<\/p>\n<p>M\u00e1r csak egy l\u00e9p\u00e9s v\u00e1laszt el \u00e9leted teljes \u00e1talakul\u00e1s\u00e1t\u00f3l. Napjaid tele lesznek szeretettel \u00e9s boldogs\u00e1ggal. Ez az \u00fatmutat\u00f3 felszabad\u00edtja bels\u0151 vonzer\u0151d, amely minden n\u0151ben megvan, \u00e9s jelent\u0151sen n\u00f6veli \u00f6nbizalmadat!<\/p>\n<p>Ha most nem cselekszel, az \u00e9let kics\u00faszik a kezeid k\u00f6z\u00fcl, miel\u0151tt \u00e9szrevenn\u00e9d. Megkock\u00e1ztatja, hogy rossz partnerrel - vagy egyed\u00fcl - k\u00f6t ki, \u00e9s lehet, hogy m\u00e1r t\u00fal k\u00e9s\u0151 lesz v\u00e1ltoztatni. T\u00e9nyleg el akarja pazarolni az \u00e9let\u00e9t?<\/p>\n<p>Mind\u00f6ssze n\u00e9h\u00e1ny v\u00e1ltoztat\u00e1sra van sz\u00fcks\u00e9g, \u00e9s a n\u0151k 99%-n\u00e9l is jobb szerelmi \u00e9letet \u00e9lhetsz. Mondj b\u00facs\u00fat a mag\u00e1nynak, a h\u0171tlens\u00e9gnek, az alacsony \u00f6nbecs\u00fcl\u00e9snek \u00e9s a sz\u00edvf\u00e1jdalomnak. K\u00e9szen \u00e1llsz az els\u0151 l\u00e9p\u00e9sre?<\/p>","protected":false},"featured_media":35015,"comment_status":"open","ping_status":"closed","template":"","meta":[],"product_brand":[],"product_cat":[211,105],"product_tag":[],"class_list":{"0":"post-35014","1":"product","2":"type-product","3":"status-publish","4":"has-post-thumbnail","6":"product_cat-na-miru","7":"product_cat-nezarazene","9":"first","10":"instock","11":"sale","12":"downloadable","13":"virtual","14":"purchasable","15":"product-type-simple"},"_links":{"self":[{"href":"https:\/\/mainded.com\/hu\/wp-json\/wp\/v2\/product\/35014","targetHints":{"allow":["GET"]}}],"collection":[{"href":"https:\/\/mainded.com\/hu\/wp-json\/wp\/v2\/product"}],"about":[{"href":"https:\/\/mainded.com\/hu\/wp-json\/wp\/v2\/types\/product"}],"replies":[{"embeddable":true,"href":"https:\/\/mainded.com\/hu\/wp-json\/wp\/v2\/comments?post=35014"}],"wp:featuredmedia":[{"embeddable":true,"href":"https:\/\/mainded.com\/hu\/wp-json\/wp\/v2\/media\/35015"}],"wp:attachment":[{"href":"https:\/\/mainded.com\/hu\/wp-json\/wp\/v2\/media?parent=35014"}],"wp:term":[{"taxonomy":"product_brand","embeddable":true,"href":"https:\/\/mainded.com\/hu\/wp-json\/wp\/v2\/product_brand?post=35014"},{"taxonomy":"product_cat","embeddable":true,"href":"https:\/\/mainded.com\/hu\/wp-json\/wp\/v2\/product_cat?post=35014"},{"taxonomy":"product_tag","embeddable":true,"href":"https:\/\/mainded.com\/hu\/wp-json\/wp\/v2\/product_tag?post=35014"}],"curies":[{"name":"wp","href":"https:\/\/api.w.org\/{rel}","templated":true}]}}