{"id":35010,"date":"2024-12-28T16:37:43","date_gmt":"2024-12-28T15:37:43","guid":{"rendered":"https:\/\/mainded.com\/?post_type=product&#038;p=35010"},"modified":"2025-02-06T15:58:46","modified_gmt":"2025-02-06T14:58:46","slug":"womanizer","status":"publish","type":"product","link":"https:\/\/mainded.com\/hu\/p\/womanizer\/","title":{"rendered":"Womanizer"},"content":{"rendered":"","protected":false},"excerpt":{"rendered":"<p>Tudtad, hogy ezekkel a m\u00f3dszerekkel t\u00f6bb sikered lesz a n\u0151kn\u00e9l, mint 99% a f\u00e9rfiakn\u00e1l?<br \/>\nL\u00e9gy az a f\u00e9rfi, akire a n\u0151k nem tudnak nem gondolni.<\/p>\n<p>V\u00e1ljon a n\u0151k m\u00e1gnes\u00e9v\u00e9 az e k\u00f6nyvben le\u00edrt technik\u00e1k seg\u00edts\u00e9g\u00e9vel. Nincs t\u00f6bb elutas\u00edt\u00e1s, nincs t\u00f6bb k\u00ednos helyzet! Tanuld meg, hogyan keltsd fel term\u00e9szetes m\u00f3don az \u00e9rdekl\u0151d\u00e9s\u00e9t, \u00e9s tartsd \u00e9letben. Fedezd fel a titkos tr\u00fckk\u00f6ket, amelyekkel a n\u0151k k\u00e9ptelenek lesznek kiverni a fej\u00fckb\u0151l t\u00e9ged. A legt\u00f6bb f\u00e9rfi k\u00fczd, de te pontosan tudni fogod, mit kell tenned.<\/p>\n<p>Szeretn\u00e9l az a f\u00e9rfi lenni, akinek sosem fogynak ki a rajong\u00f3i, \u00e9s akit a bar\u00e1tai titokban irigyelnek? Ne v\u00e1rjon! Minden nap, amit k\u00e9slekedsz, egy \u00fajabb elvesztegetett lehet\u0151s\u00e9g. Vegye kez\u00e9be az ir\u00e1ny\u00edt\u00e1st a szerelmi \u00e9lete felett m\u00e9g ma!<\/p>\n<p>\u2705 Tanuld meg, hogyan k\u00f6zel\u00edtsd meg a n\u0151ket a megfelel\u0151 m\u00f3don<br \/>\n\u2705 B\u00facs\u00fazz el az elutas\u00edt\u00e1st\u00f3l<br \/>\n\u2705 Alak\u00edtsd \u00e1t a szerelmi \u00e9leted<\/p>","protected":false},"featured_media":35011,"comment_status":"open","ping_status":"closed","template":"","meta":[],"product_brand":[],"product_cat":[211,105],"product_tag":[],"class_list":{"0":"post-35010","1":"product","2":"type-product","3":"status-publish","4":"has-post-thumbnail","6":"product_cat-na-miru","7":"product_cat-nezarazene","9":"first","10":"instock","11":"sale","12":"virtual","13":"purchasable","14":"product-type-simple"},"_links":{"self":[{"href":"https:\/\/mainded.com\/hu\/wp-json\/wp\/v2\/product\/35010","targetHints":{"allow":["GET"]}}],"collection":[{"href":"https:\/\/mainded.com\/hu\/wp-json\/wp\/v2\/product"}],"about":[{"href":"https:\/\/mainded.com\/hu\/wp-json\/wp\/v2\/types\/product"}],"replies":[{"embeddable":true,"href":"https:\/\/mainded.com\/hu\/wp-json\/wp\/v2\/comments?post=35010"}],"wp:featuredmedia":[{"embeddable":true,"href":"https:\/\/mainded.com\/hu\/wp-json\/wp\/v2\/media\/35011"}],"wp:attachment":[{"href":"https:\/\/mainded.com\/hu\/wp-json\/wp\/v2\/media?parent=35010"}],"wp:term":[{"taxonomy":"product_brand","embeddable":true,"href":"https:\/\/mainded.com\/hu\/wp-json\/wp\/v2\/product_brand?post=35010"},{"taxonomy":"product_cat","embeddable":true,"href":"https:\/\/mainded.com\/hu\/wp-json\/wp\/v2\/product_cat?post=35010"},{"taxonomy":"product_tag","embeddable":true,"href":"https:\/\/mainded.com\/hu\/wp-json\/wp\/v2\/product_tag?post=35010"}],"curies":[{"name":"wp","href":"https:\/\/api.w.org\/{rel}","templated":true}]}}