{"id":35006,"date":"2024-12-28T16:30:51","date_gmt":"2024-12-28T15:30:51","guid":{"rendered":"https:\/\/mainded.com\/?post_type=product&#038;p=35006"},"modified":"2025-02-06T15:58:33","modified_gmt":"2025-02-06T14:58:33","slug":"ms-word","status":"publish","type":"product","link":"https:\/\/mainded.com\/hu\/p\/ms-word\/","title":{"rendered":"MS Word"},"content":{"rendered":"","protected":false},"excerpt":{"rendered":"<p>A Microsoft Word mindenki sz\u00e1m\u00e1ra felbecs\u00fclhetetlen \u00e9rt\u00e9k\u0171 eszk\u00f6z, ak\u00e1r \u00f6n\u00e9letrajzot kell \u00edrnia, ak\u00e1r b\u00e1rmilyen szerz\u0151d\u00e9st\u00edpust kell megfogalmaznia. A Word alapjainak elsaj\u00e1t\u00edt\u00e1sa alapvet\u0151 fontoss\u00e1g\u00fa, ez\u00e9rt k\u00e9sz\u00edtett\u00fcnk egy t\u00f6m\u00f6r vide\u00f3tanfolyamot, amely megtan\u00edt mindent, amit tudnia kell.<\/p>\n<p>Szerezzen alapvet\u0151 ismereteket a Microsoft Word hat\u00e9kony haszn\u00e1lat\u00e1r\u00f3l - an\u00e9lk\u00fcl, hogy napokat t\u00f6ltene azzal, hogy kital\u00e1lja, hogyan dolgozzon! Sz\u00f3val, k\u00e9szen \u00e1llsz arra, hogy belev\u00e1gj?<\/p>\n<p>\u2705 Ezek a k\u00e9szs\u00e9gek sz\u00e1mos ipar\u00e1gban \u00e9rt\u00e9kesek.<br \/>\n\u2705 \u00d6n\u00e9letrajza kiemelkedik<br \/>\n\u2705 Alkalmazza tud\u00e1s\u00e1t a szakmai \u00e9s a mag\u00e1n\u00e9letben egyar\u00e1nt<\/p>","protected":false},"featured_media":35007,"comment_status":"open","ping_status":"closed","template":"","meta":[],"product_brand":[],"product_cat":[211,105],"product_tag":[],"class_list":{"0":"post-35006","1":"product","2":"type-product","3":"status-publish","4":"has-post-thumbnail","6":"product_cat-na-miru","7":"product_cat-nezarazene","9":"first","10":"instock","11":"sale","12":"virtual","13":"purchasable","14":"product-type-simple"},"_links":{"self":[{"href":"https:\/\/mainded.com\/hu\/wp-json\/wp\/v2\/product\/35006","targetHints":{"allow":["GET"]}}],"collection":[{"href":"https:\/\/mainded.com\/hu\/wp-json\/wp\/v2\/product"}],"about":[{"href":"https:\/\/mainded.com\/hu\/wp-json\/wp\/v2\/types\/product"}],"replies":[{"embeddable":true,"href":"https:\/\/mainded.com\/hu\/wp-json\/wp\/v2\/comments?post=35006"}],"wp:featuredmedia":[{"embeddable":true,"href":"https:\/\/mainded.com\/hu\/wp-json\/wp\/v2\/media\/35007"}],"wp:attachment":[{"href":"https:\/\/mainded.com\/hu\/wp-json\/wp\/v2\/media?parent=35006"}],"wp:term":[{"taxonomy":"product_brand","embeddable":true,"href":"https:\/\/mainded.com\/hu\/wp-json\/wp\/v2\/product_brand?post=35006"},{"taxonomy":"product_cat","embeddable":true,"href":"https:\/\/mainded.com\/hu\/wp-json\/wp\/v2\/product_cat?post=35006"},{"taxonomy":"product_tag","embeddable":true,"href":"https:\/\/mainded.com\/hu\/wp-json\/wp\/v2\/product_tag?post=35006"}],"curies":[{"name":"wp","href":"https:\/\/api.w.org\/{rel}","templated":true}]}}