{"id":35004,"date":"2024-12-28T16:28:12","date_gmt":"2024-12-28T15:28:12","guid":{"rendered":"https:\/\/mainded.com\/?post_type=product&#038;p=35004"},"modified":"2025-02-06T15:58:24","modified_gmt":"2025-02-06T14:58:24","slug":"ms-excel","status":"publish","type":"product","link":"https:\/\/mainded.com\/hu\/p\/ms-excel\/","title":{"rendered":"MS Excel"},"content":{"rendered":"","protected":false},"excerpt":{"rendered":"<p>Ne maradjon le - n\u00f6velje a siker es\u00e9lyeit azzal, hogy n\u00e9h\u00e1ny \u00f3ra alatt elsaj\u00e1t\u00edtja az Excel alapjait!<br \/>\nVegye kez\u00e9be az ir\u00e1ny\u00edt\u00e1st az adatai \u00e9s a karrierje felett.<\/p>\n<p>Id\u0151t pazarol az Excel haszn\u00e1lat\u00e1val? T\u00f6bb\u00e9 m\u00e1r nem! Ezzel a vide\u00f3tanfolyammal n\u00e9h\u00e1ny \u00f3ra alatt elsaj\u00e1t\u00edthatja az alapokat, \u00e9s olyan k\u00e9szs\u00e9gekre tehet szert, amelyek \u00faj karrierlehet\u0151s\u00e9geket nyithatnak meg. Gyors, hat\u00e9kony \u00e9s egyszer\u0171 - pont olyan, amilyennek lennie kell. Hagyja, hogy m\u00e1sok a t\u00e1bl\u00e1zatkezel\u00e9ssel birk\u00f3zzanak, m\u00edg \u00d6n kit\u0171nhet. Tanulja meg gyorsan \u00e9s hat\u00e9konyan az Excel-t, \u00e9s szerezzen olyan el\u0151ny\u00f6ket, amelyeket m\u00e1sok is megirigyelnek. Az id\u0151 p\u00e9nz - kezdje el most!<\/p>\n<p>\u2705 Ezek a k\u00e9szs\u00e9gek sz\u00e1mos ipar\u00e1gban hasznosak<br \/>\n\u2705 \u00d6n\u00e9letrajza kiemelkedik<br \/>\n\u2705 Alkalmazza tud\u00e1s\u00e1t a szakmai \u00e9s a mag\u00e1n\u00e9letben egyar\u00e1nt<\/p>","protected":false},"featured_media":35005,"comment_status":"open","ping_status":"closed","template":"","meta":[],"product_brand":[],"product_cat":[211,105],"product_tag":[],"class_list":{"0":"post-35004","1":"product","2":"type-product","3":"status-publish","4":"has-post-thumbnail","6":"product_cat-na-miru","7":"product_cat-nezarazene","9":"first","10":"instock","11":"sale","12":"virtual","13":"purchasable","14":"product-type-simple"},"_links":{"self":[{"href":"https:\/\/mainded.com\/hu\/wp-json\/wp\/v2\/product\/35004","targetHints":{"allow":["GET"]}}],"collection":[{"href":"https:\/\/mainded.com\/hu\/wp-json\/wp\/v2\/product"}],"about":[{"href":"https:\/\/mainded.com\/hu\/wp-json\/wp\/v2\/types\/product"}],"replies":[{"embeddable":true,"href":"https:\/\/mainded.com\/hu\/wp-json\/wp\/v2\/comments?post=35004"}],"wp:featuredmedia":[{"embeddable":true,"href":"https:\/\/mainded.com\/hu\/wp-json\/wp\/v2\/media\/35005"}],"wp:attachment":[{"href":"https:\/\/mainded.com\/hu\/wp-json\/wp\/v2\/media?parent=35004"}],"wp:term":[{"taxonomy":"product_brand","embeddable":true,"href":"https:\/\/mainded.com\/hu\/wp-json\/wp\/v2\/product_brand?post=35004"},{"taxonomy":"product_cat","embeddable":true,"href":"https:\/\/mainded.com\/hu\/wp-json\/wp\/v2\/product_cat?post=35004"},{"taxonomy":"product_tag","embeddable":true,"href":"https:\/\/mainded.com\/hu\/wp-json\/wp\/v2\/product_tag?post=35004"}],"curies":[{"name":"wp","href":"https:\/\/api.w.org\/{rel}","templated":true}]}}