{"id":35002,"date":"2024-12-28T16:26:44","date_gmt":"2024-12-28T15:26:44","guid":{"rendered":"https:\/\/mainded.com\/?post_type=product&#038;p=35002"},"modified":"2025-04-27T17:44:50","modified_gmt":"2025-04-27T16:44:50","slug":"english-basics","status":"publish","type":"product","link":"https:\/\/mainded.com\/hu\/p\/english-basics\/","title":{"rendered":"7 napos angol"},"content":{"rendered":"","protected":false},"excerpt":{"rendered":"<p>Nehezen tal\u00e1l id\u0151t az angol nyelvtanul\u00e1sra? Ebbe az e-bookba az \u00f6sszes alapvet\u0151 angol alapismeretet belecsomagoltuk, amelyeket a mag\u00e1val ragad\u00f3 anim\u00e1ci\u00f3knak k\u00f6sz\u00f6nhet\u0151en k\u00f6nnyed\u00e9n elsaj\u00e1t\u00edthatsz. Az e-k\u00f6nyvet \u00fagy tervezt\u00fck, hogy r\u00f6vid id\u0151 alatt a lehet\u0151 legt\u00f6bbet tanulhassa meg. T\u00f6k\u00e9letes az abszol\u00fat kezd\u0151knek \u00e9s a halad\u00f3bb tanul\u00f3knak egyar\u00e1nt. Fektessen be a tud\u00e1s\u00e1ba, \u00e9s ez sokszorosan megt\u00e9r\u00fcl. Az angol nyelvtud\u00e1s olyan k\u00e9szs\u00e9g, amelyet a mindennapi \u00e9letben \u00e9s a munk\u00e1ban is haszn\u00e1lhatsz.<\/p>\n<p>\u2705 Ismerje meg az angol nyelv alapjait<br \/>\n\u2705 Magabiztosabban besz\u00e9l angolul<br \/>\n\u2705 N\u00f6velje \u00f6n\u00e9letrajz\u00e1t<\/p>","protected":false},"featured_media":35253,"comment_status":"open","ping_status":"closed","template":"","meta":[],"product_brand":[],"product_cat":[211,105],"product_tag":[],"class_list":{"0":"post-35002","1":"product","2":"type-product","3":"status-publish","4":"has-post-thumbnail","6":"product_cat-na-miru","7":"product_cat-nezarazene","9":"first","10":"instock","11":"sale","12":"downloadable","13":"virtual","14":"purchasable","15":"product-type-simple"},"_links":{"self":[{"href":"https:\/\/mainded.com\/hu\/wp-json\/wp\/v2\/product\/35002","targetHints":{"allow":["GET"]}}],"collection":[{"href":"https:\/\/mainded.com\/hu\/wp-json\/wp\/v2\/product"}],"about":[{"href":"https:\/\/mainded.com\/hu\/wp-json\/wp\/v2\/types\/product"}],"replies":[{"embeddable":true,"href":"https:\/\/mainded.com\/hu\/wp-json\/wp\/v2\/comments?post=35002"}],"wp:featuredmedia":[{"embeddable":true,"href":"https:\/\/mainded.com\/hu\/wp-json\/wp\/v2\/media\/35253"}],"wp:attachment":[{"href":"https:\/\/mainded.com\/hu\/wp-json\/wp\/v2\/media?parent=35002"}],"wp:term":[{"taxonomy":"product_brand","embeddable":true,"href":"https:\/\/mainded.com\/hu\/wp-json\/wp\/v2\/product_brand?post=35002"},{"taxonomy":"product_cat","embeddable":true,"href":"https:\/\/mainded.com\/hu\/wp-json\/wp\/v2\/product_cat?post=35002"},{"taxonomy":"product_tag","embeddable":true,"href":"https:\/\/mainded.com\/hu\/wp-json\/wp\/v2\/product_tag?post=35002"}],"curies":[{"name":"wp","href":"https:\/\/api.w.org\/{rel}","templated":true}]}}