{"id":35014,"date":"2024-12-28T16:44:44","date_gmt":"2024-12-28T15:44:44","guid":{"rendered":"https:\/\/mainded.com\/?post_type=product&#038;p=35014"},"modified":"2025-08-12T12:00:37","modified_gmt":"2025-08-12T11:00:37","slug":"femme-fatale","status":"publish","type":"product","link":"https:\/\/mainded.com\/fr\/p\/femme-fatale\/","title":{"rendered":"Femme Fatale"},"content":{"rendered":"","protected":false},"excerpt":{"rendered":"<p>Cela vous aidera \u00e0 attirer n'importe quel homme et \u00e0 construire la relation de vos r\u00eaves !<br \/>\nObtenez un avantage injuste qui vous rendra meilleur avec les hommes que 99% des femmes.<\/p>\n<p>Vous n'\u00eates qu'\u00e0 un pas d'une transformation compl\u00e8te de votre vie. Vos journ\u00e9es seront remplies d'amour et de bonheur. Ce guide vous permettra de r\u00e9v\u00e9ler votre allure int\u00e9rieure, que toute femme poss\u00e8de, et de renforcer consid\u00e9rablement votre confiance en vous !<\/p>\n<p>Si vous n'agissez pas maintenant, la vie vous filera entre les doigts avant que vous ne vous en rendiez compte. Vous risquerez de vous retrouver avec le mauvais partenaire - ou seul - et il sera peut-\u00eatre trop tard pour changer. Voulez-vous vraiment g\u00e2cher votre vie ?<\/p>\n<p>Il suffit de quelques changements et vous pouvez avoir une vie amoureuse meilleure que celle de 99% des femmes. Dites adieu \u00e0 la solitude, \u00e0 l'infid\u00e9lit\u00e9, au manque d'estime de soi et aux chagrins d'amour. \u00cates-vous pr\u00eat \u00e0 faire le premier pas ?<\/p>","protected":false},"featured_media":35015,"comment_status":"open","ping_status":"closed","template":"","meta":[],"product_brand":[],"product_cat":[105,211],"product_tag":[],"class_list":{"0":"post-35014","1":"product","2":"type-product","3":"status-publish","4":"has-post-thumbnail","6":"product_cat-nezarazene","7":"product_cat-na-miru","9":"first","10":"instock","11":"sale","12":"downloadable","13":"virtual","14":"purchasable","15":"product-type-simple"},"_links":{"self":[{"href":"https:\/\/mainded.com\/fr\/wp-json\/wp\/v2\/product\/35014","targetHints":{"allow":["GET"]}}],"collection":[{"href":"https:\/\/mainded.com\/fr\/wp-json\/wp\/v2\/product"}],"about":[{"href":"https:\/\/mainded.com\/fr\/wp-json\/wp\/v2\/types\/product"}],"replies":[{"embeddable":true,"href":"https:\/\/mainded.com\/fr\/wp-json\/wp\/v2\/comments?post=35014"}],"wp:featuredmedia":[{"embeddable":true,"href":"https:\/\/mainded.com\/fr\/wp-json\/wp\/v2\/media\/35015"}],"wp:attachment":[{"href":"https:\/\/mainded.com\/fr\/wp-json\/wp\/v2\/media?parent=35014"}],"wp:term":[{"taxonomy":"product_brand","embeddable":true,"href":"https:\/\/mainded.com\/fr\/wp-json\/wp\/v2\/product_brand?post=35014"},{"taxonomy":"product_cat","embeddable":true,"href":"https:\/\/mainded.com\/fr\/wp-json\/wp\/v2\/product_cat?post=35014"},{"taxonomy":"product_tag","embeddable":true,"href":"https:\/\/mainded.com\/fr\/wp-json\/wp\/v2\/product_tag?post=35014"}],"curies":[{"name":"wp","href":"https:\/\/api.w.org\/{rel}","templated":true}]}}