{"id":35012,"date":"2024-12-28T16:43:18","date_gmt":"2024-12-28T15:43:18","guid":{"rendered":"https:\/\/mainded.com\/?post_type=product&#038;p=35012"},"modified":"2025-02-07T13:38:21","modified_gmt":"2025-02-07T12:38:21","slug":"internet-21","status":"publish","type":"product","link":"https:\/\/mainded.com\/fr\/p\/internet-21\/","title":{"rendered":"Internet 21"},"content":{"rendered":"","protected":false},"excerpt":{"rendered":"<p>Saviez-vous qu'il existe des moyens simples de gagner de l'argent en ligne ? Nous en avons trouv\u00e9 21 pour vous...<\/p>\n<p>Fatigu\u00e9 de travailler dur et de ne pas \u00eatre r\u00e9compens\u00e9 \u00e0 sa juste valeur ? Avec cet eBook, vous d\u00e9couvrirez les secrets qui vous permettront de transformer votre temps en ligne en argent r\u00e9el ! N'attendez pas un miracle - ces m\u00e9thodes \u00e9prouv\u00e9es fonctionnent et sont pr\u00eates pour ceux qui sont d\u00e9termin\u00e9s \u00e0 r\u00e9ussir. Chaque jour o\u00f9 vous n'utilisez pas les informations contenues dans ce livre \u00e9lectronique est un jour de plus o\u00f9 la libert\u00e9 financi\u00e8re vous \u00e9chappe.<\/p>\n<p>Nous vous d\u00e9voilons 21 fa\u00e7ons d'augmenter facilement vos revenus en ligne. Le plus int\u00e9ressant ? Vous n'avez besoin d'aucune exp\u00e9rience pr\u00e9alable ni d'un investissement important. La plupart des m\u00e9thodes peuvent \u00eatre essay\u00e9es \u00e0 peu de frais, voire gratuitement.<\/p>\n<p>Apprenez \u00e0 tirer parti de l'intelligence artificielle, de l'arbitrage et de divers sites web et applications \u00e0 votre avantage !<\/p>\n<p>\u2705 Gagner en libert\u00e9<br \/>\n\u2705 Commencer aujourd'hui<br \/>\n\u2705 Vous pouvez commencer gratuitement<\/p>","protected":false},"featured_media":35013,"comment_status":"open","ping_status":"closed","template":"","meta":[],"product_brand":[],"product_cat":[105,211],"product_tag":[],"class_list":{"0":"post-35012","1":"product","2":"type-product","3":"status-publish","4":"has-post-thumbnail","6":"product_cat-nezarazene","7":"product_cat-na-miru","9":"first","10":"instock","11":"sale","12":"downloadable","13":"virtual","14":"purchasable","15":"product-type-simple"},"_links":{"self":[{"href":"https:\/\/mainded.com\/fr\/wp-json\/wp\/v2\/product\/35012","targetHints":{"allow":["GET"]}}],"collection":[{"href":"https:\/\/mainded.com\/fr\/wp-json\/wp\/v2\/product"}],"about":[{"href":"https:\/\/mainded.com\/fr\/wp-json\/wp\/v2\/types\/product"}],"replies":[{"embeddable":true,"href":"https:\/\/mainded.com\/fr\/wp-json\/wp\/v2\/comments?post=35012"}],"wp:featuredmedia":[{"embeddable":true,"href":"https:\/\/mainded.com\/fr\/wp-json\/wp\/v2\/media\/35013"}],"wp:attachment":[{"href":"https:\/\/mainded.com\/fr\/wp-json\/wp\/v2\/media?parent=35012"}],"wp:term":[{"taxonomy":"product_brand","embeddable":true,"href":"https:\/\/mainded.com\/fr\/wp-json\/wp\/v2\/product_brand?post=35012"},{"taxonomy":"product_cat","embeddable":true,"href":"https:\/\/mainded.com\/fr\/wp-json\/wp\/v2\/product_cat?post=35012"},{"taxonomy":"product_tag","embeddable":true,"href":"https:\/\/mainded.com\/fr\/wp-json\/wp\/v2\/product_tag?post=35012"}],"curies":[{"name":"wp","href":"https:\/\/api.w.org\/{rel}","templated":true}]}}