{"id":35010,"date":"2024-12-28T16:37:43","date_gmt":"2024-12-28T15:37:43","guid":{"rendered":"https:\/\/mainded.com\/?post_type=product&#038;p=35010"},"modified":"2025-02-06T15:58:46","modified_gmt":"2025-02-06T14:58:46","slug":"womanizer","status":"publish","type":"product","link":"https:\/\/mainded.com\/fr\/p\/womanizer\/","title":{"rendered":"Le coureur de jupons"},"content":{"rendered":"","protected":false},"excerpt":{"rendered":"<p>Saviez-vous qu'avec ces m\u00e9thodes, vous aurez plus de succ\u00e8s aupr\u00e8s des femmes que 99% des hommes ?<br \/>\nSoyez l'homme auquel les femmes ne cessent de penser.<\/p>\n<p>Devenez un aimant \u00e0 femmes en utilisant les techniques r\u00e9v\u00e9l\u00e9es dans cet eBook. Fini les rejets, fini les situations embarrassantes ! Apprenez \u00e0 susciter naturellement son int\u00e9r\u00eat et \u00e0 le maintenir. D\u00e9couvrez les astuces secr\u00e8tes qui rendront les femmes incapables de vous faire sortir de leur esprit. La plupart des hommes ont du mal, mais vous saurez exactement ce qu'il faut faire.<\/p>\n<p>Vous voulez \u00eatre l'homme qui ne manque jamais d'admiratrices et dont les amis l'envient secr\u00e8tement ? N'attendez pas ! Chaque jour qui passe est une occasion de plus g\u00e2ch\u00e9e. Prenez le contr\u00f4le de votre vie amoureuse d\u00e8s aujourd'hui !<\/p>\n<p>\u2705 Apprendre \u00e0 aborder les femmes de la bonne mani\u00e8re<br \/>\n\u2705 Dites adieu au rejet<br \/>\n\u2705 Transformez votre vie amoureuse<\/p>","protected":false},"featured_media":35011,"comment_status":"open","ping_status":"closed","template":"","meta":[],"product_brand":[],"product_cat":[211,105],"product_tag":[],"class_list":{"0":"post-35010","1":"product","2":"type-product","3":"status-publish","4":"has-post-thumbnail","6":"product_cat-na-miru","7":"product_cat-nezarazene","9":"first","10":"instock","11":"sale","12":"virtual","13":"purchasable","14":"product-type-simple"},"_links":{"self":[{"href":"https:\/\/mainded.com\/fr\/wp-json\/wp\/v2\/product\/35010","targetHints":{"allow":["GET"]}}],"collection":[{"href":"https:\/\/mainded.com\/fr\/wp-json\/wp\/v2\/product"}],"about":[{"href":"https:\/\/mainded.com\/fr\/wp-json\/wp\/v2\/types\/product"}],"replies":[{"embeddable":true,"href":"https:\/\/mainded.com\/fr\/wp-json\/wp\/v2\/comments?post=35010"}],"wp:featuredmedia":[{"embeddable":true,"href":"https:\/\/mainded.com\/fr\/wp-json\/wp\/v2\/media\/35011"}],"wp:attachment":[{"href":"https:\/\/mainded.com\/fr\/wp-json\/wp\/v2\/media?parent=35010"}],"wp:term":[{"taxonomy":"product_brand","embeddable":true,"href":"https:\/\/mainded.com\/fr\/wp-json\/wp\/v2\/product_brand?post=35010"},{"taxonomy":"product_cat","embeddable":true,"href":"https:\/\/mainded.com\/fr\/wp-json\/wp\/v2\/product_cat?post=35010"},{"taxonomy":"product_tag","embeddable":true,"href":"https:\/\/mainded.com\/fr\/wp-json\/wp\/v2\/product_tag?post=35010"}],"curies":[{"name":"wp","href":"https:\/\/api.w.org\/{rel}","templated":true}]}}