{"id":35008,"date":"2024-12-28T16:32:55","date_gmt":"2024-12-28T15:32:55","guid":{"rendered":"https:\/\/mainded.com\/?post_type=product&#038;p=35008"},"modified":"2025-02-06T15:58:52","modified_gmt":"2025-02-06T14:58:52","slug":"ms-powerpoint","status":"publish","type":"product","link":"https:\/\/mainded.com\/fr\/p\/ms-powerpoint\/","title":{"rendered":"MS PowerPoint"},"content":{"rendered":"","protected":false},"excerpt":{"rendered":"<p>Microsoft PowerPoint est un outil essentiel pour tous ceux qui doivent pr\u00e9senter ou expliquer quelque chose \u00e0 un groupe de personnes. Il est indispensable de ma\u00eetriser les bases de PowerPoint. C'est pourquoi nous avons cr\u00e9\u00e9 un cours vid\u00e9o concis qui vous apprendra tout ce que vous devez savoir.<\/p>\n<p>Acqu\u00e9rir les comp\u00e9tences fondamentales pour travailler efficacement avec PowerPoint - sans passer des jours \u00e0 apprendre ou payer des milliers d'euros ! Alors, \u00eates-vous pr\u00eat \u00e0 commencer ?<\/p>\n<p>\u2705 Ces comp\u00e9tences sont utiles dans de nombreux secteurs d'activit\u00e9<br \/>\n\u2705 Votre CV se d\u00e9marque<br \/>\n\u2705 Appliquer ses connaissances dans la vie professionnelle et personnelle<\/p>","protected":false},"featured_media":35009,"comment_status":"open","ping_status":"closed","template":"","meta":[],"product_brand":[],"product_cat":[105,211],"product_tag":[],"class_list":{"0":"post-35008","1":"product","2":"type-product","3":"status-publish","4":"has-post-thumbnail","6":"product_cat-nezarazene","7":"product_cat-na-miru","9":"first","10":"instock","11":"sale","12":"virtual","13":"purchasable","14":"product-type-simple"},"_links":{"self":[{"href":"https:\/\/mainded.com\/fr\/wp-json\/wp\/v2\/product\/35008","targetHints":{"allow":["GET"]}}],"collection":[{"href":"https:\/\/mainded.com\/fr\/wp-json\/wp\/v2\/product"}],"about":[{"href":"https:\/\/mainded.com\/fr\/wp-json\/wp\/v2\/types\/product"}],"replies":[{"embeddable":true,"href":"https:\/\/mainded.com\/fr\/wp-json\/wp\/v2\/comments?post=35008"}],"wp:featuredmedia":[{"embeddable":true,"href":"https:\/\/mainded.com\/fr\/wp-json\/wp\/v2\/media\/35009"}],"wp:attachment":[{"href":"https:\/\/mainded.com\/fr\/wp-json\/wp\/v2\/media?parent=35008"}],"wp:term":[{"taxonomy":"product_brand","embeddable":true,"href":"https:\/\/mainded.com\/fr\/wp-json\/wp\/v2\/product_brand?post=35008"},{"taxonomy":"product_cat","embeddable":true,"href":"https:\/\/mainded.com\/fr\/wp-json\/wp\/v2\/product_cat?post=35008"},{"taxonomy":"product_tag","embeddable":true,"href":"https:\/\/mainded.com\/fr\/wp-json\/wp\/v2\/product_tag?post=35008"}],"curies":[{"name":"wp","href":"https:\/\/api.w.org\/{rel}","templated":true}]}}