{"id":35004,"date":"2024-12-28T16:28:12","date_gmt":"2024-12-28T15:28:12","guid":{"rendered":"https:\/\/mainded.com\/?post_type=product&#038;p=35004"},"modified":"2025-02-06T15:58:24","modified_gmt":"2025-02-06T14:58:24","slug":"ms-excel","status":"publish","type":"product","link":"https:\/\/mainded.com\/fr\/p\/ms-excel\/","title":{"rendered":"MS Excel"},"content":{"rendered":"","protected":false},"excerpt":{"rendered":"<p>Ne restez pas \u00e0 la tra\u00eene et augmentez vos chances de r\u00e9ussite en ma\u00eetrisant les bases d'Excel en quelques heures seulement !<br \/>\nPrenez le contr\u00f4le de vos donn\u00e9es et de votre carri\u00e8re.<\/p>\n<p>Vous perdez du temps \u00e0 vous battre avec Excel ? Ce n'est plus le cas ! Gr\u00e2ce \u00e0 ce cours vid\u00e9o, vous ma\u00eetriserez les bases en quelques heures seulement et acquerrez des comp\u00e9tences qui vous ouvriront de nouvelles perspectives de carri\u00e8re. Rapide, efficace et simple - comme il se doit. Laissez les autres se d\u00e9battre avec des feuilles de calcul pendant que vous excellez. Apprenez Excel rapidement et efficacement, et gagnez l'avantage que les autres vous envieront. Le temps, c'est de l'argent - commencez d\u00e8s maintenant !<\/p>\n<p>\u2705 Ces comp\u00e9tences sont utiles dans de nombreux secteurs d'activit\u00e9<br \/>\n\u2705 Votre CV se d\u00e9marque<br \/>\n\u2705 Appliquer ses connaissances dans la vie professionnelle et personnelle<\/p>","protected":false},"featured_media":35005,"comment_status":"open","ping_status":"closed","template":"","meta":[],"product_brand":[],"product_cat":[105,211],"product_tag":[],"class_list":{"0":"post-35004","1":"product","2":"type-product","3":"status-publish","4":"has-post-thumbnail","6":"product_cat-nezarazene","7":"product_cat-na-miru","9":"first","10":"instock","11":"sale","12":"virtual","13":"purchasable","14":"product-type-simple"},"_links":{"self":[{"href":"https:\/\/mainded.com\/fr\/wp-json\/wp\/v2\/product\/35004","targetHints":{"allow":["GET"]}}],"collection":[{"href":"https:\/\/mainded.com\/fr\/wp-json\/wp\/v2\/product"}],"about":[{"href":"https:\/\/mainded.com\/fr\/wp-json\/wp\/v2\/types\/product"}],"replies":[{"embeddable":true,"href":"https:\/\/mainded.com\/fr\/wp-json\/wp\/v2\/comments?post=35004"}],"wp:featuredmedia":[{"embeddable":true,"href":"https:\/\/mainded.com\/fr\/wp-json\/wp\/v2\/media\/35005"}],"wp:attachment":[{"href":"https:\/\/mainded.com\/fr\/wp-json\/wp\/v2\/media?parent=35004"}],"wp:term":[{"taxonomy":"product_brand","embeddable":true,"href":"https:\/\/mainded.com\/fr\/wp-json\/wp\/v2\/product_brand?post=35004"},{"taxonomy":"product_cat","embeddable":true,"href":"https:\/\/mainded.com\/fr\/wp-json\/wp\/v2\/product_cat?post=35004"},{"taxonomy":"product_tag","embeddable":true,"href":"https:\/\/mainded.com\/fr\/wp-json\/wp\/v2\/product_tag?post=35004"}],"curies":[{"name":"wp","href":"https:\/\/api.w.org\/{rel}","templated":true}]}}