{"id":35002,"date":"2024-12-28T16:26:44","date_gmt":"2024-12-28T15:26:44","guid":{"rendered":"https:\/\/mainded.com\/?post_type=product&#038;p=35002"},"modified":"2025-04-27T17:44:50","modified_gmt":"2025-04-27T16:44:50","slug":"english-basics","status":"publish","type":"product","link":"https:\/\/mainded.com\/fr\/p\/english-basics\/","title":{"rendered":"7 jours d'anglais"},"content":{"rendered":"","protected":false},"excerpt":{"rendered":"<p>Vous avez du mal \u00e0 trouver du temps pour apprendre l'anglais ? Dans cet eBook, nous avons rassembl\u00e9 toutes les bases essentielles de l'anglais que vous pouvez facilement ma\u00eetriser gr\u00e2ce \u00e0 des animations attrayantes. L'eBook est con\u00e7u pour vous aider \u00e0 apprendre le plus possible en peu de temps. Il est parfait pour les d\u00e9butants absolus comme pour les apprenants plus avanc\u00e9s. Investissez dans vos connaissances, cela vous rapportera beaucoup. L'anglais est une comp\u00e9tence que vous pouvez utiliser dans la vie de tous les jours et au travail.<\/p>\n<p>\u2705 Apprendre les bases de l'anglais<br \/>\n\u2705 Gagner en confiance pour parler anglais<br \/>\n\u2705 Am\u00e9liorez votre CV<\/p>","protected":false},"featured_media":35253,"comment_status":"open","ping_status":"closed","template":"","meta":[],"product_brand":[],"product_cat":[211,105],"product_tag":[],"class_list":{"0":"post-35002","1":"product","2":"type-product","3":"status-publish","4":"has-post-thumbnail","6":"product_cat-na-miru","7":"product_cat-nezarazene","9":"first","10":"instock","11":"sale","12":"downloadable","13":"virtual","14":"purchasable","15":"product-type-simple"},"_links":{"self":[{"href":"https:\/\/mainded.com\/fr\/wp-json\/wp\/v2\/product\/35002","targetHints":{"allow":["GET"]}}],"collection":[{"href":"https:\/\/mainded.com\/fr\/wp-json\/wp\/v2\/product"}],"about":[{"href":"https:\/\/mainded.com\/fr\/wp-json\/wp\/v2\/types\/product"}],"replies":[{"embeddable":true,"href":"https:\/\/mainded.com\/fr\/wp-json\/wp\/v2\/comments?post=35002"}],"wp:featuredmedia":[{"embeddable":true,"href":"https:\/\/mainded.com\/fr\/wp-json\/wp\/v2\/media\/35253"}],"wp:attachment":[{"href":"https:\/\/mainded.com\/fr\/wp-json\/wp\/v2\/media?parent=35002"}],"wp:term":[{"taxonomy":"product_brand","embeddable":true,"href":"https:\/\/mainded.com\/fr\/wp-json\/wp\/v2\/product_brand?post=35002"},{"taxonomy":"product_cat","embeddable":true,"href":"https:\/\/mainded.com\/fr\/wp-json\/wp\/v2\/product_cat?post=35002"},{"taxonomy":"product_tag","embeddable":true,"href":"https:\/\/mainded.com\/fr\/wp-json\/wp\/v2\/product_tag?post=35002"}],"curies":[{"name":"wp","href":"https:\/\/api.w.org\/{rel}","templated":true}]}}