{"id":5510,"date":"2018-07-05T11:05:30","date_gmt":"2018-07-05T11:05:30","guid":{"rendered":"https:\/\/mainded.com\/?page_id=5510"},"modified":"2025-08-23T11:22:09","modified_gmt":"2025-08-23T10:22:09","slug":"cookie","status":"publish","type":"page","link":"https:\/\/mainded.com\/fr\/cookie\/","title":{"rendered":"Politique en mati\u00e8re de cookies"},"content":{"rendered":"<header>\n<h1>Ecommerce Professionals Group LLC Politique de confidentialit\u00e9.<\/h1>\n<p>La pr\u00e9sente politique de confidentialit\u00e9 d\u00e9crit la mani\u00e8re dont Ecommerce Professionals Group LLC (le \u201csite\u201d, \u201cnous\u201d, \u201cnotre\u201d ou \u201cnos\u201d) recueille, utilise et divulgue vos donn\u00e9es personnelles.<br \/>\nlorsque vous visitez, utilisez nos services ou effectuez un achat sur mainded.com (le \u201csite\u201d) ou communiquez de toute autre mani\u00e8re avec nous (collectivement, le \"site\").<br \/>\n\u201cServices\u201d). Aux fins de la pr\u00e9sente politique de confidentialit\u00e9, les termes \u201cvous\u201d et \u201cvotre\u201d d\u00e9signent l'utilisateur des services, qu'il s'agisse d'un client, d'un visiteur du site web ou d'un utilisateur de l'internet.<br \/>\nune autre personne dont nous avons recueilli les informations conform\u00e9ment \u00e0 la pr\u00e9sente politique de protection de la vie priv\u00e9e.<br \/>\nVeuillez lire attentivement la pr\u00e9sente politique de confidentialit\u00e9. En utilisant et en acc\u00e9dant \u00e0 l'un des services, vous acceptez la collecte, l'utilisation et la divulgation de vos informations<br \/>\ncomme d\u00e9crit dans la pr\u00e9sente politique de confidentialit\u00e9. Si vous n'acceptez pas la pr\u00e9sente politique de protection de la vie priv\u00e9e, veuillez ne pas utiliser les services ni y acc\u00e9der.<br \/>\nModifications de la pr\u00e9sente politique de confidentialit\u00e9<br \/>\nNous pouvons mettre \u00e0 jour la pr\u00e9sente politique de confidentialit\u00e9 de temps \u00e0 autre, notamment pour refl\u00e9ter les changements apport\u00e9s \u00e0 nos pratiques ou pour d'autres raisons op\u00e9rationnelles, juridiques ou r\u00e9glementaires.<br \/>\nNous publierons la politique de confidentialit\u00e9 r\u00e9vis\u00e9e sur le site, mettrons \u00e0 jour la date de la \u201cderni\u00e8re mise \u00e0 jour\u201d et prendrons toute autre mesure requise par la loi applicable.<br \/>\nComment nous collectons et utilisons vos informations personnelles<br \/>\nPour fournir les services, nous collectons et avons collect\u00e9 au cours des 12 derniers mois des informations personnelles vous concernant \u00e0 partir de diverses sources, comme indiqu\u00e9 ci-dessous.<br \/>\nci-dessous. Les informations que nous recueillons et utilisons varient en fonction de la mani\u00e8re dont vous interagissez avec nous.<br \/>\nOutre les utilisations sp\u00e9cifiques d\u00e9crites ci-dessous, nous pouvons utiliser les informations que nous recueillons \u00e0 votre sujet pour communiquer avec vous, fournir les services, nous conformer aux r\u00e8gles suivantes<br \/>\ntoute obligation l\u00e9gale applicable, appliquer toute condition de service applicable et prot\u00e9ger ou d\u00e9fendre les services, nos droits et les droits de nos utilisateurs, ou<br \/>\nd'autres.<br \/>\nQuelles sont les informations personnelles que nous recueillons ?<br \/>\nLes types d'informations personnelles que nous obtenons \u00e0 votre sujet d\u00e9pendent de la mani\u00e8re dont vous interagissez avec notre site et utilisez nos services. Lorsque nous utilisons le terme<br \/>\n\u201cPar \u201dinformations personnelles\", nous entendons les informations qui vous identifient, vous concernent, vous d\u00e9crivent ou peuvent \u00eatre associ\u00e9es \u00e0 vous. Les sections suivantes<br \/>\nd\u00e9crire les cat\u00e9gories et les types sp\u00e9cifiques d'informations personnelles que nous collectons.<br \/>\nInformations que nous recueillons directement aupr\u00e8s de vous<br \/>\nLes informations que vous nous soumettez directement par l'interm\u00e9diaire de nos services peuvent inclure :<br \/>\n- Coordonn\u00e9es de base : nom, adresse, num\u00e9ro de t\u00e9l\u00e9phone, adresse \u00e9lectronique.<br \/>\n- Informations relatives \u00e0 la commande, notamment votre nom, votre adresse de facturation, votre adresse de livraison, votre confirmation de paiement, votre adresse \u00e9lectronique et votre num\u00e9ro de t\u00e9l\u00e9phone.<br \/>\n- Informations sur le compte, y compris votre nom d'utilisateur, votre mot de passe et vos questions de s\u00e9curit\u00e9.<br \/>\n- Informations sur les achats, y compris les articles que vous avez consult\u00e9s, mis dans votre panier ou ajout\u00e9s \u00e0 votre liste de souhaits.<br \/>\n- les informations relatives \u00e0 l'assistance \u00e0 la client\u00e8le, y compris les informations que vous choisissez d'inclure dans les communications avec nous, par exemple lors de l'envoi d'un message<br \/>\npar le biais des services.<br \/>\npar le biais des services.<br \/>\nCertaines fonctionnalit\u00e9s des services peuvent n\u00e9cessiter que vous nous fournissiez directement certaines informations vous concernant. Vous pouvez choisir de ne pas fournir ces<br \/>\nmais cela peut vous emp\u00eacher d'utiliser ou d'acc\u00e9der \u00e0 ces fonctions.<br \/>\nInformations collect\u00e9es par le biais de cookies<br \/>\nNous recueillons aussi automatiquement certaines informations sur votre interaction avec les services (\u201cdonn\u00e9es d'utilisation\u201d). Pour ce faire, nous pouvons utiliser des cookies, des pixels et des donn\u00e9es d'utilisation.<br \/>\ndes technologies similaires (\u201cCookies\u201d). Les donn\u00e9es d'utilisation peuvent comprendre des informations sur la mani\u00e8re dont vous acc\u00e9dez \u00e0 notre site et l'utilisez, ainsi que sur votre compte, y compris l'appareil<br \/>\ndes informations sur votre navigateur, des informations sur votre connexion au r\u00e9seau, votre adresse IP et d'autres informations concernant votre interaction avec<br \/>\nles services.<br \/>\nInformations obtenues aupr\u00e8s de tiers<br \/>\nEnfin, nous pouvons obtenir des informations vous concernant aupr\u00e8s de tiers, y compris de vendeurs et de prestataires de services qui peuvent collecter des informations sur notre site web.<br \/>\ncomme par exemple :<br \/>\n- Les soci\u00e9t\u00e9s qui soutiennent notre site et nos services, telles que Shopify.<br \/>\n- Nos prestataires de services de paiement, qui recueillent les informations relatives au paiement (par exemple, compte bancaire, informations relatives \u00e0 la carte de cr\u00e9dit ou de d\u00e9bit, adresse de facturation) afin de traiter votre demande.<br \/>\nle paiement afin d'ex\u00e9cuter vos commandes et de vous fournir les produits ou services que vous avez demand\u00e9s, afin d'ex\u00e9cuter notre contrat avec vous.<br \/>\n- Lorsque vous visitez notre site, ouvrez ou cliquez sur les courriels que nous vous envoyons, ou interagissez avec nos services ou nos publicit\u00e9s, nous, ou des tiers avec lesquels nous travaillons, pouvons<br \/>\ncollecter automatiquement certaines informations \u00e0 l'aide de technologies de suivi en ligne telles que les pixels, les balises web, les kits de d\u00e9veloppement de logiciels et les biblioth\u00e8ques de tiers,<br \/>\net des biscuits.<br \/>\nToute information que nous obtenons de tiers sera trait\u00e9e conform\u00e9ment \u00e0 la pr\u00e9sente politique de confidentialit\u00e9. Nous ne sommes pas responsables de l'exactitude des informations suivantes<br \/>\nles informations qui nous sont fournies par des tiers et nous ne sommes pas responsables des politiques ou des pratiques de ces tiers. Pour plus d'informations, voir la section<br \/>\nci-dessous, les sites web de tiers et les liens.<br \/>\nComment nous utilisons vos informations personnelles<br \/>\n- Fournir des produits et des services. Nous utilisons vos informations personnelles pour vous fournir les services afin d'ex\u00e9cuter notre contrat avec vous,<br \/>\ny compris pour traiter vos paiements, ex\u00e9cuter vos commandes, vous envoyer des notifications relatives \u00e0 votre compte, \u00e0 vos achats, \u00e0 vos retours, \u00e0 vos \u00e9changes ou \u00e0 d'autres aspects de votre vie priv\u00e9e.<br \/>\nde cr\u00e9er, de maintenir et de g\u00e9rer votre compte, d'organiser l'exp\u00e9dition, de faciliter les retours et les \u00e9changes et de vous permettre de<br \/>\nles bilans de poste.<br \/>\n- Marketing et publicit\u00e9. Nous utilisons vos informations personnelles \u00e0 des fins de marketing et de promotion, par exemple pour envoyer des messages marketing, publicitaires et promotionnels.<br \/>\ndes communications promotionnelles par courrier \u00e9lectronique, SMS ou courrier postal, et pour vous pr\u00e9senter des publicit\u00e9s pour des produits ou des services. Cela peut inclure l'utilisation de<br \/>\nvos informations personnelles pour mieux adapter les services et la publicit\u00e9 sur notre site et d'autres sites web.<br \/>\n- S\u00e9curit\u00e9 et pr\u00e9vention de la fraude. Nous utilisons vos informations personnelles pour d\u00e9tecter, enqu\u00eater ou prendre des mesures concernant d'\u00e9ventuels actes frauduleux, ill\u00e9gaux ou<br \/>\nles activit\u00e9s malveillantes. Si vous choisissez d'utiliser les services et d'ouvrir un compte, vous \u00eates responsable de la s\u00e9curit\u00e9 de vos donn\u00e9es d'identification. Nous sommes tr\u00e8s<br \/>\nvous recommande de ne pas partager votre nom d'utilisateur, votre mot de passe ou d'autres donn\u00e9es d'acc\u00e8s avec qui que ce soit. Si vous pensez que votre compte a \u00e9t\u00e9<br \/>\ncompromis, veuillez nous contacter imm\u00e9diatement.<br \/>\n- Communiquer avec vous. Nous utilisons vos informations personnelles pour vous fournir une assistance \u00e0 la client\u00e8le et am\u00e9liorer nos services. Ceci est dans notre int\u00e9r\u00eat l\u00e9gitime.<br \/>\nafin d'\u00eatre \u00e0 votre \u00e9coute, de vous fournir des services efficaces et de maintenir nos relations commerciales avec vous.<br \/>\nCookies<br \/>\nComme de nombreux sites web, nous utilisons des cookies sur notre site. Pour des informations sp\u00e9cifiques sur les cookies que nous utilisons dans le cadre de l'exploitation de notre boutique avec Shopify, voir<br \/>\nhttps:\/\/www.shopify.com\/legal\/cookies. Nous utilisons des cookies pour alimenter et am\u00e9liorer notre site et nos services (y compris pour se souvenir de vos actions et de votre comportement).<br \/>\npr\u00e9f\u00e9rences), d'effectuer des analyses et de mieux comprendre l'interaction des utilisateurs avec les services (dans notre int\u00e9r\u00eat l\u00e9gitime \u00e0 administrer, am\u00e9liorer et optimiser les services), d'effectuer des analyses et de mieux comprendre l'interaction des utilisateurs avec les services.<br \/>\nles services). Nous pouvons \u00e9galement autoriser des tiers et des prestataires de services \u00e0 utiliser des cookies sur notre site afin de mieux adapter les services, les produits et la publicit\u00e9.<br \/>\nsur notre site et sur d'autres sites web.<br \/>\nLa plupart des navigateurs acceptent automatiquement les cookies par d\u00e9faut, mais vous pouvez choisir de les supprimer ou de les rejeter par l'interm\u00e9diaire de votre navigateur<br \/>\nles contr\u00f4les. Veuillez garder \u00e0 l'esprit que la suppression ou le blocage des cookies peut avoir un impact n\u00e9gatif sur votre exp\u00e9rience d'utilisateur et peut emp\u00eacher l'utilisation de certains services,<br \/>\ny compris certaines caract\u00e9ristiques et fonctionnalit\u00e9s g\u00e9n\u00e9rales, de fonctionner incorrectement ou de ne plus \u00eatre disponibles. En outre, le blocage des cookies peut ne pas \u00eatre complet.<br \/>\npr\u00e9venir la mani\u00e8re dont nous partageons des informations avec des tiers, tels que nos partenaires publicitaires.<br \/>\nComment nous divulguons les informations personnelles<br \/>\nDans certaines circonstances, nous pouvons divulguer vos informations personnelles \u00e0 des tiers \u00e0 des fins l\u00e9gitimes, sous r\u00e9serve de la pr\u00e9sente politique de protection de la vie priv\u00e9e. Dans ce cas<br \/>\nLes circonstances peuvent inclure :<br \/>\nLes circonstances peuvent inclure :<br \/>\n- avec des fournisseurs ou d'autres tiers qui fournissent des services en notre nom (par exemple, la gestion informatique, le traitement des paiements, l'analyse des donn\u00e9es, l'assistance \u00e0 la client\u00e8le),<br \/>\nstockage en nuage, traitement des commandes et exp\u00e9dition).<br \/>\n- Avec des partenaires commerciaux et marketing, y compris Shopify, pour vous fournir des services et vous faire de la publicit\u00e9. [NOTE \u00c0 L'ATTENTION DU COMMER\u00c7ANT : INS\u00c9RER CE QUI SUIT<br \/>\nPHRASE EN CAS D'UTILISATION DES SERVICES PUBLICITAIRES DE SHOPIFY, TELS QUE SHOPIFY AUDIENCES]]. [Par exemple, nous utilisons Shopify pour soutenir la publicit\u00e9 personnalis\u00e9e avec<br \/>\nservices de tiers]. Nos partenaires commerciaux et marketing utiliseront vos informations conform\u00e9ment \u00e0 leurs propres avis de confidentialit\u00e9.<br \/>\n- Lorsque vous nous demandez de divulguer certaines informations \u00e0 des tiers, par exemple pour vous exp\u00e9dier des produits ou par l'interm\u00e9diaire de votre site web, ou lorsque vous consentez d'une autre mani\u00e8re \u00e0 ce que nous divulguions certaines informations \u00e0 des tiers.<br \/>\nl'utilisation de widgets de m\u00e9dias sociaux ou d'int\u00e9grations de connexion, avec votre consentement.<br \/>\n- avec nos affili\u00e9s ou d'autres membres de notre groupe, dans le cadre de nos int\u00e9r\u00eats l\u00e9gitimes \u00e0 g\u00e9rer une entreprise prosp\u00e8re.<br \/>\n- dans le cadre d'une op\u00e9ration commerciale telle qu'une fusion ou une faillite, pour se conformer \u00e0 toute obligation l\u00e9gale applicable (y compris pour r\u00e9pondre \u00e0 des demandes d'indemnisation de la part d'un tiers).<br \/>\nles citations \u00e0 compara\u00eetre, les mandats de perquisition et autres demandes similaires), pour faire respecter les conditions de service applicables et pour prot\u00e9ger ou d\u00e9fendre les services, nos droits et le site Web de la soci\u00e9t\u00e9.<br \/>\nles droits de nos utilisateurs ou d'autres personnes.<br \/>\nAu cours des 12 derniers mois, nous avons divulgu\u00e9 les cat\u00e9gories suivantes d'informations \u00e0 caract\u00e8re personnel et d'informations \u00e0 caract\u00e8re personnel sensibles (signal\u00e9es par un ast\u00e9risque) concernant<br \/>\nles utilisateurs aux fins d\u00e9crites ci-dessus dans les sections \u201cComment nous collectons et utilisons vos informations personnelles\u201d et \u201cComment nous divulguons les informations personnelles\u201d :<br \/>\nCat\u00e9gorie :<br \/>\n- Identifiants tels que les coordonn\u00e9es de base et certaines informations relatives aux commandes et aux comptes<br \/>\n- les informations commerciales telles que les informations relatives aux commandes, aux achats et au service client\u00e8le<br \/>\n- l'activit\u00e9 sur Internet ou sur d'autres r\u00e9seaux similaires, telle que les donn\u00e9es d'utilisation<br \/>\nCat\u00e9gories de b\u00e9n\u00e9ficiaires :<br \/>\n- Les fournisseurs et les tiers qui fournissent des services en notre nom (tels que les fournisseurs de services Internet, les soci\u00e9t\u00e9s de traitement des paiements, les partenaires d'ex\u00e9cution, les fournisseurs de services \u00e0 la client\u00e8le, les fournisseurs de services d'assistance technique, les fournisseurs de services d'assistance technique, etc.<br \/>\nles partenaires de soutien et les fournisseurs de services d'analyse de donn\u00e9es)<br \/>\n- Partenaires commerciaux et marketing<br \/>\n- Affili\u00e9s<br \/>\nNous n'utilisons ni ne divulguons d'informations personnelles sensibles dans le but de d\u00e9duire des caract\u00e9ristiques vous concernant.<br \/>\n[[NOTE AU MARCHAND - INS\u00c9RER LE PARAGRAPHE SUIVANT ET LES LISTES SI VOUS UTILISEZ LES SERVICES PUBLICITAIRES DE SHOPIFY TELS QUE SHOPIFY AUDIENCES OU ENGAGING<br \/>\nDANS TOUTE AUTRE ACTIVIT\u00c9 POUVANT \u00caTRE CONSID\u00c9R\u00c9E COMME LA \u201cVENTE\u201d OU LE \u201cPARTAGE\u201d D'INFORMATIONS \u00c0 CARACT\u00c8RE PERSONNEL OU LE TRAITEMENT D'INFORMATIONS \u00c0 CARACT\u00c8RE PERSONNEL<br \/>\nPOUR LA \u201cPUBLICIT\u00c9 CIBL\u00c9E\u201d]]\nNous avons \u201cvendu\u201d et \u201cpartag\u00e9\u201d (selon la d\u00e9finition de ces termes dans la l\u00e9gislation applicable) des informations personnelles au cours des 12 derniers mois dans le but de<br \/>\nla r\u00e9alisation d'activit\u00e9s de publicit\u00e9 et de marketing, comme suit.<br \/>\nCat\u00e9gorie d'informations personnelles<br \/>\n- Identifiants tels que les coordonn\u00e9es de base et certaines informations relatives aux commandes et aux comptes<br \/>\n- Informations commerciales telles que les enregistrements des produits ou services achet\u00e9s et les informations relatives aux achats.<br \/>\n- l'activit\u00e9 sur Internet ou sur d'autres r\u00e9seaux similaires, telle que les donn\u00e9es d'utilisation<br \/>\nCat\u00e9gories de b\u00e9n\u00e9ficiaires<br \/>\n- Partenaires commerciaux et marketing<br \/>\nContenu g\u00e9n\u00e9r\u00e9 par l'utilisateur<br \/>\nLes services peuvent vous permettre de publier des critiques de produits et d'autres contenus g\u00e9n\u00e9r\u00e9s par les utilisateurs. Si vous choisissez de soumettre du contenu g\u00e9n\u00e9r\u00e9 par l'utilisateur \u00e0 un site public de l<br \/>\ndes services, ce contenu sera public et accessible \u00e0 tous.<br \/>\nNous ne contr\u00f4lons pas qui aura acc\u00e8s aux informations que vous choisissez de mettre \u00e0 la disposition d'autres personnes, et nous ne pouvons pas garantir que les parties qui y ont acc\u00e8s<br \/>\nLes personnes qui n'ont pas acc\u00e8s \u00e0 ces informations respecteront votre vie priv\u00e9e ou la conserveront en toute s\u00e9curit\u00e9. Nous ne sommes pas responsables de la confidentialit\u00e9 ou de la s\u00e9curit\u00e9 des informations que vous communiquez.<br \/>\npubliquement disponibles, ou de l'exactitude, de l'utilisation ou de la mauvaise utilisation de toute information que vous divulguez ou que vous recevez de tiers.<br \/>\nSites web et liens de tiers<br \/>\nNotre site peut fournir des liens vers des sites web ou d'autres plateformes en ligne exploit\u00e9s par des tiers. Si vous suivez des liens vers des sites qui ne sont pas affili\u00e9s ou contr\u00f4l\u00e9s par nous,<br \/>\nPropuls\u00e9 par Shopify<br \/>\nwww.shopify.com<br \/>\nNotre site peut fournir des liens vers des sites web ou d'autres plateformes en ligne exploit\u00e9s par des tiers. Si vous suivez des liens vers des sites qui ne sont pas affili\u00e9s ou contr\u00f4l\u00e9s par nous,<br \/>\nvous devez consulter leurs politiques de confidentialit\u00e9 et de s\u00e9curit\u00e9 ainsi que leurs autres conditions g\u00e9n\u00e9rales. Nous ne garantissons pas et ne sommes pas responsables de la confidentialit\u00e9 ou de la s\u00e9curit\u00e9 des donn\u00e9es.<br \/>\nla s\u00e9curit\u00e9 de ces sites, y compris l'exactitude, l'exhaustivit\u00e9 ou la fiabilit\u00e9 des informations trouv\u00e9es sur ces sites. Les informations que vous fournissez sur des sites publics ou semi-publics<br \/>\ny compris les informations que vous partagez sur des plateformes de r\u00e9seaux sociaux tiers, peuvent \u00e9galement \u00eatre consult\u00e9es par d'autres utilisateurs des services et\/ou des sites web.<br \/>\nles utilisateurs de ces plateformes tierces, sans limitation quant \u00e0 leur utilisation par nous ou par un tiers. L'inclusion de ces liens n'implique pas, en soi, une quelconque responsabilit\u00e9 de notre part.<br \/>\nde cautionner le contenu de ces plateformes ou de leurs propri\u00e9taires ou op\u00e9rateurs, \u00e0 l'exception de ce qui est indiqu\u00e9 dans les services.<br \/>\nDonn\u00e9es sur les enfants<br \/>\nLes services ne sont pas destin\u00e9s \u00e0 \u00eatre utilis\u00e9s par des enfants et nous ne collectons pas sciemment d'informations personnelles sur les enfants. Si vous \u00eates le parent ou<br \/>\ntuteur d'un enfant qui nous a fourni ses donn\u00e9es personnelles, vous pouvez nous contacter en utilisant les coordonn\u00e9es indiqu\u00e9es ci-dessous pour demander qu'elles soient<br \/>\nsupprim\u00e9e.<br \/>\n\u00c0 la date d'entr\u00e9e en vigueur de la pr\u00e9sente politique de protection de la vie priv\u00e9e, nous n'avons pas connaissance du fait que nous \u201cpartageons\u201d ou \u201cvendons\u201d (tels que ces termes sont d\u00e9finis dans la l\u00e9gislation applicable)<br \/>\nles informations personnelles des personnes \u00e2g\u00e9es de moins de 16 ans.<br \/>\n[NOTE AUX COMMER\u00c7ANTS : VEUILLEZ CONSULTER UN CONSEILLER JURIDIQUE SI VOTRE SITE EST AX\u00c9 SUR LES ENFANTS OU S'ADRESSE \u00c0 EUX, CAR DES DIVULGATIONS PLUS SP\u00c9CIFIQUES PEUVENT \u00caTRE N\u00c9CESSAIRES.<br \/>\n\u00caTRE OBLIGATOIRE.]]\nS\u00e9curit\u00e9 et conservation des informations<br \/>\nVeuillez noter qu'aucune mesure de s\u00e9curit\u00e9 n'est parfaite ou imp\u00e9n\u00e9trable et que nous ne pouvons pas garantir une \u201cs\u00e9curit\u00e9 parfaite\u201d. En outre, toute information que vous<br \/>\nque vous nous envoyez peuvent ne pas \u00eatre s\u00e9curis\u00e9s pendant leur transit. Nous vous recommandons de ne pas utiliser de canaux non s\u00e9curis\u00e9s pour communiquer des informations sensibles ou confidentielles.<br \/>\ndes informations \u00e0 notre intention.<\/p>\n<\/header>","protected":false},"excerpt":{"rendered":"<p>Ecommerce Professionals Group LLC Privacy Policy. This Privacy Policy describes how Ecommerce Professionals Group LLC (the &#8220;Site&#8221;, &#8220;we&#8221;, &#8220;us&#8221;, or &#8220;our&#8221;) collects, uses, and discloses your personal information when you visit, use our services, or make a purchase from mainded.com (the &#8220;Site&#8221;) or otherwise communicate with us (collectively, the &#8220;Services&#8221;). For purposes of this Privacy [&#8230;]","protected":false},"author":1,"featured_media":0,"parent":0,"menu_order":0,"comment_status":"closed","ping_status":"closed","template":"","meta":{"footnotes":""},"class_list":["post-5510","page","type-page","status-publish","hentry"],"_links":{"self":[{"href":"https:\/\/mainded.com\/fr\/wp-json\/wp\/v2\/pages\/5510","targetHints":{"allow":["GET"]}}],"collection":[{"href":"https:\/\/mainded.com\/fr\/wp-json\/wp\/v2\/pages"}],"about":[{"href":"https:\/\/mainded.com\/fr\/wp-json\/wp\/v2\/types\/page"}],"author":[{"embeddable":true,"href":"https:\/\/mainded.com\/fr\/wp-json\/wp\/v2\/users\/1"}],"replies":[{"embeddable":true,"href":"https:\/\/mainded.com\/fr\/wp-json\/wp\/v2\/comments?post=5510"}],"version-history":[{"count":0,"href":"https:\/\/mainded.com\/fr\/wp-json\/wp\/v2\/pages\/5510\/revisions"}],"wp:attachment":[{"href":"https:\/\/mainded.com\/fr\/wp-json\/wp\/v2\/media?parent=5510"}],"curies":[{"name":"wp","href":"https:\/\/api.w.org\/{rel}","templated":true}]}}