{"id":35251,"date":"2025-02-05T23:07:37","date_gmt":"2025-02-05T22:07:37","guid":{"rendered":"https:\/\/mainded.com\/?post_type=product&#038;p=35251"},"modified":"2025-05-19T19:30:34","modified_gmt":"2025-05-19T18:30:34","slug":"a-i-money-video-course","status":"publish","type":"product","link":"https:\/\/mainded.com\/es\/p\/a-i-money-video-course\/","title":{"rendered":"I.A. Dinero - curso en v\u00eddeo"},"content":{"rendered":"","protected":false},"excerpt":{"rendered":"<p>Este curso de v\u00eddeo le mostrar\u00e1 todo tipo de maneras que usted puede hacer f\u00e1cilmente dinero usando AI, y dejar que trabaje para usted.<\/p>","protected":false},"featured_media":35252,"comment_status":"open","ping_status":"closed","template":"","meta":[],"product_brand":[],"product_cat":[105],"product_tag":[],"class_list":{"0":"post-35251","1":"product","2":"type-product","3":"status-publish","4":"has-post-thumbnail","6":"product_cat-nezarazene","8":"first","9":"instock","10":"sale","11":"virtual","12":"purchasable","13":"product-type-simple"},"_links":{"self":[{"href":"https:\/\/mainded.com\/es\/wp-json\/wp\/v2\/product\/35251","targetHints":{"allow":["GET"]}}],"collection":[{"href":"https:\/\/mainded.com\/es\/wp-json\/wp\/v2\/product"}],"about":[{"href":"https:\/\/mainded.com\/es\/wp-json\/wp\/v2\/types\/product"}],"replies":[{"embeddable":true,"href":"https:\/\/mainded.com\/es\/wp-json\/wp\/v2\/comments?post=35251"}],"wp:featuredmedia":[{"embeddable":true,"href":"https:\/\/mainded.com\/es\/wp-json\/wp\/v2\/media\/35252"}],"wp:attachment":[{"href":"https:\/\/mainded.com\/es\/wp-json\/wp\/v2\/media?parent=35251"}],"wp:term":[{"taxonomy":"product_brand","embeddable":true,"href":"https:\/\/mainded.com\/es\/wp-json\/wp\/v2\/product_brand?post=35251"},{"taxonomy":"product_cat","embeddable":true,"href":"https:\/\/mainded.com\/es\/wp-json\/wp\/v2\/product_cat?post=35251"},{"taxonomy":"product_tag","embeddable":true,"href":"https:\/\/mainded.com\/es\/wp-json\/wp\/v2\/product_tag?post=35251"}],"curies":[{"name":"wp","href":"https:\/\/api.w.org\/{rel}","templated":true}]}}