{"id":35012,"date":"2024-12-28T16:43:18","date_gmt":"2024-12-28T15:43:18","guid":{"rendered":"https:\/\/mainded.com\/?post_type=product&#038;p=35012"},"modified":"2025-02-07T13:38:21","modified_gmt":"2025-02-07T12:38:21","slug":"internet-21","status":"publish","type":"product","link":"https:\/\/mainded.com\/es\/p\/internet-21\/","title":{"rendered":"Internet 21"},"content":{"rendered":"","protected":false},"excerpt":{"rendered":"<p>\u00bfSab\u00eda que hay formas sencillas de ganar dinero en Internet? Hemos encontrado 21 s\u00f3lo para ti...<\/p>\n<p>\u00bfCansado de trabajar duro y no ser recompensado justamente? Con este eBook, descubrir\u00e1 secretos que le permitir\u00e1n convertir su tiempo en l\u00ednea en dinero real. No espere un milagro-estos m\u00e9todos probados funcionan y est\u00e1n listos para aquellos decididos a tener \u00e9xito. Cada d\u00eda que no utiliza la informaci\u00f3n de este eBook es otro d\u00eda en que la libertad financiera se le escapa de las manos.<\/p>\n<p>Le revelaremos 21 formas de aumentar f\u00e1cilmente sus ingresos en Internet. \u00bfY lo mejor? No necesitas experiencia previa ni una gran inversi\u00f3n: la mayor\u00eda de los m\u00e9todos pueden probarse sin apenas coste alguno.<\/p>\n<p>Aprenda a sacar partido de la inteligencia artificial, el arbitraje y varios sitios web y aplicaciones.<\/p>\n<p>\u2705 Gana m\u00e1s libertad<br \/>\nEmpieza hoy<br \/>\n\u2705 Puedes empezar gratis<\/p>","protected":false},"featured_media":35013,"comment_status":"open","ping_status":"closed","template":"","meta":[],"product_brand":[],"product_cat":[105,211],"product_tag":[],"class_list":{"0":"post-35012","1":"product","2":"type-product","3":"status-publish","4":"has-post-thumbnail","6":"product_cat-nezarazene","7":"product_cat-na-miru","9":"first","10":"instock","11":"sale","12":"downloadable","13":"virtual","14":"purchasable","15":"product-type-simple"},"_links":{"self":[{"href":"https:\/\/mainded.com\/es\/wp-json\/wp\/v2\/product\/35012","targetHints":{"allow":["GET"]}}],"collection":[{"href":"https:\/\/mainded.com\/es\/wp-json\/wp\/v2\/product"}],"about":[{"href":"https:\/\/mainded.com\/es\/wp-json\/wp\/v2\/types\/product"}],"replies":[{"embeddable":true,"href":"https:\/\/mainded.com\/es\/wp-json\/wp\/v2\/comments?post=35012"}],"wp:featuredmedia":[{"embeddable":true,"href":"https:\/\/mainded.com\/es\/wp-json\/wp\/v2\/media\/35013"}],"wp:attachment":[{"href":"https:\/\/mainded.com\/es\/wp-json\/wp\/v2\/media?parent=35012"}],"wp:term":[{"taxonomy":"product_brand","embeddable":true,"href":"https:\/\/mainded.com\/es\/wp-json\/wp\/v2\/product_brand?post=35012"},{"taxonomy":"product_cat","embeddable":true,"href":"https:\/\/mainded.com\/es\/wp-json\/wp\/v2\/product_cat?post=35012"},{"taxonomy":"product_tag","embeddable":true,"href":"https:\/\/mainded.com\/es\/wp-json\/wp\/v2\/product_tag?post=35012"}],"curies":[{"name":"wp","href":"https:\/\/api.w.org\/{rel}","templated":true}]}}