{"id":35010,"date":"2024-12-28T16:37:43","date_gmt":"2024-12-28T15:37:43","guid":{"rendered":"https:\/\/mainded.com\/?post_type=product&#038;p=35010"},"modified":"2025-02-06T15:58:46","modified_gmt":"2025-02-06T14:58:46","slug":"womanizer","status":"publish","type":"product","link":"https:\/\/mainded.com\/es\/p\/womanizer\/","title":{"rendered":"Mujeriego"},"content":{"rendered":"","protected":false},"excerpt":{"rendered":"<p>\u00bfSab\u00edas que con estos m\u00e9todos tendr\u00e1s m\u00e1s \u00e9xito con las mujeres que 99% de los hombres?<br \/>\nS\u00e9 el hombre en el que las mujeres no pueden dejar de pensar.<\/p>\n<p>Convi\u00e9rtase en un im\u00e1n para las mujeres utilizando las t\u00e9cnicas reveladas en este eBook. Se acabaron los rechazos y las situaciones inc\u00f3modas. Aprende a despertar su inter\u00e9s de forma natural y a mantenerlo vivo. Descubre trucos secretos que har\u00e1n que las mujeres no puedan sacarte de sus mentes. A la mayor\u00eda de los hombres les cuesta, pero usted sabr\u00e1 exactamente qu\u00e9 hacer.<\/p>\n<p>\u00bfQuiere ser el hombre que nunca se queda sin admiradores y cuyos amigos le envidian en secreto? No espere. Cada d\u00eda que se retrasa es una oportunidad perdida. Tome las riendas de su vida amorosa hoy mismo.<\/p>\n<p>\u2705 Aprende a acercarte a las mujeres de la manera correcta<br \/>\n\u2705 Di adi\u00f3s al rechazo<br \/>\n\u2705 Transforma tu vida amorosa<\/p>","protected":false},"featured_media":35011,"comment_status":"open","ping_status":"closed","template":"","meta":[],"product_brand":[],"product_cat":[105,211],"product_tag":[],"class_list":{"0":"post-35010","1":"product","2":"type-product","3":"status-publish","4":"has-post-thumbnail","6":"product_cat-nezarazene","7":"product_cat-na-miru","9":"first","10":"instock","11":"sale","12":"virtual","13":"purchasable","14":"product-type-simple"},"_links":{"self":[{"href":"https:\/\/mainded.com\/es\/wp-json\/wp\/v2\/product\/35010","targetHints":{"allow":["GET"]}}],"collection":[{"href":"https:\/\/mainded.com\/es\/wp-json\/wp\/v2\/product"}],"about":[{"href":"https:\/\/mainded.com\/es\/wp-json\/wp\/v2\/types\/product"}],"replies":[{"embeddable":true,"href":"https:\/\/mainded.com\/es\/wp-json\/wp\/v2\/comments?post=35010"}],"wp:featuredmedia":[{"embeddable":true,"href":"https:\/\/mainded.com\/es\/wp-json\/wp\/v2\/media\/35011"}],"wp:attachment":[{"href":"https:\/\/mainded.com\/es\/wp-json\/wp\/v2\/media?parent=35010"}],"wp:term":[{"taxonomy":"product_brand","embeddable":true,"href":"https:\/\/mainded.com\/es\/wp-json\/wp\/v2\/product_brand?post=35010"},{"taxonomy":"product_cat","embeddable":true,"href":"https:\/\/mainded.com\/es\/wp-json\/wp\/v2\/product_cat?post=35010"},{"taxonomy":"product_tag","embeddable":true,"href":"https:\/\/mainded.com\/es\/wp-json\/wp\/v2\/product_tag?post=35010"}],"curies":[{"name":"wp","href":"https:\/\/api.w.org\/{rel}","templated":true}]}}