{"id":35006,"date":"2024-12-28T16:30:51","date_gmt":"2024-12-28T15:30:51","guid":{"rendered":"https:\/\/mainded.com\/?post_type=product&#038;p=35006"},"modified":"2025-02-06T15:58:33","modified_gmt":"2025-02-06T14:58:33","slug":"ms-word","status":"publish","type":"product","link":"https:\/\/mainded.com\/es\/p\/ms-word\/","title":{"rendered":"MS Word"},"content":{"rendered":"","protected":false},"excerpt":{"rendered":"<p>Microsoft Word es una herramienta inestimable para todo el mundo, tanto si necesitas redactar un curr\u00edculum como redactar cualquier tipo de contrato. Dominar los conceptos b\u00e1sicos de Word es esencial, por eso hemos creado un curso de v\u00eddeo conciso para ense\u00f1arte todo lo que necesitas saber.<\/p>\n<p>Obtenga conocimientos fundamentales sobre c\u00f3mo trabajar eficazmente con Microsoft Word, \u00a1sin pasar d\u00edas averigu\u00e1ndolo! \u00bfEst\u00e1s listo para sumergirte?<\/p>\n<p>\u2705 Estas competencias son valiosas en muchos sectores<br \/>\n\u2705 Su CV destacar\u00e1<br \/>\n\u2705 Aplicar sus conocimientos tanto en la vida profesional como en la personal.<\/p>","protected":false},"featured_media":35007,"comment_status":"open","ping_status":"closed","template":"","meta":[],"product_brand":[],"product_cat":[211,105],"product_tag":[],"class_list":{"0":"post-35006","1":"product","2":"type-product","3":"status-publish","4":"has-post-thumbnail","6":"product_cat-na-miru","7":"product_cat-nezarazene","9":"first","10":"instock","11":"sale","12":"virtual","13":"purchasable","14":"product-type-simple"},"_links":{"self":[{"href":"https:\/\/mainded.com\/es\/wp-json\/wp\/v2\/product\/35006","targetHints":{"allow":["GET"]}}],"collection":[{"href":"https:\/\/mainded.com\/es\/wp-json\/wp\/v2\/product"}],"about":[{"href":"https:\/\/mainded.com\/es\/wp-json\/wp\/v2\/types\/product"}],"replies":[{"embeddable":true,"href":"https:\/\/mainded.com\/es\/wp-json\/wp\/v2\/comments?post=35006"}],"wp:featuredmedia":[{"embeddable":true,"href":"https:\/\/mainded.com\/es\/wp-json\/wp\/v2\/media\/35007"}],"wp:attachment":[{"href":"https:\/\/mainded.com\/es\/wp-json\/wp\/v2\/media?parent=35006"}],"wp:term":[{"taxonomy":"product_brand","embeddable":true,"href":"https:\/\/mainded.com\/es\/wp-json\/wp\/v2\/product_brand?post=35006"},{"taxonomy":"product_cat","embeddable":true,"href":"https:\/\/mainded.com\/es\/wp-json\/wp\/v2\/product_cat?post=35006"},{"taxonomy":"product_tag","embeddable":true,"href":"https:\/\/mainded.com\/es\/wp-json\/wp\/v2\/product_tag?post=35006"}],"curies":[{"name":"wp","href":"https:\/\/api.w.org\/{rel}","templated":true}]}}