{"id":35002,"date":"2024-12-28T16:26:44","date_gmt":"2024-12-28T15:26:44","guid":{"rendered":"https:\/\/mainded.com\/?post_type=product&#038;p=35002"},"modified":"2025-04-27T17:44:50","modified_gmt":"2025-04-27T16:44:50","slug":"english-basics","status":"publish","type":"product","link":"https:\/\/mainded.com\/es\/p\/english-basics\/","title":{"rendered":"Ingl\u00e9s 7 d\u00edas"},"content":{"rendered":"","protected":false},"excerpt":{"rendered":"<p>\u00bfLe cuesta encontrar tiempo para aprender ingl\u00e9s? En este eBook hemos reunido todos los conceptos b\u00e1sicos esenciales del ingl\u00e9s que podr\u00e1 dominar f\u00e1cilmente gracias a atractivas animaciones. El eBook est\u00e1 dise\u00f1ado para ayudarle a aprender lo m\u00e1ximo posible en poco tiempo. Es perfecto tanto para principiantes absolutos como para estudiantes m\u00e1s avanzados. Invierta en sus conocimientos y le compensar\u00e1 con creces. El ingl\u00e9s es una habilidad que puede utilizar en la vida diaria y en el trabajo.<\/p>\n<p>\u2705 Aprender los conceptos b\u00e1sicos del ingl\u00e9s<br \/>\n\u2705 Ganar confianza al hablar ingl\u00e9s.<br \/>\n\u2705 Mejora tu CV<\/p>","protected":false},"featured_media":35253,"comment_status":"open","ping_status":"closed","template":"","meta":[],"product_brand":[],"product_cat":[211,105],"product_tag":[],"class_list":{"0":"post-35002","1":"product","2":"type-product","3":"status-publish","4":"has-post-thumbnail","6":"product_cat-na-miru","7":"product_cat-nezarazene","9":"first","10":"instock","11":"sale","12":"downloadable","13":"virtual","14":"purchasable","15":"product-type-simple"},"_links":{"self":[{"href":"https:\/\/mainded.com\/es\/wp-json\/wp\/v2\/product\/35002","targetHints":{"allow":["GET"]}}],"collection":[{"href":"https:\/\/mainded.com\/es\/wp-json\/wp\/v2\/product"}],"about":[{"href":"https:\/\/mainded.com\/es\/wp-json\/wp\/v2\/types\/product"}],"replies":[{"embeddable":true,"href":"https:\/\/mainded.com\/es\/wp-json\/wp\/v2\/comments?post=35002"}],"wp:featuredmedia":[{"embeddable":true,"href":"https:\/\/mainded.com\/es\/wp-json\/wp\/v2\/media\/35253"}],"wp:attachment":[{"href":"https:\/\/mainded.com\/es\/wp-json\/wp\/v2\/media?parent=35002"}],"wp:term":[{"taxonomy":"product_brand","embeddable":true,"href":"https:\/\/mainded.com\/es\/wp-json\/wp\/v2\/product_brand?post=35002"},{"taxonomy":"product_cat","embeddable":true,"href":"https:\/\/mainded.com\/es\/wp-json\/wp\/v2\/product_cat?post=35002"},{"taxonomy":"product_tag","embeddable":true,"href":"https:\/\/mainded.com\/es\/wp-json\/wp\/v2\/product_tag?post=35002"}],"curies":[{"name":"wp","href":"https:\/\/api.w.org\/{rel}","templated":true}]}}