{"id":5506,"date":"2018-07-05T11:04:30","date_gmt":"2018-07-05T11:04:30","guid":{"rendered":"https:\/\/mainded.com\/?page_id=5506"},"modified":"2025-08-23T11:19:51","modified_gmt":"2025-08-23T10:19:51","slug":"privacy","status":"publish","type":"page","link":"https:\/\/mainded.com\/es\/privacy\/","title":{"rendered":"Pol\u00edtica de privacidad"},"content":{"rendered":"<header>Gestionamos una tienda electr\u00f3nica en el sitio web mainded.comPara la prestaci\u00f3n de nuestros servicios, la venta de bienes y el funcionamiento de nuestro sitio web, procesamos algunos datos personales.<\/p>\n<p>&nbsp;<\/p>\n<p>El tratamiento de datos personales est\u00e1 regulado, en particular, por el Reglamento (UE) 2016\/679 del Parlamento Europeo y del Consejo, de 27 de abril de 2016, relativo a la protecci\u00f3n de las personas f\u00edsicas en lo que respecta al tratamiento de datos personales y a la libre circulaci\u00f3n de estos datos y a la derogaci\u00f3n de la Directiva 95\/46\/CE (Reglamento general de protecci\u00f3n de datos personales) (\u201cRGPD\u201d)<\/p>\n<p>I. Tratamiento de datos personales<br \/>\nA. Tratamiento de datos personales al utilizar el formulario de contacto<\/p>\n<p>&nbsp;<\/p>\n<p>Si solicita informaci\u00f3n sobre nuestros productos y servicios, trabajaremos con los datos de contacto que nos facilite, principalmente a trav\u00e9s del formulario de consulta. Estos son: ............................<\/p>\n<p>&nbsp;<\/p>\n<p>\u00bfPor qu\u00e9 raz\u00f3n?<\/p>\n<p>Nos pondremos en contacto con usted a trav\u00e9s de ellos para otros acuerdos relativos a bienes y servicios.<\/p>\n<p>&nbsp;<\/p>\n<p>\u00bfCon qu\u00e9 fundamento jur\u00eddico?<\/p>\n<p>Se trata de un tratamiento basado en el art\u00edculo 6, apartado 1, letra b) del RGPD: negociaci\u00f3n de un contrato o aplicaci\u00f3n de medidas precontractuales a petici\u00f3n suya.<\/p>\n<p>&nbsp;<\/p>\n<p>\u00bfDurante cu\u00e1nto tiempo trataremos los datos personales?<\/p>\n<p>Si no establecemos una nueva cooperaci\u00f3n, procesaremos sus datos durante un m\u00e1ximo de 90 d\u00edas desde nuestra \u00faltima comunicaci\u00f3n.<\/p>\n<p>&nbsp;<\/p>\n<p>B. Tratamiento de datos personales en caso de compra<\/p>\n<p>&nbsp;<\/p>\n<p>Si nos hace una compra, trabajaremos con los datos que nos facilite. Se trata principalmente de datos de facturaci\u00f3n: nombre, apellidos, direcci\u00f3n.<\/p>\n<p>&nbsp;<\/p>\n<p>\u00bfPor qu\u00e9 raz\u00f3n?<\/p>\n<p>Necesitamos procesar datos personales para cumplir nuestro contrato: entregarle nuestros productos o servicios. Tambi\u00e9n nos comunicaremos con usted a trav\u00e9s de los datos de contacto en relaci\u00f3n con el estado de su pedido, posiblemente en relaci\u00f3n con reclamaciones o sus preguntas.<\/p>\n<p>Seguiremos tratando datos personales para cumplir nuestras obligaciones derivadas de la ley (principalmente con fines contables y fiscales, posiblemente para tramitar reclamaciones y otros).<\/p>\n<p>&nbsp;<\/p>\n<p>\u00bfCon qu\u00e9 fundamento jur\u00eddico tratamos los datos personales?<\/p>\n<p>Se trata de un tratamiento basado en el art\u00edculo 6, apartado 1, letra b), del RGPD (ejecuci\u00f3n del contrato) y en el art\u00edculo 6, apartado 1, letra c), del RGPD (cumplimiento de nuestra obligaci\u00f3n legal).<\/p>\n<p>&nbsp;<\/p>\n<p>\u00bfDurante cu\u00e1nto tiempo trataremos los datos personales?<\/p>\n<p>Mientras dure la prestaci\u00f3n de nuestro servicio y, a continuaci\u00f3n, ......... a partir de la \u00faltima prestaci\u00f3n de dicho servicio o entrega de bienes.<\/p>\n<p>&nbsp;<\/p>\n<p>C. Boletines<\/p>\n<p>Si usted es un cliente de compras y no nos excluy\u00f3 en el momento de la compra, utilizaremos su direcci\u00f3n de correo electr\u00f3nico para enviarle nuestros boletines informativos.<\/p>\n<p>&nbsp;<\/p>\n<p>\u00bfCon qu\u00e9 fundamento jur\u00eddico?<\/p>\n<p>Estamos autorizados a hacerlo en virtud del apartado 3 del art\u00edculo 7 de la Ley n\u00ba 480\/2004 sobre determinados servicios de la sociedad de la informaci\u00f3n, si usted no nos lo ha prohibido durante la compra.<\/p>\n<p>&nbsp;<\/p>\n<p>\u00bfDurante cu\u00e1nto tiempo trataremos los datos personales?<\/p>\n<p>2 a\u00f1o\/a\u00f1o desde su \u00faltima compra. Puede darse de baja del bolet\u00edn en cualquier momento por correo electr\u00f3nico o ponerse en contacto con nosotros en la direcci\u00f3n: info@mainded.com<\/p>\n<p>&nbsp;<\/p>\n<p>&nbsp;<\/p>\n<p>II. \u00bfQui\u00e9n tiene acceso a los datos?<br \/>\nSus datos permanecer\u00e1n con nosotros. No obstante, algunas empresas u otras personas trabajan para nosotros y tienen acceso a los datos porque nos ayudan a gestionar nuestra tienda electr\u00f3nica. \u00c9stas son:<\/p>\n<p>empresas que participan en el env\u00edo de mercanc\u00edas (Packeta)<br \/>\nempresas que participan en la expedici\u00f3n de pagos (FIO BANKA)<br \/>\nproveedor de servicios de correo electr\u00f3nico (Ionos)<\/p>\n<p>&nbsp;<\/p>\n<p>&nbsp;<\/p>\n<p>&nbsp;<\/p>\n<p>S\u00f3lo procesamos datos personales en el territorio de la Uni\u00f3n Europea.<\/p>\n<p>&nbsp;<\/p>\n<p>III. \u00bfQu\u00e9 m\u00e1s debe saber?<br \/>\nNo tenemos\/tenemos un responsable de protecci\u00f3n de datos designado en nuestra empresa.<\/p>\n<p>&nbsp;<\/p>\n<p>Nuestra empresa no toma\/toma decisiones basadas en el tratamiento autom\u00e1tico o la elaboraci\u00f3n de perfiles.<\/p>\n<p>&nbsp;<\/p>\n<p>Si tiene alguna pregunta sobre los datos personales, p\u00f3ngase en contacto con nosotros en la direcci\u00f3n de correo electr\u00f3nico<strong> info@mainded.com<\/strong><\/p>\n<p>&nbsp;<\/p>\n<p>IV. Uso de cookies<br \/>\nLas cookies son archivos de texto que contienen una peque\u00f1a cantidad de informaci\u00f3n que se descarga en su dispositivo cuando visita nuestro sitio web. Las cookies se devuelven al sitio web o a otro sitio web que las reconozca en cada visita posterior.<\/p>\n<p>&nbsp;<\/p>\n<p>Las cookies realizan diversas tareas, por ejemplo, permitir una navegaci\u00f3n eficiente entre p\u00e1ginas web, recordar sus preferencias y, en general, mejorar la experiencia del usuario. Tambi\u00e9n pueden garantizar que los anuncios mostrados en l\u00ednea se adapten mejor a usted y a sus intereses.<\/p>\n<p>&nbsp;<\/p>\n<p>En el sitio web utilizamos las siguientes cookies:<\/p>\n<p>Cookies necesarias: son necesarias para el funcionamiento del sitio web, por ejemplo, le permiten iniciar sesi\u00f3n en partes seguras del sitio web y otras funcionalidades b\u00e1sicas del sitio web.<\/p>\n<\/header>","protected":false},"excerpt":{"rendered":"<p>We operate an e-shop on the website mainded.comFor the provision of our services, the sale of goods and the operation of our website, we process some personal data. &nbsp; The processing of personal data is regulated in particular by Regulation (EU) 2016\/679 of the European Parliament and of the Council of 27 April 2016 on [&#8230;]","protected":false},"author":1,"featured_media":0,"parent":0,"menu_order":0,"comment_status":"closed","ping_status":"closed","template":"","meta":{"footnotes":""},"class_list":["post-5506","page","type-page","status-publish","hentry"],"_links":{"self":[{"href":"https:\/\/mainded.com\/es\/wp-json\/wp\/v2\/pages\/5506","targetHints":{"allow":["GET"]}}],"collection":[{"href":"https:\/\/mainded.com\/es\/wp-json\/wp\/v2\/pages"}],"about":[{"href":"https:\/\/mainded.com\/es\/wp-json\/wp\/v2\/types\/page"}],"author":[{"embeddable":true,"href":"https:\/\/mainded.com\/es\/wp-json\/wp\/v2\/users\/1"}],"replies":[{"embeddable":true,"href":"https:\/\/mainded.com\/es\/wp-json\/wp\/v2\/comments?post=5506"}],"version-history":[{"count":0,"href":"https:\/\/mainded.com\/es\/wp-json\/wp\/v2\/pages\/5506\/revisions"}],"wp:attachment":[{"href":"https:\/\/mainded.com\/es\/wp-json\/wp\/v2\/media?parent=5506"}],"curies":[{"name":"wp","href":"https:\/\/api.w.org\/{rel}","templated":true}]}}