{"id":68775,"date":"2026-01-24T22:05:37","date_gmt":"2026-01-24T21:05:37","guid":{"rendered":"https:\/\/mainded.com\/p\/certificate-copy\/"},"modified":"2026-02-05T14:32:41","modified_gmt":"2026-02-05T13:32:41","slug":"huu","status":"publish","type":"product","link":"https:\/\/mainded.com\/de\/p\/huu\/","title":{"rendered":"620 prompt AI-val t\u00f6rt\u00e9n\u0151 p\u00e9nzkeres\u00e9shez"},"content":{"rendered":"","protected":false},"excerpt":{"rendered":"","protected":false},"featured_media":68777,"comment_status":"open","ping_status":"closed","template":"","meta":[],"product_brand":[],"product_cat":[105],"product_tag":[],"class_list":{"0":"post-68775","1":"product","2":"type-product","3":"status-publish","4":"has-post-thumbnail","6":"product_cat-nezarazene","8":"first","9":"instock","10":"sale","11":"downloadable","12":"virtual","13":"sold-individually","14":"purchasable","15":"product-type-simple"},"_links":{"self":[{"href":"https:\/\/mainded.com\/de\/wp-json\/wp\/v2\/product\/68775","targetHints":{"allow":["GET"]}}],"collection":[{"href":"https:\/\/mainded.com\/de\/wp-json\/wp\/v2\/product"}],"about":[{"href":"https:\/\/mainded.com\/de\/wp-json\/wp\/v2\/types\/product"}],"replies":[{"embeddable":true,"href":"https:\/\/mainded.com\/de\/wp-json\/wp\/v2\/comments?post=68775"}],"wp:featuredmedia":[{"embeddable":true,"href":"https:\/\/mainded.com\/de\/wp-json\/wp\/v2\/media\/68777"}],"wp:attachment":[{"href":"https:\/\/mainded.com\/de\/wp-json\/wp\/v2\/media?parent=68775"}],"wp:term":[{"taxonomy":"product_brand","embeddable":true,"href":"https:\/\/mainded.com\/de\/wp-json\/wp\/v2\/product_brand?post=68775"},{"taxonomy":"product_cat","embeddable":true,"href":"https:\/\/mainded.com\/de\/wp-json\/wp\/v2\/product_cat?post=68775"},{"taxonomy":"product_tag","embeddable":true,"href":"https:\/\/mainded.com\/de\/wp-json\/wp\/v2\/product_tag?post=68775"}],"curies":[{"name":"wp","href":"https:\/\/api.w.org\/{rel}","templated":true}]}}