{"id":67892,"date":"2025-05-16T16:39:13","date_gmt":"2025-05-16T15:39:13","guid":{"rendered":"https:\/\/mainded.com\/?post_type=product&#038;p=67892"},"modified":"2025-05-16T21:15:18","modified_gmt":"2025-05-16T20:15:18","slug":"tokeletes-kapcsolat-ebook","status":"publish","type":"product","link":"https:\/\/mainded.com\/de\/p\/tokeletes-kapcsolat-ebook\/","title":{"rendered":"T\u00f6k\u00e9letes kapcsolat - eBook"},"content":{"rendered":"","protected":false},"excerpt":{"rendered":"<div>Egyszer\u0171 tr\u00fckk\u00f6ket mutatunk, hogy megtal\u00e1ld a megfelel\u0151t, \u00e9s fel\u00e9p\u00edthesd \u00e1lmaid kapcsolat\u00e1t. Nem sz\u00e1m\u00edt, hogy p\u00e1rkapcsolatban \u00e9lsz-e vagy sem. Megtanulod, hogyan lehetsz jobb az \u00e1gyban, hogyan oldhatod meg jobban a konfliktusokat, hogyan ker\u00fclheted el a h\u0171tlens\u00e9get, \u00e9s hogyan \u00e9p\u00edtheted fel a t\u00f6k\u00e9letes kapcsolatot, amely kiteljes\u00edti \u00e9s boldogg\u00e1 tesz. Ezeket az alapokat minden n\u0151nek tudnia kell.<\/div>\n<div><\/div>\n<div>\u2705 Soha nem fog m\u00e1sra gondolni...<\/div>\n<div>\u2705 \u00e9p\u00edtse fel \u00e1lmai kapcsolat\u00e1t<\/div>\n<div>\u2705 istenn\u0151 leszel sz\u00e1m\u00e1ra<\/div>","protected":false},"featured_media":67893,"comment_status":"open","ping_status":"closed","template":"","meta":[],"product_brand":[],"product_cat":[105],"product_tag":[],"class_list":{"0":"post-67892","1":"product","2":"type-product","3":"status-publish","4":"has-post-thumbnail","6":"product_cat-nezarazene","8":"first","9":"instock","10":"sale","11":"downloadable","12":"virtual","13":"purchasable","14":"product-type-simple"},"_links":{"self":[{"href":"https:\/\/mainded.com\/de\/wp-json\/wp\/v2\/product\/67892","targetHints":{"allow":["GET"]}}],"collection":[{"href":"https:\/\/mainded.com\/de\/wp-json\/wp\/v2\/product"}],"about":[{"href":"https:\/\/mainded.com\/de\/wp-json\/wp\/v2\/types\/product"}],"replies":[{"embeddable":true,"href":"https:\/\/mainded.com\/de\/wp-json\/wp\/v2\/comments?post=67892"}],"wp:featuredmedia":[{"embeddable":true,"href":"https:\/\/mainded.com\/de\/wp-json\/wp\/v2\/media\/67893"}],"wp:attachment":[{"href":"https:\/\/mainded.com\/de\/wp-json\/wp\/v2\/media?parent=67892"}],"wp:term":[{"taxonomy":"product_brand","embeddable":true,"href":"https:\/\/mainded.com\/de\/wp-json\/wp\/v2\/product_brand?post=67892"},{"taxonomy":"product_cat","embeddable":true,"href":"https:\/\/mainded.com\/de\/wp-json\/wp\/v2\/product_cat?post=67892"},{"taxonomy":"product_tag","embeddable":true,"href":"https:\/\/mainded.com\/de\/wp-json\/wp\/v2\/product_tag?post=67892"}],"curies":[{"name":"wp","href":"https:\/\/api.w.org\/{rel}","templated":true}]}}