{"id":35014,"date":"2024-12-28T16:44:44","date_gmt":"2024-12-28T15:44:44","guid":{"rendered":"https:\/\/mainded.com\/?post_type=product&#038;p=35014"},"modified":"2025-08-12T12:00:37","modified_gmt":"2025-08-12T11:00:37","slug":"femme-fatale","status":"publish","type":"product","link":"https:\/\/mainded.com\/de\/p\/femme-fatale\/","title":{"rendered":"Femme Fatale"},"content":{"rendered":"","protected":false},"excerpt":{"rendered":"<p>Dies wird Ihnen helfen, jeden Mann anzuziehen und die Beziehung Ihrer Tr\u00e4ume aufzubauen!<br \/>\nGewinnen Sie einen unfairen Vorteil, der Sie besser bei M\u00e4nnern als 99% bei Frauen macht.<\/p>\n<p>Sie sind nur einen Schritt von einer vollst\u00e4ndigen Ver\u00e4nderung Ihres Lebens entfernt. Ihre Tage werden mit Liebe und Gl\u00fcck gef\u00fcllt sein. Dieser Leitfaden wird Ihre innere Anziehungskraft, die jede Frau besitzt, freisetzen und Ihr Selbstvertrauen deutlich steigern!<\/p>\n<p>Wenn Sie jetzt nicht handeln, wird Ihnen das Leben durch die Finger gleiten, bevor Sie es merken. Sie riskieren, mit dem falschen Partner - oder allein - zu enden, und es k\u00f6nnte zu sp\u00e4t sein, etwas zu \u00e4ndern. Wollen Sie wirklich Ihr Leben vergeuden?<\/p>\n<p>Mit ein paar Ver\u00e4nderungen k\u00f6nnen Sie ein Liebesleben haben, das besser ist als das von 99% der Frauen. Verabschieden Sie sich von Einsamkeit, Untreue, geringem Selbstwertgef\u00fchl und Herzschmerz. Sind Sie bereit, den ersten Schritt zu tun?<\/p>","protected":false},"featured_media":35015,"comment_status":"open","ping_status":"closed","template":"","meta":[],"product_brand":[],"product_cat":[211,105],"product_tag":[],"class_list":{"0":"post-35014","1":"product","2":"type-product","3":"status-publish","4":"has-post-thumbnail","6":"product_cat-na-miru","7":"product_cat-nezarazene","9":"first","10":"instock","11":"sale","12":"downloadable","13":"virtual","14":"purchasable","15":"product-type-simple"},"_links":{"self":[{"href":"https:\/\/mainded.com\/de\/wp-json\/wp\/v2\/product\/35014","targetHints":{"allow":["GET"]}}],"collection":[{"href":"https:\/\/mainded.com\/de\/wp-json\/wp\/v2\/product"}],"about":[{"href":"https:\/\/mainded.com\/de\/wp-json\/wp\/v2\/types\/product"}],"replies":[{"embeddable":true,"href":"https:\/\/mainded.com\/de\/wp-json\/wp\/v2\/comments?post=35014"}],"wp:featuredmedia":[{"embeddable":true,"href":"https:\/\/mainded.com\/de\/wp-json\/wp\/v2\/media\/35015"}],"wp:attachment":[{"href":"https:\/\/mainded.com\/de\/wp-json\/wp\/v2\/media?parent=35014"}],"wp:term":[{"taxonomy":"product_brand","embeddable":true,"href":"https:\/\/mainded.com\/de\/wp-json\/wp\/v2\/product_brand?post=35014"},{"taxonomy":"product_cat","embeddable":true,"href":"https:\/\/mainded.com\/de\/wp-json\/wp\/v2\/product_cat?post=35014"},{"taxonomy":"product_tag","embeddable":true,"href":"https:\/\/mainded.com\/de\/wp-json\/wp\/v2\/product_tag?post=35014"}],"curies":[{"name":"wp","href":"https:\/\/api.w.org\/{rel}","templated":true}]}}