{"id":35012,"date":"2024-12-28T16:43:18","date_gmt":"2024-12-28T15:43:18","guid":{"rendered":"https:\/\/mainded.com\/?post_type=product&#038;p=35012"},"modified":"2025-02-07T13:38:21","modified_gmt":"2025-02-07T12:38:21","slug":"internet-21","status":"publish","type":"product","link":"https:\/\/mainded.com\/de\/p\/internet-21\/","title":{"rendered":"Internet 21"},"content":{"rendered":"","protected":false},"excerpt":{"rendered":"<p>Wussten Sie, dass es einfache M\u00f6glichkeiten gibt, online Geld zu verdienen? Wir haben 21 f\u00fcr Sie gefunden...<\/p>\n<p>Haben Sie es satt, hart zu arbeiten und nicht fair belohnt zu werden? Mit diesem eBook werden Sie Geheimnisse aufdecken, die es Ihnen erm\u00f6glichen, Ihre Zeit online in echtes Geld zu verwandeln! Warten Sie nicht auf ein Wunder - diese bew\u00e4hrten Methoden funktionieren und sind bereit f\u00fcr diejenigen, die entschlossen sind, erfolgreich zu sein. Jeder Tag, an dem Sie die Informationen in diesem E-Book nicht nutzen, ist ein weiterer Tag, an dem Ihnen die finanzielle Freiheit durch die Finger rinnt.<\/p>\n<p>Wir zeigen Ihnen 21 M\u00f6glichkeiten, wie Sie Ihr Online-Einkommen ganz einfach steigern k\u00f6nnen. Und das Beste daran? Sie brauchen keine Vorkenntnisse oder gro\u00dfe Investitionen - die meisten Methoden k\u00f6nnen f\u00fcr wenig bis gar nichts ausprobiert werden.<\/p>\n<p>Lernen Sie, wie Sie k\u00fcnstliche Intelligenz, Arbitrage und verschiedene Websites und Apps zu Ihrem Vorteil nutzen k\u00f6nnen!<\/p>\n<p>\u2705 Mehr Freiheit gewinnen<br \/>\n\u2705 Beginnen Sie heute<br \/>\n\u2705 Sie k\u00f6nnen kostenlos beginnen<\/p>","protected":false},"featured_media":35013,"comment_status":"open","ping_status":"closed","template":"","meta":[],"product_brand":[],"product_cat":[105,211],"product_tag":[],"class_list":{"0":"post-35012","1":"product","2":"type-product","3":"status-publish","4":"has-post-thumbnail","6":"product_cat-nezarazene","7":"product_cat-na-miru","9":"first","10":"instock","11":"sale","12":"downloadable","13":"virtual","14":"purchasable","15":"product-type-simple"},"_links":{"self":[{"href":"https:\/\/mainded.com\/de\/wp-json\/wp\/v2\/product\/35012","targetHints":{"allow":["GET"]}}],"collection":[{"href":"https:\/\/mainded.com\/de\/wp-json\/wp\/v2\/product"}],"about":[{"href":"https:\/\/mainded.com\/de\/wp-json\/wp\/v2\/types\/product"}],"replies":[{"embeddable":true,"href":"https:\/\/mainded.com\/de\/wp-json\/wp\/v2\/comments?post=35012"}],"wp:featuredmedia":[{"embeddable":true,"href":"https:\/\/mainded.com\/de\/wp-json\/wp\/v2\/media\/35013"}],"wp:attachment":[{"href":"https:\/\/mainded.com\/de\/wp-json\/wp\/v2\/media?parent=35012"}],"wp:term":[{"taxonomy":"product_brand","embeddable":true,"href":"https:\/\/mainded.com\/de\/wp-json\/wp\/v2\/product_brand?post=35012"},{"taxonomy":"product_cat","embeddable":true,"href":"https:\/\/mainded.com\/de\/wp-json\/wp\/v2\/product_cat?post=35012"},{"taxonomy":"product_tag","embeddable":true,"href":"https:\/\/mainded.com\/de\/wp-json\/wp\/v2\/product_tag?post=35012"}],"curies":[{"name":"wp","href":"https:\/\/api.w.org\/{rel}","templated":true}]}}