{"id":35010,"date":"2024-12-28T16:37:43","date_gmt":"2024-12-28T15:37:43","guid":{"rendered":"https:\/\/mainded.com\/?post_type=product&#038;p=35010"},"modified":"2025-02-06T15:58:46","modified_gmt":"2025-02-06T14:58:46","slug":"womanizer","status":"publish","type":"product","link":"https:\/\/mainded.com\/de\/p\/womanizer\/","title":{"rendered":"Sch\u00fcrzenj\u00e4ger"},"content":{"rendered":"","protected":false},"excerpt":{"rendered":"<p>Wussten Sie, dass Sie mit diesen Methoden mehr Erfolg bei Frauen haben werden als 99% der M\u00e4nner?<br \/>\nSeien Sie der Mann, an den die Frauen immer wieder denken.<\/p>\n<p>Werden Sie zum Frauenmagneten, indem Sie die in diesem eBook vorgestellten Techniken anwenden. Keine Zur\u00fcckweisungen mehr, keine peinlichen Situationen mehr! Lernen Sie, wie Sie auf nat\u00fcrliche Weise ihr Interesse wecken und aufrechterhalten. Entdecken Sie geheime Tricks, mit denen Frauen Sie nicht mehr aus dem Kopf kriegen werden. Die meisten M\u00e4nner tun sich schwer, aber Sie werden genau wissen, was zu tun ist.<\/p>\n<p>Willst du der Mann sein, dem die Bewunderer nie ausgehen und dessen Freunde ihn insgeheim beneiden? Z\u00f6gern Sie nicht! Jeder Tag, den Sie aufschieben, ist eine weitere verpasste Gelegenheit. \u00dcbernehmen Sie noch heute die Kontrolle \u00fcber Ihr Liebesleben!<\/p>\n<p>\u2705 Lernen Sie, wie man Frauen richtig anspricht<br \/>\n\u2705 Verabschieden Sie sich von Ablehnung<br \/>\n\u2705 Ver\u00e4ndere dein Liebesleben<\/p>","protected":false},"featured_media":35011,"comment_status":"open","ping_status":"closed","template":"","meta":[],"product_brand":[],"product_cat":[105,211],"product_tag":[],"class_list":{"0":"post-35010","1":"product","2":"type-product","3":"status-publish","4":"has-post-thumbnail","6":"product_cat-nezarazene","7":"product_cat-na-miru","9":"first","10":"instock","11":"sale","12":"virtual","13":"purchasable","14":"product-type-simple"},"_links":{"self":[{"href":"https:\/\/mainded.com\/de\/wp-json\/wp\/v2\/product\/35010","targetHints":{"allow":["GET"]}}],"collection":[{"href":"https:\/\/mainded.com\/de\/wp-json\/wp\/v2\/product"}],"about":[{"href":"https:\/\/mainded.com\/de\/wp-json\/wp\/v2\/types\/product"}],"replies":[{"embeddable":true,"href":"https:\/\/mainded.com\/de\/wp-json\/wp\/v2\/comments?post=35010"}],"wp:featuredmedia":[{"embeddable":true,"href":"https:\/\/mainded.com\/de\/wp-json\/wp\/v2\/media\/35011"}],"wp:attachment":[{"href":"https:\/\/mainded.com\/de\/wp-json\/wp\/v2\/media?parent=35010"}],"wp:term":[{"taxonomy":"product_brand","embeddable":true,"href":"https:\/\/mainded.com\/de\/wp-json\/wp\/v2\/product_brand?post=35010"},{"taxonomy":"product_cat","embeddable":true,"href":"https:\/\/mainded.com\/de\/wp-json\/wp\/v2\/product_cat?post=35010"},{"taxonomy":"product_tag","embeddable":true,"href":"https:\/\/mainded.com\/de\/wp-json\/wp\/v2\/product_tag?post=35010"}],"curies":[{"name":"wp","href":"https:\/\/api.w.org\/{rel}","templated":true}]}}