{"id":35008,"date":"2024-12-28T16:32:55","date_gmt":"2024-12-28T15:32:55","guid":{"rendered":"https:\/\/mainded.com\/?post_type=product&#038;p=35008"},"modified":"2025-02-06T15:58:52","modified_gmt":"2025-02-06T14:58:52","slug":"ms-powerpoint","status":"publish","type":"product","link":"https:\/\/mainded.com\/de\/p\/ms-powerpoint\/","title":{"rendered":"MS PowerPoint"},"content":{"rendered":"","protected":false},"excerpt":{"rendered":"<p>Microsoft PowerPoint ist ein unverzichtbares Werkzeug f\u00fcr jeden, der schon einmal vor einer Gruppe von Menschen etwas pr\u00e4sentieren oder erkl\u00e4ren musste. Die Beherrschung der Grundlagen von PowerPoint ist ein Muss. Deshalb haben wir einen pr\u00e4gnanten Videokurs erstellt, in dem Sie alles lernen, was Sie wissen m\u00fcssen.<\/p>\n<p>Erwerben Sie grundlegende F\u00e4higkeiten f\u00fcr effektives Arbeiten mit PowerPoint - ohne tagelang zu lernen oder Tausende von Euro zu bezahlen! Sind Sie also bereit, loszulegen?<\/p>\n<p>\u2705 Diese F\u00e4higkeiten sind in vielen Branchen wertvoll<br \/>\n\u2705 Ihr Lebenslauf wird auffallen<br \/>\n\u2705 Wenden Sie Ihr Wissen sowohl im Berufs- als auch im Privatleben an<\/p>","protected":false},"featured_media":35009,"comment_status":"open","ping_status":"closed","template":"","meta":[],"product_brand":[],"product_cat":[105,211],"product_tag":[],"class_list":{"0":"post-35008","1":"product","2":"type-product","3":"status-publish","4":"has-post-thumbnail","6":"product_cat-nezarazene","7":"product_cat-na-miru","9":"first","10":"instock","11":"sale","12":"virtual","13":"purchasable","14":"product-type-simple"},"_links":{"self":[{"href":"https:\/\/mainded.com\/de\/wp-json\/wp\/v2\/product\/35008","targetHints":{"allow":["GET"]}}],"collection":[{"href":"https:\/\/mainded.com\/de\/wp-json\/wp\/v2\/product"}],"about":[{"href":"https:\/\/mainded.com\/de\/wp-json\/wp\/v2\/types\/product"}],"replies":[{"embeddable":true,"href":"https:\/\/mainded.com\/de\/wp-json\/wp\/v2\/comments?post=35008"}],"wp:featuredmedia":[{"embeddable":true,"href":"https:\/\/mainded.com\/de\/wp-json\/wp\/v2\/media\/35009"}],"wp:attachment":[{"href":"https:\/\/mainded.com\/de\/wp-json\/wp\/v2\/media?parent=35008"}],"wp:term":[{"taxonomy":"product_brand","embeddable":true,"href":"https:\/\/mainded.com\/de\/wp-json\/wp\/v2\/product_brand?post=35008"},{"taxonomy":"product_cat","embeddable":true,"href":"https:\/\/mainded.com\/de\/wp-json\/wp\/v2\/product_cat?post=35008"},{"taxonomy":"product_tag","embeddable":true,"href":"https:\/\/mainded.com\/de\/wp-json\/wp\/v2\/product_tag?post=35008"}],"curies":[{"name":"wp","href":"https:\/\/api.w.org\/{rel}","templated":true}]}}