{"id":35006,"date":"2024-12-28T16:30:51","date_gmt":"2024-12-28T15:30:51","guid":{"rendered":"https:\/\/mainded.com\/?post_type=product&#038;p=35006"},"modified":"2025-02-06T15:58:33","modified_gmt":"2025-02-06T14:58:33","slug":"ms-word","status":"publish","type":"product","link":"https:\/\/mainded.com\/de\/p\/ms-word\/","title":{"rendered":"MS Word"},"content":{"rendered":"","protected":false},"excerpt":{"rendered":"<p>Microsoft Word ist ein unsch\u00e4tzbares Werkzeug f\u00fcr jeden, egal ob Sie einen Lebenslauf schreiben oder einen Vertrag aufsetzen m\u00fcssen. Die Beherrschung der Grundlagen von Word ist unerl\u00e4sslich. Deshalb haben wir einen kurzen Videokurs erstellt, in dem Sie alles lernen, was Sie wissen m\u00fcssen.<\/p>\n<p>Verschaffen Sie sich grundlegende Kenntnisse \u00fcber die effiziente Arbeit mit Microsoft Word - ohne tagelange Einarbeitungszeit! Also, sind Sie bereit, einzutauchen?<\/p>\n<p>\u2705 Diese F\u00e4higkeiten sind in vielen Branchen wertvoll<br \/>\n\u2705 Ihr Lebenslauf wird auffallen<br \/>\n\u2705 Wenden Sie Ihr Wissen sowohl im Berufs- als auch im Privatleben an<\/p>","protected":false},"featured_media":35007,"comment_status":"open","ping_status":"closed","template":"","meta":[],"product_brand":[],"product_cat":[105,211],"product_tag":[],"class_list":{"0":"post-35006","1":"product","2":"type-product","3":"status-publish","4":"has-post-thumbnail","6":"product_cat-nezarazene","7":"product_cat-na-miru","9":"first","10":"instock","11":"sale","12":"virtual","13":"purchasable","14":"product-type-simple"},"_links":{"self":[{"href":"https:\/\/mainded.com\/de\/wp-json\/wp\/v2\/product\/35006","targetHints":{"allow":["GET"]}}],"collection":[{"href":"https:\/\/mainded.com\/de\/wp-json\/wp\/v2\/product"}],"about":[{"href":"https:\/\/mainded.com\/de\/wp-json\/wp\/v2\/types\/product"}],"replies":[{"embeddable":true,"href":"https:\/\/mainded.com\/de\/wp-json\/wp\/v2\/comments?post=35006"}],"wp:featuredmedia":[{"embeddable":true,"href":"https:\/\/mainded.com\/de\/wp-json\/wp\/v2\/media\/35007"}],"wp:attachment":[{"href":"https:\/\/mainded.com\/de\/wp-json\/wp\/v2\/media?parent=35006"}],"wp:term":[{"taxonomy":"product_brand","embeddable":true,"href":"https:\/\/mainded.com\/de\/wp-json\/wp\/v2\/product_brand?post=35006"},{"taxonomy":"product_cat","embeddable":true,"href":"https:\/\/mainded.com\/de\/wp-json\/wp\/v2\/product_cat?post=35006"},{"taxonomy":"product_tag","embeddable":true,"href":"https:\/\/mainded.com\/de\/wp-json\/wp\/v2\/product_tag?post=35006"}],"curies":[{"name":"wp","href":"https:\/\/api.w.org\/{rel}","templated":true}]}}