{"id":35004,"date":"2024-12-28T16:28:12","date_gmt":"2024-12-28T15:28:12","guid":{"rendered":"https:\/\/mainded.com\/?post_type=product&#038;p=35004"},"modified":"2025-02-06T15:58:24","modified_gmt":"2025-02-06T14:58:24","slug":"ms-excel","status":"publish","type":"product","link":"https:\/\/mainded.com\/de\/p\/ms-excel\/","title":{"rendered":"MS Excel"},"content":{"rendered":"","protected":false},"excerpt":{"rendered":"<p>Bleiben Sie nicht auf der Strecke - steigern Sie Ihre Erfolgschancen, indem Sie die Grundlagen von Excel in nur wenigen Stunden beherrschen!<br \/>\n\u00dcbernehmen Sie die Kontrolle \u00fcber Ihre Daten und Ihre Karriere.<\/p>\n<p>Verschwenden Sie Zeit damit, sich mit Excel herumzuschlagen? Jetzt nicht mehr! Mit diesem Videokurs beherrschen Sie die Grundlagen in nur wenigen Stunden und erwerben F\u00e4higkeiten, die Ihnen neue Karrierechancen er\u00f6ffnen k\u00f6nnen. Schnell, effektiv und einfach - genau so, wie es sein sollte. Lassen Sie andere sich mit Tabellenkalkulationen herumschlagen, w\u00e4hrend Sie brillieren. Lernen Sie Excel schnell und effizient, und verschaffen Sie sich einen Vorsprung, um den Sie andere beneiden werden. Zeit ist Geld - fangen Sie jetzt an!<\/p>\n<p>\u2705 Diese F\u00e4higkeiten sind in vielen Branchen n\u00fctzlich<br \/>\n\u2705 Ihr Lebenslauf wird auffallen<br \/>\n\u2705 Wenden Sie Ihr Wissen sowohl im Berufs- als auch im Privatleben an<\/p>","protected":false},"featured_media":35005,"comment_status":"open","ping_status":"closed","template":"","meta":[],"product_brand":[],"product_cat":[211,105],"product_tag":[],"class_list":{"0":"post-35004","1":"product","2":"type-product","3":"status-publish","4":"has-post-thumbnail","6":"product_cat-na-miru","7":"product_cat-nezarazene","9":"first","10":"instock","11":"sale","12":"virtual","13":"purchasable","14":"product-type-simple"},"_links":{"self":[{"href":"https:\/\/mainded.com\/de\/wp-json\/wp\/v2\/product\/35004","targetHints":{"allow":["GET"]}}],"collection":[{"href":"https:\/\/mainded.com\/de\/wp-json\/wp\/v2\/product"}],"about":[{"href":"https:\/\/mainded.com\/de\/wp-json\/wp\/v2\/types\/product"}],"replies":[{"embeddable":true,"href":"https:\/\/mainded.com\/de\/wp-json\/wp\/v2\/comments?post=35004"}],"wp:featuredmedia":[{"embeddable":true,"href":"https:\/\/mainded.com\/de\/wp-json\/wp\/v2\/media\/35005"}],"wp:attachment":[{"href":"https:\/\/mainded.com\/de\/wp-json\/wp\/v2\/media?parent=35004"}],"wp:term":[{"taxonomy":"product_brand","embeddable":true,"href":"https:\/\/mainded.com\/de\/wp-json\/wp\/v2\/product_brand?post=35004"},{"taxonomy":"product_cat","embeddable":true,"href":"https:\/\/mainded.com\/de\/wp-json\/wp\/v2\/product_cat?post=35004"},{"taxonomy":"product_tag","embeddable":true,"href":"https:\/\/mainded.com\/de\/wp-json\/wp\/v2\/product_tag?post=35004"}],"curies":[{"name":"wp","href":"https:\/\/api.w.org\/{rel}","templated":true}]}}