{"id":35002,"date":"2024-12-28T16:26:44","date_gmt":"2024-12-28T15:26:44","guid":{"rendered":"https:\/\/mainded.com\/?post_type=product&#038;p=35002"},"modified":"2025-04-27T17:44:50","modified_gmt":"2025-04-27T16:44:50","slug":"english-basics","status":"publish","type":"product","link":"https:\/\/mainded.com\/de\/p\/english-basics\/","title":{"rendered":"7 Tage Englisch"},"content":{"rendered":"","protected":false},"excerpt":{"rendered":"<p>F\u00e4llt es Ihnen schwer, Zeit zum Englischlernen zu finden? In diesem eBook haben wir alle wichtigen Grundlagen der englischen Sprache zusammengetragen, die Sie dank ansprechender Animationen leicht erlernen k\u00f6nnen. Das eBook ist so konzipiert, dass Sie in kurzer Zeit so viel wie m\u00f6glich lernen k\u00f6nnen. Es ist sowohl f\u00fcr absolute Anf\u00e4nger als auch f\u00fcr Fortgeschrittene geeignet. Investieren Sie in Ihr Wissen, und es wird sich um ein Vielfaches auszahlen. Englisch ist eine F\u00e4higkeit, die Sie im t\u00e4glichen Leben und im Beruf nutzen k\u00f6nnen.<\/p>\n<p>\u2705 Lernen Sie die Grundlagen der englischen Sprache<br \/>\n\u2705 Vertrauen in die englische Sprache gewinnen<br \/>\n\u2705 Verbessern Sie Ihren Lebenslauf<\/p>","protected":false},"featured_media":35253,"comment_status":"open","ping_status":"closed","template":"","meta":[],"product_brand":[],"product_cat":[105,211],"product_tag":[],"class_list":{"0":"post-35002","1":"product","2":"type-product","3":"status-publish","4":"has-post-thumbnail","6":"product_cat-nezarazene","7":"product_cat-na-miru","9":"first","10":"instock","11":"sale","12":"downloadable","13":"virtual","14":"purchasable","15":"product-type-simple"},"_links":{"self":[{"href":"https:\/\/mainded.com\/de\/wp-json\/wp\/v2\/product\/35002","targetHints":{"allow":["GET"]}}],"collection":[{"href":"https:\/\/mainded.com\/de\/wp-json\/wp\/v2\/product"}],"about":[{"href":"https:\/\/mainded.com\/de\/wp-json\/wp\/v2\/types\/product"}],"replies":[{"embeddable":true,"href":"https:\/\/mainded.com\/de\/wp-json\/wp\/v2\/comments?post=35002"}],"wp:featuredmedia":[{"embeddable":true,"href":"https:\/\/mainded.com\/de\/wp-json\/wp\/v2\/media\/35253"}],"wp:attachment":[{"href":"https:\/\/mainded.com\/de\/wp-json\/wp\/v2\/media?parent=35002"}],"wp:term":[{"taxonomy":"product_brand","embeddable":true,"href":"https:\/\/mainded.com\/de\/wp-json\/wp\/v2\/product_brand?post=35002"},{"taxonomy":"product_cat","embeddable":true,"href":"https:\/\/mainded.com\/de\/wp-json\/wp\/v2\/product_cat?post=35002"},{"taxonomy":"product_tag","embeddable":true,"href":"https:\/\/mainded.com\/de\/wp-json\/wp\/v2\/product_tag?post=35002"}],"curies":[{"name":"wp","href":"https:\/\/api.w.org\/{rel}","templated":true}]}}