{"id":5506,"date":"2018-07-05T11:04:30","date_gmt":"2018-07-05T11:04:30","guid":{"rendered":"https:\/\/mainded.com\/?page_id=5506"},"modified":"2025-08-23T11:19:51","modified_gmt":"2025-08-23T10:19:51","slug":"privacy","status":"publish","type":"page","link":"https:\/\/mainded.com\/de\/privacy\/","title":{"rendered":"Datenschutzbestimmungen"},"content":{"rendered":"<header>We operate an e-shop on the website mainded.comFor the provision of our services, the sale of goods and the operation of our website, we process some personal data.<\/p>\n<p>&nbsp;<\/p>\n<p>Die Verarbeitung personenbezogener Daten wird insbesondere durch die Verordnung (EU) 2016\/679 des Europ\u00e4ischen Parlaments und des Rates vom 27. April 2016 zum Schutz nat\u00fcrlicher Personen bei der Verarbeitung personenbezogener Daten, zum freien Datenverkehr und zur Aufhebung der Richtlinie 95\/46\/EG (Datenschutz-Grundverordnung personenbezogene Daten) (\"DSGVO\") geregelt<\/p>\n<p>I. Verarbeitung von personenbezogenen Daten<br \/>\nA. Verarbeitung personenbezogener Daten bei Verwendung des Kontaktformulars<\/p>\n<p>&nbsp;<\/p>\n<p>Wenn Sie sich \u00fcber unsere Produkte und Dienstleistungen erkundigen, werden wir mit Ihren Kontaktinformationen arbeiten, die Sie uns vor allem \u00fcber das Anfrageformular zur Verf\u00fcgung stellen. Diese sind: ............................<\/p>\n<p>&nbsp;<\/p>\n<p>Aus welchem Grund?<\/p>\n<p>Wir werden uns \u00fcber sie mit Ihnen in Verbindung setzen, um weitere Vereinbarungen \u00fcber Waren und Dienstleistungen zu treffen.<\/p>\n<p>&nbsp;<\/p>\n<p>Auf welcher Rechtsgrundlage?<\/p>\n<p>Es handelt sich um eine Verarbeitung auf der Grundlage von Artikel 6 Absatz 1 Buchstabe b) DSGVO - Aushandlung eines Vertrags oder Durchf\u00fchrung vorvertraglicher Ma\u00dfnahmen auf Ihren Wunsch.<\/p>\n<p>&nbsp;<\/p>\n<p>Wie lange werden wir personenbezogene Daten verarbeiten?<\/p>\n<p>Wenn keine weitere Zusammenarbeit zustande kommt, werden wir Ihre Daten f\u00fcr maximal 90 Tage nach unserer letzten Mitteilung verarbeiten.<\/p>\n<p>&nbsp;<\/p>\n<p>B. Verarbeitung personenbezogener Daten im Falle eines Kaufs<\/p>\n<p>&nbsp;<\/p>\n<p>Wenn Sie bei uns einen Kauf t\u00e4tigen, arbeiten wir mit den Daten, die Sie f\u00fcr uns ausf\u00fcllen. Es handelt sich haupts\u00e4chlich um Rechnungsdaten: Name, Vorname, Adresse.<\/p>\n<p>&nbsp;<\/p>\n<p>Aus welchem Grund?<\/p>\n<p>Wir m\u00fcssen personenbezogene Daten verarbeiten, um unseren Vertrag zu erf\u00fcllen - um Ihnen unsere Waren oder Dienstleistungen zu liefern. \u00dcber die Kontaktdaten kommunizieren wir auch mit Ihnen \u00fcber den Status Ihrer Bestellung, eventuell \u00fcber Beschwerden oder Ihre Fragen.<\/p>\n<p>Wir werden weiterhin personenbezogene Daten verarbeiten, um unseren gesetzlichen Verpflichtungen nachzukommen (vor allem f\u00fcr buchhalterische und steuerliche Zwecke, m\u00f6glicherweise f\u00fcr die Bearbeitung von Beschwerden und anderes).<\/p>\n<p>&nbsp;<\/p>\n<p>Auf welcher Rechtsgrundlage verarbeiten wir personenbezogene Daten?<\/p>\n<p>Es handelt sich um eine Verarbeitung auf der Grundlage von Artikel 6 Absatz 1 Buchstabe b) GDPR - Vertragserf\u00fcllung und Artikel 6 Absatz 1 Buchstabe c) GDPR - Erf\u00fcllung unserer rechtlichen Verpflichtung.<\/p>\n<p>&nbsp;<\/p>\n<p>Wie lange werden wir personenbezogene Daten verarbeiten?<\/p>\n<p>F\u00fcr die Dauer der Erbringung unserer Dienstleistung und dann ......... ab der letzten Erbringung einer solchen Dienstleistung oder Lieferung von Waren.<\/p>\n<p>&nbsp;<\/p>\n<p>C. Mitteilungsbl\u00e4tter<\/p>\n<p>Wenn Sie ein Kunde sind und sich beim Kauf nicht abgemeldet haben, verwenden wir Ihre E-Mail-Adresse f\u00fcr den Versand unserer Newsletter.<\/p>\n<p>&nbsp;<\/p>\n<p>Auf welcher Rechtsgrundlage?<\/p>\n<p>Dazu sind wir gem\u00e4\u00df \u00a7 7, Absatz 3 des Gesetzes Nr. 480\/2004 Slg. \u00fcber bestimmte Dienste der Informationsgesellschaft berechtigt, wenn Sie uns dies beim Kauf nicht untersagt haben.<\/p>\n<p>&nbsp;<\/p>\n<p>Wie lange werden wir personenbezogene Daten verarbeiten?<\/p>\n<p>2 year\/year since your last purchase. You can unsubscribe from the newsletter at any time by e-mail or contact us at e-mail: info@mainded.com<\/p>\n<p>&nbsp;<\/p>\n<p>&nbsp;<\/p>\n<p>II. Wer hat Zugang zu den Daten?<br \/>\nIhre Daten bleiben bei uns. Dennoch arbeiten einige Unternehmen oder andere Personen f\u00fcr uns und erhalten Zugang zu Daten, weil sie uns beim Betrieb unseres E-Shops helfen. Sie sind:<\/p>\n<p>Unternehmen, die an der Versendung von Waren beteiligt sind (Packeta)<br \/>\nUnternehmen, die an der Weiterleitung von Zahlungen beteiligt sind (FIO BANKA)<br \/>\nAnbieter von E-Mail-Diensten (Ionos)<\/p>\n<p>&nbsp;<\/p>\n<p>&nbsp;<\/p>\n<p>&nbsp;<\/p>\n<p>Wir verarbeiten personenbezogene Daten nur auf dem Gebiet der Europ\u00e4ischen Union.<\/p>\n<p>&nbsp;<\/p>\n<p>III. Was sollten Sie sonst noch wissen?<br \/>\nWir haben\/haben in unserem Unternehmen keinen Datenschutzbeauftragten benannt.<\/p>\n<p>&nbsp;<\/p>\n<p>Unser Unternehmen trifft keine Entscheidungen, die auf einer automatischen Verarbeitung oder einem Profiling beruhen.<\/p>\n<p>&nbsp;<\/p>\n<p>Wenn Sie Fragen zum Thema personenbezogene Daten haben, wenden Sie sich bitte an die folgende E-Mail-Adresse<strong> info@mainded.com<\/strong><\/p>\n<p>&nbsp;<\/p>\n<p>IV. Verwendung von Cookies<br \/>\nCookies sind Textdateien, die eine kleine Menge an Informationen enthalten und auf Ihr Ger\u00e4t heruntergeladen werden, wenn Sie unsere Website besuchen. Cookies werden dann bei jedem weiteren Besuch an die Website oder eine andere Website, die sie wiedererkennt, zur\u00fcckgeschickt.<\/p>\n<p>&nbsp;<\/p>\n<p>Cookies erf\u00fcllen verschiedene Aufgaben, z. B. erm\u00f6glichen sie eine effiziente Navigation zwischen Webseiten, speichern Ihre Pr\u00e4ferenzen und verbessern insgesamt die Benutzerfreundlichkeit. Sie k\u00f6nnen auch sicherstellen, dass die online angezeigte Werbung besser auf Sie und Ihre Interessen zugeschnitten ist.<\/p>\n<p>&nbsp;<\/p>\n<p>Wir verwenden die folgenden Cookies auf der Website:<\/p>\n<p>Notwendige Cookies: Sie sind f\u00fcr den Betrieb der Website erforderlich, z. B. erm\u00f6glichen sie Ihnen, sich in sichere Bereiche der Website einzuloggen und andere grundlegende Funktionen der Website zu nutzen.<\/p>\n<\/header>","protected":false},"excerpt":{"rendered":"<p>We operate an e-shop on the website mainded.comFor the provision of our services, the sale of goods and the operation of our website, we process some personal data. &nbsp; The processing of personal data is regulated in particular by Regulation (EU) 2016\/679 of the European Parliament and of the Council of 27 April 2016 on [&#8230;]","protected":false},"author":1,"featured_media":0,"parent":0,"menu_order":0,"comment_status":"closed","ping_status":"closed","template":"","meta":{"footnotes":""},"class_list":["post-5506","page","type-page","status-publish","hentry"],"_links":{"self":[{"href":"https:\/\/mainded.com\/de\/wp-json\/wp\/v2\/pages\/5506","targetHints":{"allow":["GET"]}}],"collection":[{"href":"https:\/\/mainded.com\/de\/wp-json\/wp\/v2\/pages"}],"about":[{"href":"https:\/\/mainded.com\/de\/wp-json\/wp\/v2\/types\/page"}],"author":[{"embeddable":true,"href":"https:\/\/mainded.com\/de\/wp-json\/wp\/v2\/users\/1"}],"replies":[{"embeddable":true,"href":"https:\/\/mainded.com\/de\/wp-json\/wp\/v2\/comments?post=5506"}],"version-history":[{"count":0,"href":"https:\/\/mainded.com\/de\/wp-json\/wp\/v2\/pages\/5506\/revisions"}],"wp:attachment":[{"href":"https:\/\/mainded.com\/de\/wp-json\/wp\/v2\/media?parent=5506"}],"curies":[{"name":"wp","href":"https:\/\/api.w.org\/{rel}","templated":true}]}}